{"id":1108,"date":"2021-08-19T12:29:04","date_gmt":"2021-08-19T12:29:04","guid":{"rendered":"https:\/\/www.gen-a.es\/?page_id=1108"},"modified":"2021-08-19T12:29:04","modified_gmt":"2021-08-19T12:29:04","slug":"grupo-a-parejas","status":"publish","type":"page","link":"https:\/\/www.gen-a.es\/ca\/grupo-a-parejas\/","title":{"rendered":"GRUPO A PAREJAS"},"content":{"rendered":"<section class=\"l-section wpb_row height_huge color_primary with_img\"><div class=\"l-section-img\" role=\"img\" aria-label=\"Tratamiento alcoholismo Barcelona\" data-img-width=\"1000\" data-img-height=\"667\" style=\"background-image: url(https:\/\/www.gen-a.es\/wp-content\/uploads\/2019\/08\/Best-Online-Masters-in-Educational-Technology.jpg);\"><\/div><div class=\"l-section-overlay\" style=\"background:rgba(10,10,10,0.5)\"><\/div><div class=\"l-section-h i-cf\"><div class=\"g-cols vc_row via_flex valign_top type_default stacking_default\"><div class=\"vc_col-sm-12 wpb_column vc_column_container us_animate_fade\" style=\"animation-delay:0.4s\"><div class=\"vc_column-inner\"><div class=\"wpb_wrapper\"><div class=\"w-separator size_custom\" style=\"height:100px\" id=\"z14b\"><style><\/style><\/div><div class=\"wpb_text_column\"><div class=\"wpb_wrapper\"><h1 style=\"text-align: center;\"><strong>GRUP A PARELLES<\/strong><\/h1>\n<\/div><\/div><div class=\"w-separator size_custom\" style=\"height:100px\" id=\"y583\"><style><\/style><\/div><\/div><\/div><\/div><\/div><\/div><\/section><section class=\"l-section wpb_row height_auto color_primary\"><div class=\"l-section-h i-cf\"><div class=\"g-cols vc_row via_flex valign_top type_default stacking_default\" style=\"--additional-gap:5px;\"><div class=\"vc_col-sm-12 wpb_column vc_column_container\"><div class=\"vc_column-inner\"><div class=\"wpb_wrapper\"><\/div><\/div><\/div><\/div><\/div><\/section><section class=\"l-section wpb_row height_huge\" id=\"1\"><div class=\"l-section-h i-cf\"><div class=\"g-cols vc_row via_flex valign_top type_default stacking_default\"><div class=\"vc_col-sm-12 wpb_column vc_column_container\"><div class=\"vc_column-inner\"><div class=\"wpb_wrapper\"><div class=\"w-separator size_custom\" style=\"height:\" id=\"uff6\"><style>@media(max-width:1024px){ #uff6{height:80px!important}}@media(max-width:600px){ #uff6{height:80px!important}}<\/style><\/div><div class=\"wpb_text_column\"><div class=\"wpb_wrapper\"><p>\u00c9s fonamental poder veure que no est\u00e0s sol@ i que com tu hi ha hagut altres persones que s&#8217;han vist embolicades en relacions sexe-afectives amb alg\u00fa que pateix d&#8217;aquesta malaltia. Comunament costa poder parlar d&#8217;aix\u00f2 sense sentir-se jutgeu@ o sense que creuin les vergonyes o les culpes.<\/p>\n<p>\u00c9s per aix\u00f2 que els grups dirigits a les parelles de nuestr@s usuari@s estan pensats amb una alta regularitat, perqu\u00e8 des de l&#8217;inici del tractament amb@s integrants de la parella puguin anar transitant el cam\u00ed del canvi, podent treballar tot all\u00f2 que resulta disfuncional en la seva relaci\u00f3 de parella.<\/p>\n<\/div><\/div><div class=\"w-separator size_custom\" style=\"height:\" id=\"k2cb\"><style>@media(max-width:1024px){ #k2cb{height:80px!important}}@media(max-width:600px){ #k2cb{height:80px!important}}<\/style><\/div><\/div><\/div><\/div><\/div><\/div><\/section><section class=\"l-section wpb_row height_auto color_primary\"><div class=\"l-section-h i-cf\"><div class=\"g-cols vc_row via_flex valign_top type_default stacking_default\" style=\"--additional-gap:5px;\"><div class=\"vc_col-sm-12 wpb_column vc_column_container\"><div class=\"vc_column-inner\"><div class=\"wpb_wrapper\"><\/div><\/div><\/div><\/div><\/div><\/section><section class=\"l-section wpb_row height_medium color_primary with_img\"><div class=\"l-section-img\" role=\"img\" aria-label=\"Terapia de adicciones Barcelona\" data-img-width=\"1000\" data-img-height=\"580\" style=\"background-image: url(https:\/\/www.gen-a.es\/wp-content\/uploads\/2019\/08\/AdobeStock_192130697.jpeg);\"><\/div><div class=\"l-section-overlay\" style=\"background:rgba(10,10,10,0.45)\"><\/div><div class=\"l-section-h i-cf\"><div class=\"g-cols vc_row via_flex valign_top type_default stacking_default\"><div class=\"vc_col-sm-12 wpb_column vc_column_container us_animate_fade\" style=\"animation-delay:0.2s\"><div class=\"vc_column-inner\"><div class=\"wpb_wrapper\"><div class=\"w-separator size_custom\" style=\"height:\" id=\"p422\"><style>@media(max-width:1024px){ #p422{height:80px!important}}@media(max-width:600px){ #p422{height:80px!important}}<\/style><\/div><div class=\"w-btn-wrapper align_center\"><a class=\"w-btn us-btn-style_1\" title=\"Contacte\" href=\"https:\/\/www.gen-a.es\/ca\/contacte\/\"><span class=\"w-btn-label\">Contacte<\/span><\/a><\/div><div class=\"w-separator size_custom\" style=\"height:\" id=\"n75c\"><style>@media(max-width:1024px){ #n75c{height:80px!important}}@media(max-width:600px){ #n75c{height:80px!important}}<\/style><\/div><\/div><\/div><\/div><\/div><\/div><\/section>\n","protected":false},"excerpt":{"rendered":"GRUP A PARELLES \u00c9s fonamental poder veure que no est\u00e0s sol@ i que com tu hi ha hagut altres persones que s&#8217;han vist embolicades en relacions sexe-afectives amb alg\u00fa que pateix d&#8217;aquesta malaltia. Comunament costa poder parlar d&#8217;aix\u00f2 sense sentir-se jutgeu@ o sense que creuin les vergonyes o les culpes. \u00c9s per aix\u00f2 que els...","protected":false},"author":1,"featured_media":0,"parent":0,"menu_order":0,"comment_status":"closed","ping_status":"closed","template":"","meta":{"_joinchat":[],"footnotes":""},"class_list":["post-1108","page","type-page","status-publish","hentry"],"yoast_head":"<!-- This site is optimized with the Yoast SEO plugin v27.2 - https:\/\/yoast.com\/product\/yoast-seo-wordpress\/ -->\n<title>Coneix a altres persones que han viscut una situaci\u00f3 com la teva.<\/title>\n<meta name=\"description\" content=\"\u00c9s fonamental poder veure que no est\u00e0s sol@ i que com tu hi ha hagut altres persones que s&#039;han vist embolicades en relacions sexe-afectives.\" \/>\n<meta name=\"robots\" content=\"index, follow, max-snippet:-1, max-image-preview:large, max-video-preview:-1\" \/>\n<link rel=\"canonical\" href=\"https:\/\/www.gen-a.es\/ca\/grupo-a-parejas\/\" \/>\n<meta property=\"og:locale\" content=\"ca_ES\" \/>\n<meta property=\"og:type\" content=\"article\" \/>\n<meta property=\"og:title\" content=\"Coneix a altres persones que han viscut una situaci\u00f3 com la teva.\" \/>\n<meta property=\"og:description\" content=\"\u00c9s fonamental poder veure que no est\u00e0s sol@ i que com tu hi ha hagut altres persones que s&#039;han vist embolicades en relacions sexe-afectives.\" \/>\n<meta property=\"og:url\" content=\"https:\/\/www.gen-a.es\/ca\/grupo-a-parejas\/\" \/>\n<meta property=\"og:site_name\" content=\"Gen A\" \/>\n<meta name=\"twitter:card\" content=\"summary_large_image\" \/>\n<meta name=\"twitter:label1\" content=\"Temps estimat de lectura\" \/>\n\t<meta name=\"twitter:data1\" content=\"1 minut\" \/>\n<script type=\"application\/ld+json\" class=\"yoast-schema-graph\">{\"@context\":\"https:\/\/schema.org\",\"@graph\":[{\"@type\":\"WebPage\",\"@id\":\"https:\/\/www.gen-a.es\/ca\/grupo-a-parejas\/\",\"url\":\"https:\/\/www.gen-a.es\/ca\/grupo-a-parejas\/\",\"name\":\"Coneix a altres persones que han viscut una situaci\u00f3 com la teva.\",\"isPartOf\":{\"@id\":\"https:\/\/www.gen-a.es\/ca\/#website\"},\"datePublished\":\"2021-08-19T12:29:04+00:00\",\"description\":\"\u00c9s fonamental poder veure que no est\u00e0s sol@ i que com tu hi ha hagut altres persones que s'han vist embolicades en relacions sexe-afectives.\",\"breadcrumb\":{\"@id\":\"https:\/\/www.gen-a.es\/ca\/grupo-a-parejas\/#breadcrumb\"},\"inLanguage\":\"ca\",\"potentialAction\":[{\"@type\":\"ReadAction\",\"target\":[\"https:\/\/www.gen-a.es\/ca\/grupo-a-parejas\/\"]}]},{\"@type\":\"BreadcrumbList\",\"@id\":\"https:\/\/www.gen-a.es\/ca\/grupo-a-parejas\/#breadcrumb\",\"itemListElement\":[{\"@type\":\"ListItem\",\"position\":1,\"name\":\"Portada\",\"item\":\"https:\/\/www.gen-a.es\/ca\/inicio\/\"},{\"@type\":\"ListItem\",\"position\":2,\"name\":\"GRUPO A PAREJAS\"}]},{\"@type\":\"WebSite\",\"@id\":\"https:\/\/www.gen-a.es\/ca\/#website\",\"url\":\"https:\/\/www.gen-a.es\/ca\/\",\"name\":\"Gen A\",\"description\":\"Centro de Adicciones Barcelona\",\"publisher\":{\"@id\":\"https:\/\/www.gen-a.es\/ca\/#organization\"},\"potentialAction\":[{\"@type\":\"SearchAction\",\"target\":{\"@type\":\"EntryPoint\",\"urlTemplate\":\"https:\/\/www.gen-a.es\/ca\/?s={search_term_string}\"},\"query-input\":{\"@type\":\"PropertyValueSpecification\",\"valueRequired\":true,\"valueName\":\"search_term_string\"}}],\"inLanguage\":\"ca\"},{\"@type\":\"Organization\",\"@id\":\"https:\/\/www.gen-a.es\/ca\/#organization\",\"name\":\"Gen A\",\"url\":\"https:\/\/www.gen-a.es\/ca\/\",\"logo\":{\"@type\":\"ImageObject\",\"inLanguage\":\"ca\",\"@id\":\"https:\/\/www.gen-a.es\/ca\/#\/schema\/logo\/image\/\",\"url\":\"https:\/\/www.gen-a.es\/wp-content\/uploads\/2019\/09\/Isotipo-Gen-A-Color.png\",\"contentUrl\":\"https:\/\/www.gen-a.es\/wp-content\/uploads\/2019\/09\/Isotipo-Gen-A-Color.png\",\"width\":1000,\"height\":714,\"caption\":\"Gen A\"},\"image\":{\"@id\":\"https:\/\/www.gen-a.es\/ca\/#\/schema\/logo\/image\/\"}}]}<\/script>\n<!-- \/ Yoast SEO plugin. -->","yoast_head_json":{"title":"Coneix a altres persones que han viscut una situaci\u00f3 com la teva.","description":"\u00c9s fonamental poder veure que no est\u00e0s sol@ i que com tu hi ha hagut altres persones que s'han vist embolicades en relacions sexe-afectives.","robots":{"index":"index","follow":"follow","max-snippet":"max-snippet:-1","max-image-preview":"max-image-preview:large","max-video-preview":"max-video-preview:-1"},"canonical":"https:\/\/www.gen-a.es\/ca\/grupo-a-parejas\/","og_locale":"ca_ES","og_type":"article","og_title":"Coneix a altres persones que han viscut una situaci\u00f3 com la teva.","og_description":"\u00c9s fonamental poder veure que no est\u00e0s sol@ i que com tu hi ha hagut altres persones que s'han vist embolicades en relacions sexe-afectives.","og_url":"https:\/\/www.gen-a.es\/ca\/grupo-a-parejas\/","og_site_name":"Gen A","twitter_card":"summary_large_image","twitter_misc":{"Temps estimat de lectura":"1 minut"},"schema":{"@context":"https:\/\/schema.org","@graph":[{"@type":"WebPage","@id":"https:\/\/www.gen-a.es\/ca\/grupo-a-parejas\/","url":"https:\/\/www.gen-a.es\/ca\/grupo-a-parejas\/","name":"Coneix a altres persones que han viscut una situaci\u00f3 com la teva.","isPartOf":{"@id":"https:\/\/www.gen-a.es\/ca\/#website"},"datePublished":"2021-08-19T12:29:04+00:00","description":"\u00c9s fonamental poder veure que no est\u00e0s sol@ i que com tu hi ha hagut altres persones que s'han vist embolicades en relacions sexe-afectives.","breadcrumb":{"@id":"https:\/\/www.gen-a.es\/ca\/grupo-a-parejas\/#breadcrumb"},"inLanguage":"ca","potentialAction":[{"@type":"ReadAction","target":["https:\/\/www.gen-a.es\/ca\/grupo-a-parejas\/"]}]},{"@type":"BreadcrumbList","@id":"https:\/\/www.gen-a.es\/ca\/grupo-a-parejas\/#breadcrumb","itemListElement":[{"@type":"ListItem","position":1,"name":"Portada","item":"https:\/\/www.gen-a.es\/ca\/inicio\/"},{"@type":"ListItem","position":2,"name":"GRUPO A PAREJAS"}]},{"@type":"WebSite","@id":"https:\/\/www.gen-a.es\/ca\/#website","url":"https:\/\/www.gen-a.es\/ca\/","name":"Gen A","description":"Centro de Adicciones Barcelona","publisher":{"@id":"https:\/\/www.gen-a.es\/ca\/#organization"},"potentialAction":[{"@type":"SearchAction","target":{"@type":"EntryPoint","urlTemplate":"https:\/\/www.gen-a.es\/ca\/?s={search_term_string}"},"query-input":{"@type":"PropertyValueSpecification","valueRequired":true,"valueName":"search_term_string"}}],"inLanguage":"ca"},{"@type":"Organization","@id":"https:\/\/www.gen-a.es\/ca\/#organization","name":"Gen A","url":"https:\/\/www.gen-a.es\/ca\/","logo":{"@type":"ImageObject","inLanguage":"ca","@id":"https:\/\/www.gen-a.es\/ca\/#\/schema\/logo\/image\/","url":"https:\/\/www.gen-a.es\/wp-content\/uploads\/2019\/09\/Isotipo-Gen-A-Color.png","contentUrl":"https:\/\/www.gen-a.es\/wp-content\/uploads\/2019\/09\/Isotipo-Gen-A-Color.png","width":1000,"height":714,"caption":"Gen A"},"image":{"@id":"https:\/\/www.gen-a.es\/ca\/#\/schema\/logo\/image\/"}}]}},"_links":{"self":[{"href":"https:\/\/www.gen-a.es\/ca\/wp-json\/wp\/v2\/pages\/1108","targetHints":{"allow":["GET"]}}],"collection":[{"href":"https:\/\/www.gen-a.es\/ca\/wp-json\/wp\/v2\/pages"}],"about":[{"href":"https:\/\/www.gen-a.es\/ca\/wp-json\/wp\/v2\/types\/page"}],"author":[{"embeddable":true,"href":"https:\/\/www.gen-a.es\/ca\/wp-json\/wp\/v2\/users\/1"}],"replies":[{"embeddable":true,"href":"https:\/\/www.gen-a.es\/ca\/wp-json\/wp\/v2\/comments?post=1108"}],"version-history":[{"count":0,"href":"https:\/\/www.gen-a.es\/ca\/wp-json\/wp\/v2\/pages\/1108\/revisions"}],"wp:attachment":[{"href":"https:\/\/www.gen-a.es\/ca\/wp-json\/wp\/v2\/media?parent=1108"}],"curies":[{"name":"wp","href":"https:\/\/api.w.org\/{rel}","templated":true}]}}