{"id":1439,"date":"2025-07-13T10:12:10","date_gmt":"2025-07-13T10:12:10","guid":{"rendered":"https:\/\/www.gen-a.es\/centre-terapeutic-badalona\/"},"modified":"2026-03-25T10:48:42","modified_gmt":"2026-03-25T10:48:42","slug":"centre-terapeutic-badalona","status":"publish","type":"page","link":"https:\/\/www.gen-a.es\/ca\/centre-terapeutic-badalona\/","title":{"rendered":"Centre terap\u00e8utic Badalona"},"content":{"rendered":"<section class=\"l-section wpb_row height_huge color_primary with_img\"><div class=\"l-section-img\" role=\"img\" aria-label=\"Terapia de adicciones Barcelona\" data-img-width=\"1000\" data-img-height=\"580\" style=\"background-image: url(https:\/\/www.gen-a.es\/wp-content\/uploads\/2019\/08\/AdobeStock_192130697.jpeg);\"><\/div><div class=\"l-section-overlay\" style=\"background:rgba(10,10,10,0.5)\"><\/div><div class=\"l-section-h i-cf\"><div class=\"g-cols vc_row via_flex valign_top type_default stacking_default\"><div class=\"vc_col-sm-12 wpb_column vc_column_container us_animate_fade\" style=\"animation-delay:0.4s\"><div class=\"vc_column-inner\"><div class=\"wpb_wrapper\"><div class=\"w-separator size_custom\" style=\"height:100px\" id=\"i74e\"><style><\/style><\/div><div class=\"wpb_text_column\"><div class=\"wpb_wrapper\"><h1 style=\"text-align: center;\"><strong>Centre terap\u00e8utic a Badalona<\/strong><\/h1>\n<\/div><\/div><div class=\"w-separator size_custom\" style=\"height:100px\" id=\"nbca\"><style><\/style><\/div><\/div><\/div><\/div><\/div><\/div><\/section><section class=\"l-section wpb_row height_auto color_primary\"><div class=\"l-section-h i-cf\"><div class=\"g-cols vc_row via_flex valign_top type_default stacking_default\" style=\"--additional-gap:5px;\"><div class=\"vc_col-sm-12 wpb_column vc_column_container\"><div class=\"vc_column-inner\"><div class=\"wpb_wrapper\"><\/div><\/div><\/div><\/div><\/div><\/section><section class=\"l-section wpb_row height_huge\" id=\"1\"><div class=\"l-section-h i-cf\"><div class=\"g-cols vc_row via_flex valign_top type_default stacking_default\"><div class=\"vc_col-sm-12 wpb_column vc_column_container\"><div class=\"vc_column-inner\"><div class=\"wpb_wrapper\"><div class=\"w-separator size_custom\" style=\"height:\" id=\"e744\"><style>@media(max-width:1024px){ #e744{height:80px!important}}@media(max-width:600px){ #e744{height:80px!important}}<\/style><\/div><div class=\"wpb_text_column\"><div class=\"wpb_wrapper\"><h1><strong>Centre terap\u00e8utic Badalona<\/strong><\/h1>\n<p>Est\u00e0s buscant un <strong>centre terap\u00e8utic a Badalona<\/strong> on comen\u00e7ar un proc\u00e9s de recuperaci\u00f3? Ja sigui per a tu o per a alg\u00fa proper, a Gen-A volem donar-te la benvinguda i oferir-te el suport que necessites des del primer moment. <\/p>\n<h2><strong>Com triar un centre terap\u00e8utic<\/strong><\/h2>\n<p>Prendre la decisi\u00f3 d&#8217;acudir a un centre especialitzat en <a href=\"https:\/\/www.gen-a.es\/ca\/badalona\/\">ter\u00e0pies d&#8217;addiccions a Badalona<\/a> \u00e9s un pas important i valent. No sempre \u00e9s f\u00e0cil recon\u00e8ixer que cal ajuda, per\u00f2 fer-ho \u00e9s l&#8217;inici del canvi. Un cop es fa aquest pas, el seg\u00fcent \u00e9s triar el centre adequat per emprendre el cam\u00ed cap a la recuperaci\u00f3.  <\/p>\n<p>A ciutats com Badalona, \u200b\u200bon hi ha diverses opcions, pot resultar complicat saber quina \u00e9s la m\u00e9s indicada. Per aix\u00f2, \u00e9s fonamental tenir en compte certs factors clau que t&#8217;ajudin a triar amb seguretat i confian\u00e7a. <\/p>\n<h3><strong>Consells per triar el m\u00e9s adequat<\/strong><\/h3>\n<ul>\n<li><strong>Accessibilitat immediata:<\/strong> el centre ha d&#8217;estar disponible per atendre&#8217;t just quan decideixes iniciar el tractament. La rapidesa en la resposta \u00e9s essencial per comen\u00e7ar sense dilacions. <\/li>\n<li><strong>Equip especialitzat:<\/strong> assegura&#8217;t que el centre compti amb professionals experts en addiccions, tant metges com psicoterapeutes, i amb experi\u00e8ncia demostrada en casos similars al teu.<\/li>\n<li><strong>Tractament personalitzat:<\/strong> cada persona \u00e9s diferent, i per aix\u00f2 el centre ha de fer avaluacions individuals i dissenyar ter\u00e0pies adaptades a cada cas concret, m\u00e9s enll\u00e0 de les sessions grupals.<\/li>\n<li><strong>Metodologia transparent:<\/strong> informa&#8217;t sobre l&#8217;enfocament terap\u00e8utic, el suport cient\u00edfic i el tipus d&#8217;intervenci\u00f3 que s&#8217;hi aplica. La claredat en aquest punt genera tranquil\u00b7litat i confian\u00e7a. <\/li>\n<li><strong>Durada del proc\u00e9s:<\/strong> el tractament ha d&#8217;abordar totes les etapes necess\u00e0ries: desintoxicaci\u00f3, deshabituaci\u00f3, rehabilitaci\u00f3 i reintegraci\u00f3. El temps requerit varia segons cada cas. <\/li>\n<li><strong>Relaci\u00f3 qualitat-preu:<\/strong> encara que el cost pot ser un factor a considerar, el que \u00e9s realment important \u00e9s l&#8217;efic\u00e0cia i el comprom\u00eds del centre amb la teva recuperaci\u00f3.<\/li>\n<li><strong>Participaci\u00f3 de la fam\u00edlia:<\/strong> un bon centre involucra l&#8217;entorn familiar al proc\u00e9s terap\u00e8utic, ja que el seu acompanyament \u00e9s un pilar important en l&#8217;evoluci\u00f3 del pacient.<\/li>\n<\/ul>\n<p>Com <strong>a centre terap\u00e8utic a Badalona<\/strong> , \u200b\u200bcomplim tots aquests requisits i estem preparats per ajudar-te des d&#8217;un enfocament professional i hum\u00e0.<\/p>\n<h3><strong>Quina difer\u00e8ncia hi ha entre el centre d&#8217;ingr\u00e9s i el centre ambulatori?<\/strong><\/h3>\n<p>Un dels dilemes habituals \u00e9s optar per un centre amb r\u00e8gim d&#8217;ingr\u00e9s o per un tractament ambulatori. Totes dues opcions tenen els seus avantatges, per\u00f2 l&#8217;elecci\u00f3 dep\u00e8n del grau d&#8217;addicci\u00f3 i de les circumst\u00e0ncies personals de cada pacient. <\/p>\n<p>El <strong>centre d&#8217;ingr\u00e9s<\/strong> \u00e9s una cl\u00ednica on el pacient roman les 24 hores sota supervisi\u00f3. Disposa d&#8217;allotjament, atenci\u00f3 integral, programes estructurats i activitats terap\u00e8utiques di\u00e0ries, cosa que facilita una immersi\u00f3 total en la recuperaci\u00f3. <\/p>\n<p>El <strong>centre ambulatori<\/strong> , per la seva banda, permet que el pacient acudeixi unes hores al dia o en determinats moments de la setmana per fer la seva ter\u00e0pia. Podeu compaginar el tractament amb la vostra rutina, encara que requereix m\u00e9s comprom\u00eds i entorn favorable. <\/p>\n<p>A Gen-A treballem amb les dues modalitats a Badalona, \u200b\u200bvalorant de manera personalitzada quina \u00e9s l&#8217;opci\u00f3 m\u00e9s efectiva per a cada persona, sempre de la m\u00e0 dels familiars i l&#8217;equip cl\u00ednic.<\/p>\n<h3><strong>El millor centre terap\u00e8utic Badalona<\/strong><\/h3>\n<p>Si has arribat fins aqu\u00ed, probablement ja estiguis preparat per fer el primer pas. Triar el millor centre terap\u00e8utic a Badalona no \u00e9s nom\u00e9s q\u00fcesti\u00f3 d&#8217;instal\u00b7lacions o de prestigi, sin\u00f3 de trobar un lloc on et sentis acompanyat, compr\u00e8s i realment recolzat. <\/p>\n<p>A Gen-A combinem experi\u00e8ncia professional, proximitat i comprom\u00eds per ajudar-te a deixar enrere l&#8217;addicci\u00f3 i recuperar el control sobre la teva vida. Som aqu\u00ed per respondre als teus dubtes, acompanyar-te en el proc\u00e9s i construir junts un nou comen\u00e7ament.<\/p>\n<\/div><\/div><div class=\"w-separator size_custom\" style=\"height:\" id=\"vd7b\"><style>@media(max-width:1024px){ #vd7b{height:80px!important}}@media(max-width:600px){ #vd7b{height:80px!important}}<\/style><\/div><\/div><\/div><\/div><\/div><\/div><\/section><section class=\"l-section wpb_row height_auto color_primary\"><div class=\"l-section-h i-cf\"><div class=\"g-cols vc_row via_flex valign_top type_default stacking_default\" style=\"--additional-gap:5px;\"><div class=\"vc_col-sm-12 wpb_column vc_column_container\"><div class=\"vc_column-inner\"><div class=\"wpb_wrapper\"><\/div><\/div><\/div><\/div><\/div><\/section><section class=\"l-section wpb_row height_medium color_primary with_img\"><div class=\"l-section-img\" role=\"img\" aria-label=\"Terapia de adicciones Barcelona\" data-img-width=\"1000\" data-img-height=\"580\" style=\"background-image: url(https:\/\/www.gen-a.es\/wp-content\/uploads\/2019\/08\/AdobeStock_192130697.jpeg);\"><\/div><div class=\"l-section-overlay\" style=\"background:rgba(10,10,10,0.45)\"><\/div><div class=\"l-section-h i-cf\"><div class=\"g-cols vc_row via_flex valign_top type_default stacking_default\"><div class=\"vc_col-sm-12 wpb_column vc_column_container us_animate_fade\" style=\"animation-delay:0.2s\"><div class=\"vc_column-inner\"><div class=\"wpb_wrapper\"><div class=\"w-separator size_custom\" style=\"height:\" id=\"v9aa\"><style>@media(max-width:1024px){ #v9aa{height:80px!important}}@media(max-width:600px){ #v9aa{height:80px!important}}<\/style><\/div><div class=\"wpb_text_column\"><div class=\"wpb_wrapper\"><div class=\"wpb_text_column \">\n<div class=\"wpb_wrapper\">\n<h5 style=\"text-align: center;\"><strong>Fa el primer pas:<\/strong><\/h5>\n<p style=\"text-align: center;\">Si penses que el que llegeixes t&#8217;identifica a tu oa alg\u00fa del teu entorn, cerca un lloc espec\u00edfic en el tracte de les addiccions. Si vols una primera visita de valoraci\u00f3, no dubtis en posar-te en contacte amb nosaltres, la primera visita \u00e9s gratu\u00efta, t&#8217;assessorarem de totes les opcions terap\u00e8utiques que hi ha per al seu trastorn. <\/p>\n<hr>\n<p style=\"text-align: center;\">Cal molt de valor per recon\u00e8ixer que tens un problema d&#8217;addicci\u00f3 i que necessites ajuda. El fet que ara mateix estiguis llegint aix\u00f2 vol dir que tu tens aquest valor. El nostre equip professional, en qu\u00e8 es troben membres amb experi\u00e8ncies en addiccions, estaran encantats de respondre qualsevol pregunta que et sorgeixi. Estem desitjant poder ajudar-te.   <\/p>\n<\/div>\n<\/div>\n<\/div><\/div><div class=\"w-separator size_custom\" style=\"height:30px\" id=\"td1a\"><style><\/style><\/div><div class=\"w-btn-wrapper align_center\"><a class=\"w-btn us-btn-style_1\" title=\"Contacte\" href=\"https:\/\/www.gen-a.es\/ca\/contacte\/\"><span class=\"w-btn-label\">Contacte<\/span><\/a><\/div><div class=\"w-separator size_custom\" style=\"height:\" id=\"zf9f\"><style>@media(max-width:1024px){ #zf9f{height:80px!important}}@media(max-width:600px){ #zf9f{height:80px!important}}<\/style><\/div><\/div><\/div><\/div><\/div><\/div><\/section>\n","protected":false},"excerpt":{"rendered":"Centre terap\u00e8utic a Badalona Centre terap\u00e8utic Badalona Est\u00e0s buscant un centre terap\u00e8utic a Badalona on comen\u00e7ar un proc\u00e9s de recuperaci\u00f3? Ja sigui per a tu o per a alg\u00fa proper, a Gen-A volem donar-te la benvinguda i oferir-te el suport que necessites des del primer moment. Com triar un centre terap\u00e8utic Prendre la decisi\u00f3 d&#8217;acudir...","protected":false},"author":1,"featured_media":1418,"parent":0,"menu_order":0,"comment_status":"closed","ping_status":"closed","template":"","meta":{"_joinchat":[],"footnotes":""},"class_list":["post-1439","page","type-page","status-publish","has-post-thumbnail","hentry"],"yoast_head":"<!-- This site is optimized with the Yoast SEO plugin v27.2 - https:\/\/yoast.com\/product\/yoast-seo-wordpress\/ -->\n<title>Centre terap\u00e8utic Badalona | Tractament d&#039;addiccions Gen A<\/title>\n<meta name=\"description\" content=\"\u00bf Busques un centre terap\u00e8utic a Badalona? A Gen-A oferim tractaments personalitzats per superar addiccions.\" \/>\n<meta name=\"robots\" content=\"index, follow, max-snippet:-1, max-image-preview:large, max-video-preview:-1\" \/>\n<link rel=\"canonical\" href=\"https:\/\/www.gen-a.es\/ca\/centre-terapeutic-badalona\/\" \/>\n<meta property=\"og:locale\" content=\"ca_ES\" \/>\n<meta property=\"og:type\" content=\"article\" \/>\n<meta property=\"og:title\" content=\"Centre terap\u00e8utic Badalona | Tractament d&#039;addiccions Gen A\" \/>\n<meta property=\"og:description\" content=\"\u00bf Busques un centre terap\u00e8utic a Badalona? A Gen-A oferim tractaments personalitzats per superar addiccions.\" \/>\n<meta property=\"og:url\" content=\"https:\/\/www.gen-a.es\/ca\/centre-terapeutic-badalona\/\" \/>\n<meta property=\"og:site_name\" content=\"Gen A\" \/>\n<meta property=\"article:modified_time\" content=\"2026-03-25T10:48:42+00:00\" \/>\n<meta property=\"og:image\" content=\"https:\/\/www.gen-a.es\/wp-content\/uploads\/2025\/07\/e316798649-1.jpeg\" \/>\n\t<meta property=\"og:image:width\" content=\"1920\" \/>\n\t<meta property=\"og:image:height\" content=\"1280\" \/>\n\t<meta property=\"og:image:type\" content=\"image\/jpeg\" \/>\n<meta name=\"twitter:card\" content=\"summary_large_image\" \/>\n<meta name=\"twitter:label1\" content=\"Temps estimat de lectura\" \/>\n\t<meta name=\"twitter:data1\" content=\"5 minuts\" \/>\n<script type=\"application\/ld+json\" class=\"yoast-schema-graph\">{\"@context\":\"https:\/\/schema.org\",\"@graph\":[{\"@type\":\"WebPage\",\"@id\":\"https:\/\/www.gen-a.es\/ca\/centre-terapeutic-badalona\/\",\"url\":\"https:\/\/www.gen-a.es\/ca\/centre-terapeutic-badalona\/\",\"name\":\"Centre terap\u00e8utic Badalona | Tractament d'addiccions Gen A\",\"isPartOf\":{\"@id\":\"https:\/\/www.gen-a.es\/ca\/#website\"},\"primaryImageOfPage\":{\"@id\":\"https:\/\/www.gen-a.es\/ca\/centre-terapeutic-badalona\/#primaryimage\"},\"image\":{\"@id\":\"https:\/\/www.gen-a.es\/ca\/centre-terapeutic-badalona\/#primaryimage\"},\"thumbnailUrl\":\"https:\/\/www.gen-a.es\/wp-content\/uploads\/2025\/07\/e316798649-1.jpeg\",\"datePublished\":\"2025-07-13T10:12:10+00:00\",\"dateModified\":\"2026-03-25T10:48:42+00:00\",\"description\":\"\u00bf Busques un centre terap\u00e8utic a Badalona? A Gen-A oferim tractaments personalitzats per superar addiccions.\",\"breadcrumb\":{\"@id\":\"https:\/\/www.gen-a.es\/ca\/centre-terapeutic-badalona\/#breadcrumb\"},\"inLanguage\":\"ca\",\"potentialAction\":[{\"@type\":\"ReadAction\",\"target\":[\"https:\/\/www.gen-a.es\/ca\/centre-terapeutic-badalona\/\"]}]},{\"@type\":\"ImageObject\",\"inLanguage\":\"ca\",\"@id\":\"https:\/\/www.gen-a.es\/ca\/centre-terapeutic-badalona\/#primaryimage\",\"url\":\"https:\/\/www.gen-a.es\/wp-content\/uploads\/2025\/07\/e316798649-1.jpeg\",\"contentUrl\":\"https:\/\/www.gen-a.es\/wp-content\/uploads\/2025\/07\/e316798649-1.jpeg\",\"width\":1920,\"height\":1280,\"caption\":\"Centro terap\u00e9utico Badalona\"},{\"@type\":\"BreadcrumbList\",\"@id\":\"https:\/\/www.gen-a.es\/ca\/centre-terapeutic-badalona\/#breadcrumb\",\"itemListElement\":[{\"@type\":\"ListItem\",\"position\":1,\"name\":\"Portada\",\"item\":\"https:\/\/www.gen-a.es\/ca\/inicio\/\"},{\"@type\":\"ListItem\",\"position\":2,\"name\":\"Centre terap\u00e8utic Badalona\"}]},{\"@type\":\"WebSite\",\"@id\":\"https:\/\/www.gen-a.es\/ca\/#website\",\"url\":\"https:\/\/www.gen-a.es\/ca\/\",\"name\":\"Gen A\",\"description\":\"Centro de Adicciones Barcelona\",\"publisher\":{\"@id\":\"https:\/\/www.gen-a.es\/ca\/#organization\"},\"potentialAction\":[{\"@type\":\"SearchAction\",\"target\":{\"@type\":\"EntryPoint\",\"urlTemplate\":\"https:\/\/www.gen-a.es\/ca\/?s={search_term_string}\"},\"query-input\":{\"@type\":\"PropertyValueSpecification\",\"valueRequired\":true,\"valueName\":\"search_term_string\"}}],\"inLanguage\":\"ca\"},{\"@type\":\"Organization\",\"@id\":\"https:\/\/www.gen-a.es\/ca\/#organization\",\"name\":\"Gen A\",\"url\":\"https:\/\/www.gen-a.es\/ca\/\",\"logo\":{\"@type\":\"ImageObject\",\"inLanguage\":\"ca\",\"@id\":\"https:\/\/www.gen-a.es\/ca\/#\/schema\/logo\/image\/\",\"url\":\"https:\/\/www.gen-a.es\/wp-content\/uploads\/2019\/09\/Isotipo-Gen-A-Color.png\",\"contentUrl\":\"https:\/\/www.gen-a.es\/wp-content\/uploads\/2019\/09\/Isotipo-Gen-A-Color.png\",\"width\":1000,\"height\":714,\"caption\":\"Gen A\"},\"image\":{\"@id\":\"https:\/\/www.gen-a.es\/ca\/#\/schema\/logo\/image\/\"}}]}<\/script>\n<!-- \/ Yoast SEO plugin. -->","yoast_head_json":{"title":"Centre terap\u00e8utic Badalona | Tractament d'addiccions Gen A","description":"\u00bf Busques un centre terap\u00e8utic a Badalona? A Gen-A oferim tractaments personalitzats per superar addiccions.","robots":{"index":"index","follow":"follow","max-snippet":"max-snippet:-1","max-image-preview":"max-image-preview:large","max-video-preview":"max-video-preview:-1"},"canonical":"https:\/\/www.gen-a.es\/ca\/centre-terapeutic-badalona\/","og_locale":"ca_ES","og_type":"article","og_title":"Centre terap\u00e8utic Badalona | Tractament d'addiccions Gen A","og_description":"\u00bf Busques un centre terap\u00e8utic a Badalona? A Gen-A oferim tractaments personalitzats per superar addiccions.","og_url":"https:\/\/www.gen-a.es\/ca\/centre-terapeutic-badalona\/","og_site_name":"Gen A","article_modified_time":"2026-03-25T10:48:42+00:00","og_image":[{"width":1920,"height":1280,"url":"https:\/\/www.gen-a.es\/wp-content\/uploads\/2025\/07\/e316798649-1.jpeg","type":"image\/jpeg"}],"twitter_card":"summary_large_image","twitter_misc":{"Temps estimat de lectura":"5 minuts"},"schema":{"@context":"https:\/\/schema.org","@graph":[{"@type":"WebPage","@id":"https:\/\/www.gen-a.es\/ca\/centre-terapeutic-badalona\/","url":"https:\/\/www.gen-a.es\/ca\/centre-terapeutic-badalona\/","name":"Centre terap\u00e8utic Badalona | Tractament d'addiccions Gen A","isPartOf":{"@id":"https:\/\/www.gen-a.es\/ca\/#website"},"primaryImageOfPage":{"@id":"https:\/\/www.gen-a.es\/ca\/centre-terapeutic-badalona\/#primaryimage"},"image":{"@id":"https:\/\/www.gen-a.es\/ca\/centre-terapeutic-badalona\/#primaryimage"},"thumbnailUrl":"https:\/\/www.gen-a.es\/wp-content\/uploads\/2025\/07\/e316798649-1.jpeg","datePublished":"2025-07-13T10:12:10+00:00","dateModified":"2026-03-25T10:48:42+00:00","description":"\u00bf Busques un centre terap\u00e8utic a Badalona? A Gen-A oferim tractaments personalitzats per superar addiccions.","breadcrumb":{"@id":"https:\/\/www.gen-a.es\/ca\/centre-terapeutic-badalona\/#breadcrumb"},"inLanguage":"ca","potentialAction":[{"@type":"ReadAction","target":["https:\/\/www.gen-a.es\/ca\/centre-terapeutic-badalona\/"]}]},{"@type":"ImageObject","inLanguage":"ca","@id":"https:\/\/www.gen-a.es\/ca\/centre-terapeutic-badalona\/#primaryimage","url":"https:\/\/www.gen-a.es\/wp-content\/uploads\/2025\/07\/e316798649-1.jpeg","contentUrl":"https:\/\/www.gen-a.es\/wp-content\/uploads\/2025\/07\/e316798649-1.jpeg","width":1920,"height":1280,"caption":"Centro terap\u00e9utico Badalona"},{"@type":"BreadcrumbList","@id":"https:\/\/www.gen-a.es\/ca\/centre-terapeutic-badalona\/#breadcrumb","itemListElement":[{"@type":"ListItem","position":1,"name":"Portada","item":"https:\/\/www.gen-a.es\/ca\/inicio\/"},{"@type":"ListItem","position":2,"name":"Centre terap\u00e8utic Badalona"}]},{"@type":"WebSite","@id":"https:\/\/www.gen-a.es\/ca\/#website","url":"https:\/\/www.gen-a.es\/ca\/","name":"Gen A","description":"Centro de Adicciones Barcelona","publisher":{"@id":"https:\/\/www.gen-a.es\/ca\/#organization"},"potentialAction":[{"@type":"SearchAction","target":{"@type":"EntryPoint","urlTemplate":"https:\/\/www.gen-a.es\/ca\/?s={search_term_string}"},"query-input":{"@type":"PropertyValueSpecification","valueRequired":true,"valueName":"search_term_string"}}],"inLanguage":"ca"},{"@type":"Organization","@id":"https:\/\/www.gen-a.es\/ca\/#organization","name":"Gen A","url":"https:\/\/www.gen-a.es\/ca\/","logo":{"@type":"ImageObject","inLanguage":"ca","@id":"https:\/\/www.gen-a.es\/ca\/#\/schema\/logo\/image\/","url":"https:\/\/www.gen-a.es\/wp-content\/uploads\/2019\/09\/Isotipo-Gen-A-Color.png","contentUrl":"https:\/\/www.gen-a.es\/wp-content\/uploads\/2019\/09\/Isotipo-Gen-A-Color.png","width":1000,"height":714,"caption":"Gen A"},"image":{"@id":"https:\/\/www.gen-a.es\/ca\/#\/schema\/logo\/image\/"}}]}},"_links":{"self":[{"href":"https:\/\/www.gen-a.es\/ca\/wp-json\/wp\/v2\/pages\/1439","targetHints":{"allow":["GET"]}}],"collection":[{"href":"https:\/\/www.gen-a.es\/ca\/wp-json\/wp\/v2\/pages"}],"about":[{"href":"https:\/\/www.gen-a.es\/ca\/wp-json\/wp\/v2\/types\/page"}],"author":[{"embeddable":true,"href":"https:\/\/www.gen-a.es\/ca\/wp-json\/wp\/v2\/users\/1"}],"replies":[{"embeddable":true,"href":"https:\/\/www.gen-a.es\/ca\/wp-json\/wp\/v2\/comments?post=1439"}],"version-history":[{"count":4,"href":"https:\/\/www.gen-a.es\/ca\/wp-json\/wp\/v2\/pages\/1439\/revisions"}],"predecessor-version":[{"id":1594,"href":"https:\/\/www.gen-a.es\/ca\/wp-json\/wp\/v2\/pages\/1439\/revisions\/1594"}],"wp:featuredmedia":[{"embeddable":true,"href":"https:\/\/www.gen-a.es\/ca\/wp-json\/wp\/v2\/media\/1418"}],"wp:attachment":[{"href":"https:\/\/www.gen-a.es\/ca\/wp-json\/wp\/v2\/media?parent=1439"}],"curies":[{"name":"wp","href":"https:\/\/api.w.org\/{rel}","templated":true}]}}