{"id":1470,"date":"2025-07-13T10:20:53","date_gmt":"2025-07-13T10:20:53","guid":{"rendered":"https:\/\/www.gen-a.es\/terapies-en-linia\/"},"modified":"2025-07-13T10:23:18","modified_gmt":"2025-07-13T10:23:18","slug":"terapies-online","status":"publish","type":"page","link":"https:\/\/www.gen-a.es\/ca\/terapies-online\/","title":{"rendered":"Ter\u00e0pies Online"},"content":{"rendered":"<section class=\"l-section wpb_row height_huge color_primary with_img\"><div class=\"l-section-img\" role=\"img\" aria-label=\"Terapias online\" data-img-width=\"800\" data-img-height=\"533\" style=\"background-image: url(https:\/\/www.gen-a.es\/wp-content\/uploads\/2020\/04\/terapia-online.jpg);\"><\/div><div class=\"l-section-overlay\" style=\"background:rgba(10,10,10,0.5)\"><\/div><div class=\"l-section-h i-cf\"><div class=\"g-cols vc_row via_flex valign_top type_default stacking_default\"><div class=\"vc_col-sm-12 wpb_column vc_column_container us_animate_fade\" style=\"animation-delay:0.4s\"><div class=\"vc_column-inner\"><div class=\"wpb_wrapper\"><div class=\"w-separator size_custom\" style=\"height:100px\" id=\"e4f0\"><style><\/style><\/div><div class=\"wpb_text_column\"><div class=\"wpb_wrapper\"><h1 style=\"text-align: center;\"><strong>Ter\u00e0pies Online<br \/>\n<\/strong><\/h1>\n<\/div><\/div><div class=\"w-separator size_custom\" style=\"height:100px\" id=\"c94a\"><style><\/style><\/div><\/div><\/div><\/div><\/div><\/div><\/section><section class=\"l-section wpb_row height_auto color_primary\"><div class=\"l-section-h i-cf\"><div class=\"g-cols vc_row via_flex valign_top type_default stacking_default\" style=\"--additional-gap:5px;\"><div class=\"vc_col-sm-12 wpb_column vc_column_container\"><div class=\"vc_column-inner\"><div class=\"wpb_wrapper\"><\/div><\/div><\/div><\/div><\/div><\/section><section class=\"l-section wpb_row height_huge\" id=\"1\"><div class=\"l-section-h i-cf\"><div class=\"g-cols vc_row via_flex valign_top type_default stacking_default\"><div class=\"vc_col-sm-12 wpb_column vc_column_container\"><div class=\"vc_column-inner\"><div class=\"wpb_wrapper\"><div class=\"w-separator size_custom\" style=\"height:\" id=\"o491\"><style>@media(max-width:1024px){ #o491{height:80px!important}}@media(max-width:600px){ #o491{height:80px!important}}<\/style><\/div><div class=\"wpb_text_column\"><div class=\"wpb_wrapper\"><p><span style=\"font-weight: 400;\">Per tal de tractar les addiccions, hi ha ter\u00e0pies<\/span> <b>online<\/b><span style=\"font-weight: 400;\">. \u00c9s una modalitat que permet arribar a totes aquelles persones que es troben en aquesta situaci\u00f3. Des <a href=\"https:\/\/www.gen-a.es\/ca\/\"><strong>de Gen-A<\/strong><\/a> , no nom\u00e9s ho oferim, sin\u00f3 que t&#8217;expliquem tota la informaci\u00f3 sobre el proc\u00e9s i per qu\u00e8 n&#8217;hauries d&#8217;informar. <\/span><\/p>\n<h2><strong>Ter\u00e0pies online d&#8217;addiccions<\/strong><\/h2>\n<p><span style=\"font-weight: 400;\">Les<\/span> <b>ter\u00e0pies Online<\/b><span style=\"font-weight: 400;\"> s\u00f3n cada cop m\u00e9s populars. Estan especialment a l&#8217;ordre del dia i s\u00f3n una via d&#8217;escapament per a les persones addictes, independentment de l&#8217;addicci\u00f3 que se&#8217;n tingui. <\/span><\/p>\n<p><span style=\"font-weight: 400;\">El<\/span> <b>joc, les apostes, l&#8217;alcohol, les drogues, el tabac<\/b><span style=\"font-weight: 400;\">, etc. S\u00f3n molts els vicis que portats al l\u00edmit poden acabar en una addicci\u00f3 que ens canvi\u00ef completament la vida i que ens faci perdre el control. <\/span><\/p>\n<p><span style=\"font-weight: 400;\">\u00c9s per aix\u00f2 que si et trobes en aquesta situaci\u00f3, has de saber que no est\u00e0s sol. En qualsevol moment pots demanar ajuda i contactar amb professionals que t&#8217;ajudaran a sortir del pou on et trobes. <\/span><\/p>\n<h3><strong>Com \u00e9s una ter\u00e0pia Online?<\/strong><\/h3>\n<p><span style=\"font-weight: 400;\">Abans de res, has de saber que no totes les<\/span> <b>ter\u00e0pies Online<\/b> <span style=\"font-weight: 400;\">s\u00f3n iguals. El servei com a tal \u00e9s un tractament en qu\u00e8 es persegueix la fi d&#8217;una addicci\u00f3 perqu\u00e8 la persona addicta recuperi la seva vida i deixi enrere aquest problema que li impedeix portar una vida normal. <\/span><\/p>\n<p><span style=\"font-weight: 400;\">\u00c9s una<\/span> <b>versi\u00f3 a dist\u00e0ncia de la psicoter\u00e0pia<\/b><span style=\"font-weight: 400;\"> a trav\u00e9s dels recursos dInternet. Una nova modalitat dintervenci\u00f3 psicol\u00f2gica que permet aprofitar les diferents eines digitals per ampliar les seves capacitats i oferir un servei m\u00e9s flexible, de manera que arribi a m\u00e9s persones. <\/span><\/p>\n<p><span style=\"font-weight: 400;\">\u00c9s clar que, hi ha tipus de ter\u00e0pia que s\u00f3n m\u00e9s flexibles que altres. Per exemple, en el cas de les <\/span><b> ter\u00e0pies cognitivoconductuals<\/b><span style=\"font-weight: 400;\"> tenen com a objectiu canviar la conducta del pacient mitjan\u00e7ant la racionalitzaci\u00f3 dels problemes. Per tant, es pot realitzar de la mateixa manera com es faria f\u00edsicament. <\/span><\/p>\n<p><span style=\"font-weight: 400;\">Tamb\u00e9 hi ha la<\/span> <b>psicoan\u00e0lisi<\/b><span style=\"font-weight: 400;\">, que \u00e9s m\u00e9s exigent que el tipus anterior. En aquesta ter\u00e0pia es creen unes condicions base estables per facilitar el proc\u00e9s de canvi. Per tant, l&#8217;enquadrament \u00e9s m\u00e9s limitat Online. <\/span><\/p>\n<p><span style=\"font-weight: 400;\">Tot i aix\u00f2, la tecnologia ha crescut tant que per mitj\u00e0 de les c\u00e0meres web ja es pot fer un control i seguiment total del pacient, en veure l&#8217;expressi\u00f3 del seu rostre, com mou les mans, etc.<\/span><\/p>\n<p><span style=\"font-weight: 400;\">A m\u00e9s, qualsevol sense gaireb\u00e9 coneixements pot accedir a aquestes tecnologies per deixar enrere qualsevol addicci\u00f3. S\u00f3n eines f\u00e0cils dusar i es requereix dun nivell b\u00e0sic. <\/span><\/p>\n<p><span style=\"font-weight: 400;\">Per tant, les<\/span> <b>ter\u00e0pies Online<\/b><span style=\"font-weight: 400;\"> s\u00f3n una manera de portar les ter\u00e0pies f\u00edsiques a Internet en la mesura que sigui possible. Una manera d&#8217;arribar a tothom perqu\u00e8 qualsevol persona amb una addicci\u00f3 pugui superar-lo tamb\u00e9 per aquesta via. En coneixes els avantatges? <\/span><\/p>\n<h3><strong>Avantatges<\/strong><\/h3>\n<p><span style=\"font-weight: 400;\">Aquesta via presenta nombrosos avantatges, aquests s\u00f3n alguns:<\/span><\/p>\n<ul>\n<li style=\"font-weight: 400;\"><b>Preservar m\u00e9s l&#8217;anonimat<\/b><span style=\"font-weight: 400;\">: \u00e9s una manera m\u00e9s discreta de rebre ter\u00e0pia, ja que no haur\u00e0s d&#8217;acudir f\u00edsicament al lloc, sin\u00f3 fer-ho tot des de l&#8217;ordinador. Aix\u00f2 far\u00e0 que les persones que tenen una addicci\u00f3 i que no volen ser reconegudes en p\u00fablic s&#8217;ho pensin i ho intentin. <\/span><\/li>\n<li style=\"font-weight: 400;\"><b>Estalvi de temps<\/b><span style=\"font-weight: 400;\">: en realitzar ter\u00e0pies online s&#8217;estalvien els despla\u00e7aments, per la qual cosa nom\u00e9s n&#8217;hi ha prou amb utilitzar l&#8217;ordinador i una connexi\u00f3 a Internet per estar en el moment de la cita. \u00c9s accessible per a les persones ocupades o que amb prou feines tenen temps per\u00f2 que necessiten deixar una addicci\u00f3. <\/span><\/li>\n<li style=\"font-weight: 400;\"><b>Des de qualsevol lloc<\/b><span style=\"font-weight: 400;\">: un altre avantatge \u00e9s que pots accedir a les ter\u00e0pies Online des de qualsevol lloc, sense limitacions quant a geografia. \u00c9s a dir, \u00e9s una manera que qualsevol persona ja sigui d&#8217;un llogaret, un petit poble o de la ciutat pugui accedir al mateix servei. <\/span><\/li>\n<li style=\"font-weight: 400;\"><b>Tranquil\u00b7litat i seguretat<\/b><span style=\"font-weight: 400;\">: les ter\u00e0pies online et proporcionen una major protecci\u00f3, at\u00e8s que estar\u00e0s al teu espai, a casa teva oa la d&#8217;un familiar, realitzant tot el proc\u00e9s sense haver d&#8217;anar f\u00edsicament a cap altre lloc D\u00f3na m\u00e9s seguretat i pot ser realment bo. <\/span><\/li>\n<\/ul>\n<p><span style=\"font-weight: 400;\">S\u00f3n molts els avantatges d&#8217;optar per les<\/span> <b>ter\u00e0pies Online<\/b><span style=\"font-weight: 400;\">. Realment, \u00e9s una bona not\u00edcia que existeixin perqu\u00e8 les persones que tenen qualsevol tipus d&#8217;addicci\u00f3 puguin decidir o no optar per aquesta via o per la convencional.<\/span><\/p>\n<p><span style=\"font-weight: 400;\">Com m\u00e9s opcions hi hagi, millor. S\u00f3n m\u00e9s facilitats i comoditats per als pacients, perqu\u00e8 tinguin m\u00e9s vies per sortir de l&#8217;estat on es troben. <\/span><\/p>\n<p><span style=\"font-weight: 400;\">Per tant, ara que coneixes les bondats d&#8217;aquesta no tan nova modalitat, no dubtis a considerar-les tant per a tu com per a un \u00e9sser estimat.<\/span><\/p>\n<p><span style=\"font-weight: 400;\">Qu\u00e8 et sembla si parlem? Descobreix com les<\/span> <b>ter\u00e0pies Online<\/b> <span style=\"font-weight: 400;\">poden canviar la teva vida, al teu ritme i al teu costat en tot moment perqu\u00e8 aconsegueixis sortir.<\/span><\/p>\n<\/div><\/div><div class=\"w-separator size_custom\" style=\"height:\" id=\"tc39\"><style>@media(max-width:1024px){ #tc39{height:80px!important}}@media(max-width:600px){ #tc39{height:80px!important}}<\/style><\/div><\/div><\/div><\/div><\/div><\/div><\/section><section class=\"l-section wpb_row height_auto color_primary\"><div class=\"l-section-h i-cf\"><div class=\"g-cols vc_row via_flex valign_top type_default stacking_default\" style=\"--additional-gap:5px;\"><div class=\"vc_col-sm-12 wpb_column vc_column_container\"><div class=\"vc_column-inner\"><div class=\"wpb_wrapper\"><\/div><\/div><\/div><\/div><\/div><\/section><section class=\"l-section wpb_row height_medium color_primary with_img\"><div class=\"l-section-img\" role=\"img\" aria-label=\"Terapia de adicciones Barcelona\" data-img-width=\"1000\" data-img-height=\"580\" style=\"background-image: url(https:\/\/www.gen-a.es\/wp-content\/uploads\/2019\/08\/AdobeStock_192130697.jpeg);\"><\/div><div class=\"l-section-overlay\" style=\"background:rgba(10,10,10,0.45)\"><\/div><div class=\"l-section-h i-cf\"><div class=\"g-cols vc_row via_flex valign_top type_default stacking_default\"><div class=\"vc_col-sm-12 wpb_column vc_column_container us_animate_fade\" style=\"animation-delay:0.2s\"><div class=\"vc_column-inner\"><div class=\"wpb_wrapper\"><div class=\"w-separator size_custom\" style=\"height:\" id=\"w974\"><style>@media(max-width:1024px){ #w974{height:80px!important}}@media(max-width:600px){ #w974{height:80px!important}}<\/style><\/div><div class=\"wpb_text_column\"><div class=\"wpb_wrapper\"><div class=\"wpb_text_column \">\n<div class=\"wpb_wrapper\">\n<h5 style=\"text-align: center;\"><strong>Fa el primer pas:<\/strong><\/h5>\n<p style=\"text-align: center;\">Si penses que el que llegeixes t&#8217;identifica a tu oa alg\u00fa del teu entorn, cerca un lloc espec\u00edfic en el tracte de les addiccions. Si vols una primera visita de valoraci\u00f3, no dubtis en posar-te en contacte amb nosaltres, la primera visita \u00e9s gratu\u00efta, t&#8217;assessorarem de totes les opcions terap\u00e8utiques que hi ha per al seu trastorn.<\/p>\n<hr \/>\n<p style=\"text-align: center;\">Cal molt de valor per recon\u00e8ixer que tens un problema d&#8217;addicci\u00f3 i que necessites ajuda. El fet que ara mateix estiguis llegint aix\u00f2 vol dir que tu tens aquest valor. El nostre equip professional, en qu\u00e8 es troben membres amb experi\u00e8ncies en addiccions, estaran encantats de respondre qualsevol pregunta que et sorgeixi. Estem desitjant poder ajudar-te.<\/p>\n<\/div>\n<\/div>\n<\/div><\/div><div class=\"w-separator size_custom\" style=\"height:30px\" id=\"od06\"><style><\/style><\/div><div class=\"w-btn-wrapper align_center\"><a class=\"w-btn us-btn-style_1\" title=\"Contacte\" href=\"https:\/\/www.gen-a.es\/ca\/contacte\/\"><span class=\"w-btn-label\">Contacte<\/span><\/a><\/div><div class=\"w-separator size_custom\" style=\"height:\" id=\"bf76\"><style>@media(max-width:1024px){ #bf76{height:80px!important}}@media(max-width:600px){ #bf76{height:80px!important}}<\/style><\/div><\/div><\/div><\/div><\/div><\/div><\/section>\n","protected":false},"excerpt":{"rendered":"Ter\u00e0pies Online Per tal de tractar les addiccions, hi ha ter\u00e0pies online. \u00c9s una modalitat que permet arribar a totes aquelles persones que es troben en aquesta situaci\u00f3. Des de Gen-A , no nom\u00e9s ho oferim, sin\u00f3 que t&#8217;expliquem tota la informaci\u00f3 sobre el proc\u00e9s i per qu\u00e8 n&#8217;hauries d&#8217;informar. Ter\u00e0pies online d&#8217;addiccions Les ter\u00e0pies...","protected":false},"author":2,"featured_media":731,"parent":0,"menu_order":0,"comment_status":"closed","ping_status":"closed","template":"","meta":{"_joinchat":[],"footnotes":""},"class_list":["post-1470","page","type-page","status-publish","has-post-thumbnail","hentry"],"yoast_head":"<!-- This site is optimized with the Yoast SEO plugin v27.2 - https:\/\/yoast.com\/product\/yoast-seo-wordpress\/ -->\n<title>Ter\u00e0pies Online, descobreix el nostre servei d&#039;ajuda a dist\u00e0ncia.<\/title>\n<meta name=\"description\" content=\"Qu\u00e8 et sembla si parlem? Descobreix com les ter\u00e0pies Online poden canviar la teva vida, al teu ritme i al teu costat en tot moment.\" \/>\n<meta name=\"robots\" content=\"index, follow, max-snippet:-1, max-image-preview:large, max-video-preview:-1\" \/>\n<link rel=\"canonical\" href=\"https:\/\/www.gen-a.es\/ca\/terapies-online\/\" \/>\n<meta property=\"og:locale\" content=\"ca_ES\" \/>\n<meta property=\"og:type\" content=\"article\" \/>\n<meta property=\"og:title\" content=\"Ter\u00e0pies Online, descobreix el nostre servei d&#039;ajuda a dist\u00e0ncia.\" \/>\n<meta property=\"og:description\" content=\"Qu\u00e8 et sembla si parlem? Descobreix com les ter\u00e0pies Online poden canviar la teva vida, al teu ritme i al teu costat en tot moment.\" \/>\n<meta property=\"og:url\" content=\"https:\/\/www.gen-a.es\/ca\/terapies-online\/\" \/>\n<meta property=\"og:site_name\" content=\"Gen A\" \/>\n<meta property=\"article:modified_time\" content=\"2025-07-13T10:23:18+00:00\" \/>\n<meta property=\"og:image\" content=\"https:\/\/www.gen-a.es\/wp-content\/uploads\/2020\/04\/terapia-online.jpg\" \/>\n\t<meta property=\"og:image:width\" content=\"800\" \/>\n\t<meta property=\"og:image:height\" content=\"533\" \/>\n\t<meta property=\"og:image:type\" content=\"image\/jpeg\" \/>\n<meta name=\"twitter:card\" content=\"summary_large_image\" \/>\n<meta name=\"twitter:label1\" content=\"Temps estimat de lectura\" \/>\n\t<meta name=\"twitter:data1\" content=\"5 minuts\" \/>\n<script type=\"application\/ld+json\" class=\"yoast-schema-graph\">{\"@context\":\"https:\/\/schema.org\",\"@graph\":[{\"@type\":\"WebPage\",\"@id\":\"https:\/\/www.gen-a.es\/ca\/terapies-online\/\",\"url\":\"https:\/\/www.gen-a.es\/ca\/terapies-online\/\",\"name\":\"Ter\u00e0pies Online, descobreix el nostre servei d'ajuda a dist\u00e0ncia.\",\"isPartOf\":{\"@id\":\"https:\/\/www.gen-a.es\/ca\/#website\"},\"primaryImageOfPage\":{\"@id\":\"https:\/\/www.gen-a.es\/ca\/terapies-online\/#primaryimage\"},\"image\":{\"@id\":\"https:\/\/www.gen-a.es\/ca\/terapies-online\/#primaryimage\"},\"thumbnailUrl\":\"https:\/\/www.gen-a.es\/wp-content\/uploads\/2020\/04\/terapia-online.jpg\",\"datePublished\":\"2025-07-13T10:20:53+00:00\",\"dateModified\":\"2025-07-13T10:23:18+00:00\",\"description\":\"Qu\u00e8 et sembla si parlem? Descobreix com les ter\u00e0pies Online poden canviar la teva vida, al teu ritme i al teu costat en tot moment.\",\"breadcrumb\":{\"@id\":\"https:\/\/www.gen-a.es\/ca\/terapies-online\/#breadcrumb\"},\"inLanguage\":\"ca\",\"potentialAction\":[{\"@type\":\"ReadAction\",\"target\":[\"https:\/\/www.gen-a.es\/ca\/terapies-online\/\"]}]},{\"@type\":\"ImageObject\",\"inLanguage\":\"ca\",\"@id\":\"https:\/\/www.gen-a.es\/ca\/terapies-online\/#primaryimage\",\"url\":\"https:\/\/www.gen-a.es\/wp-content\/uploads\/2020\/04\/terapia-online.jpg\",\"contentUrl\":\"https:\/\/www.gen-a.es\/wp-content\/uploads\/2020\/04\/terapia-online.jpg\",\"width\":800,\"height\":533,\"caption\":\"Terapias online\"},{\"@type\":\"BreadcrumbList\",\"@id\":\"https:\/\/www.gen-a.es\/ca\/terapies-online\/#breadcrumb\",\"itemListElement\":[{\"@type\":\"ListItem\",\"position\":1,\"name\":\"Portada\",\"item\":\"https:\/\/www.gen-a.es\/ca\/inicio\/\"},{\"@type\":\"ListItem\",\"position\":2,\"name\":\"Ter\u00e0pies Online\"}]},{\"@type\":\"WebSite\",\"@id\":\"https:\/\/www.gen-a.es\/ca\/#website\",\"url\":\"https:\/\/www.gen-a.es\/ca\/\",\"name\":\"Gen A\",\"description\":\"Centro de Adicciones Barcelona\",\"publisher\":{\"@id\":\"https:\/\/www.gen-a.es\/ca\/#organization\"},\"potentialAction\":[{\"@type\":\"SearchAction\",\"target\":{\"@type\":\"EntryPoint\",\"urlTemplate\":\"https:\/\/www.gen-a.es\/ca\/?s={search_term_string}\"},\"query-input\":{\"@type\":\"PropertyValueSpecification\",\"valueRequired\":true,\"valueName\":\"search_term_string\"}}],\"inLanguage\":\"ca\"},{\"@type\":\"Organization\",\"@id\":\"https:\/\/www.gen-a.es\/ca\/#organization\",\"name\":\"Gen A\",\"url\":\"https:\/\/www.gen-a.es\/ca\/\",\"logo\":{\"@type\":\"ImageObject\",\"inLanguage\":\"ca\",\"@id\":\"https:\/\/www.gen-a.es\/ca\/#\/schema\/logo\/image\/\",\"url\":\"https:\/\/www.gen-a.es\/wp-content\/uploads\/2019\/09\/Isotipo-Gen-A-Color.png\",\"contentUrl\":\"https:\/\/www.gen-a.es\/wp-content\/uploads\/2019\/09\/Isotipo-Gen-A-Color.png\",\"width\":1000,\"height\":714,\"caption\":\"Gen A\"},\"image\":{\"@id\":\"https:\/\/www.gen-a.es\/ca\/#\/schema\/logo\/image\/\"}}]}<\/script>\n<!-- \/ Yoast SEO plugin. -->","yoast_head_json":{"title":"Ter\u00e0pies Online, descobreix el nostre servei d'ajuda a dist\u00e0ncia.","description":"Qu\u00e8 et sembla si parlem? Descobreix com les ter\u00e0pies Online poden canviar la teva vida, al teu ritme i al teu costat en tot moment.","robots":{"index":"index","follow":"follow","max-snippet":"max-snippet:-1","max-image-preview":"max-image-preview:large","max-video-preview":"max-video-preview:-1"},"canonical":"https:\/\/www.gen-a.es\/ca\/terapies-online\/","og_locale":"ca_ES","og_type":"article","og_title":"Ter\u00e0pies Online, descobreix el nostre servei d'ajuda a dist\u00e0ncia.","og_description":"Qu\u00e8 et sembla si parlem? Descobreix com les ter\u00e0pies Online poden canviar la teva vida, al teu ritme i al teu costat en tot moment.","og_url":"https:\/\/www.gen-a.es\/ca\/terapies-online\/","og_site_name":"Gen A","article_modified_time":"2025-07-13T10:23:18+00:00","og_image":[{"width":800,"height":533,"url":"https:\/\/www.gen-a.es\/wp-content\/uploads\/2020\/04\/terapia-online.jpg","type":"image\/jpeg"}],"twitter_card":"summary_large_image","twitter_misc":{"Temps estimat de lectura":"5 minuts"},"schema":{"@context":"https:\/\/schema.org","@graph":[{"@type":"WebPage","@id":"https:\/\/www.gen-a.es\/ca\/terapies-online\/","url":"https:\/\/www.gen-a.es\/ca\/terapies-online\/","name":"Ter\u00e0pies Online, descobreix el nostre servei d'ajuda a dist\u00e0ncia.","isPartOf":{"@id":"https:\/\/www.gen-a.es\/ca\/#website"},"primaryImageOfPage":{"@id":"https:\/\/www.gen-a.es\/ca\/terapies-online\/#primaryimage"},"image":{"@id":"https:\/\/www.gen-a.es\/ca\/terapies-online\/#primaryimage"},"thumbnailUrl":"https:\/\/www.gen-a.es\/wp-content\/uploads\/2020\/04\/terapia-online.jpg","datePublished":"2025-07-13T10:20:53+00:00","dateModified":"2025-07-13T10:23:18+00:00","description":"Qu\u00e8 et sembla si parlem? Descobreix com les ter\u00e0pies Online poden canviar la teva vida, al teu ritme i al teu costat en tot moment.","breadcrumb":{"@id":"https:\/\/www.gen-a.es\/ca\/terapies-online\/#breadcrumb"},"inLanguage":"ca","potentialAction":[{"@type":"ReadAction","target":["https:\/\/www.gen-a.es\/ca\/terapies-online\/"]}]},{"@type":"ImageObject","inLanguage":"ca","@id":"https:\/\/www.gen-a.es\/ca\/terapies-online\/#primaryimage","url":"https:\/\/www.gen-a.es\/wp-content\/uploads\/2020\/04\/terapia-online.jpg","contentUrl":"https:\/\/www.gen-a.es\/wp-content\/uploads\/2020\/04\/terapia-online.jpg","width":800,"height":533,"caption":"Terapias online"},{"@type":"BreadcrumbList","@id":"https:\/\/www.gen-a.es\/ca\/terapies-online\/#breadcrumb","itemListElement":[{"@type":"ListItem","position":1,"name":"Portada","item":"https:\/\/www.gen-a.es\/ca\/inicio\/"},{"@type":"ListItem","position":2,"name":"Ter\u00e0pies Online"}]},{"@type":"WebSite","@id":"https:\/\/www.gen-a.es\/ca\/#website","url":"https:\/\/www.gen-a.es\/ca\/","name":"Gen A","description":"Centro de Adicciones Barcelona","publisher":{"@id":"https:\/\/www.gen-a.es\/ca\/#organization"},"potentialAction":[{"@type":"SearchAction","target":{"@type":"EntryPoint","urlTemplate":"https:\/\/www.gen-a.es\/ca\/?s={search_term_string}"},"query-input":{"@type":"PropertyValueSpecification","valueRequired":true,"valueName":"search_term_string"}}],"inLanguage":"ca"},{"@type":"Organization","@id":"https:\/\/www.gen-a.es\/ca\/#organization","name":"Gen A","url":"https:\/\/www.gen-a.es\/ca\/","logo":{"@type":"ImageObject","inLanguage":"ca","@id":"https:\/\/www.gen-a.es\/ca\/#\/schema\/logo\/image\/","url":"https:\/\/www.gen-a.es\/wp-content\/uploads\/2019\/09\/Isotipo-Gen-A-Color.png","contentUrl":"https:\/\/www.gen-a.es\/wp-content\/uploads\/2019\/09\/Isotipo-Gen-A-Color.png","width":1000,"height":714,"caption":"Gen A"},"image":{"@id":"https:\/\/www.gen-a.es\/ca\/#\/schema\/logo\/image\/"}}]}},"_links":{"self":[{"href":"https:\/\/www.gen-a.es\/ca\/wp-json\/wp\/v2\/pages\/1470","targetHints":{"allow":["GET"]}}],"collection":[{"href":"https:\/\/www.gen-a.es\/ca\/wp-json\/wp\/v2\/pages"}],"about":[{"href":"https:\/\/www.gen-a.es\/ca\/wp-json\/wp\/v2\/types\/page"}],"author":[{"embeddable":true,"href":"https:\/\/www.gen-a.es\/ca\/wp-json\/wp\/v2\/users\/2"}],"replies":[{"embeddable":true,"href":"https:\/\/www.gen-a.es\/ca\/wp-json\/wp\/v2\/comments?post=1470"}],"version-history":[{"count":0,"href":"https:\/\/www.gen-a.es\/ca\/wp-json\/wp\/v2\/pages\/1470\/revisions"}],"wp:featuredmedia":[{"embeddable":true,"href":"https:\/\/www.gen-a.es\/ca\/wp-json\/wp\/v2\/media\/731"}],"wp:attachment":[{"href":"https:\/\/www.gen-a.es\/ca\/wp-json\/wp\/v2\/media?parent=1470"}],"curies":[{"name":"wp","href":"https:\/\/api.w.org\/{rel}","templated":true}]}}