{"id":340,"date":"2019-10-18T07:49:03","date_gmt":"2019-10-18T07:49:03","guid":{"rendered":"https:\/\/www.gen-a.es\/?page_id=340"},"modified":"2021-02-18T11:38:08","modified_gmt":"2021-02-18T11:38:08","slug":"qui-som","status":"publish","type":"page","link":"https:\/\/www.gen-a.es\/ca\/qui-som\/","title":{"rendered":"QUI SOM?"},"content":{"rendered":"<section class=\"l-section wpb_row height_huge color_primary with_img\"><div class=\"l-section-img\" role=\"img\" aria-label=\"Tratamiento alcoholismo Barcelona\" data-img-width=\"1000\" data-img-height=\"667\" style=\"background-image: url(https:\/\/www.gen-a.es\/wp-content\/uploads\/2019\/08\/Best-Online-Masters-in-Educational-Technology.jpg);\"><\/div><div class=\"l-section-overlay\" style=\"background:rgba(10,10,10,0.5)\"><\/div><div class=\"l-section-h i-cf\"><div class=\"g-cols vc_row via_flex valign_top type_default stacking_default\"><div class=\"vc_col-sm-12 wpb_column vc_column_container us_animate_fade\" style=\"animation-delay:0.4s\"><div class=\"vc_column-inner\"><div class=\"wpb_wrapper\"><div class=\"w-separator size_custom\" style=\"height:100px\" id=\"t424\"><style><\/style><\/div><div class=\"g-cols wpb_row via_flex valign_top type_default stacking_default\"><div class=\"vc_col-sm-12 wpb_column vc_column_container\"><div class=\"vc_column-inner\"><div class=\"wpb_wrapper\"><div class=\"wpb_text_column\"><div class=\"wpb_wrapper\"><h1 style=\"text-align: center;\"><strong>QUI SOM?<\/strong><\/h1>\n<\/div><\/div><\/div><\/div><\/div><\/div><div class=\"w-separator size_custom\" style=\"height:40px\" id=\"oc7e\"><style><\/style><\/div>[vc_raw_html]JTNDdmlkZW8lMjBzcmMlM0QlMjJodHRwcyUzQSUyRiUyRnd3dy5nZW4tYS5lcyUyRndwLWNvbnRlbnQlMkZ1cGxvYWRzJTJGMjAyMSUyRjAyJTJGR2VuQS1OYWNpbWllbnRvLUdlbkEubXA0JTIyJTIwYXV0b3BsYXklMjBjb250cm9scyUzRSUzQyUyRnZpZGVvJTNFJTBB[\/vc_raw_html]<div class=\"w-separator size_custom\" style=\"height:100px\" id=\"qd83\"><style><\/style><\/div><\/div><\/div><\/div><\/div><\/div><\/section><section class=\"l-section wpb_row height_auto color_primary\"><div class=\"l-section-h i-cf\"><div class=\"g-cols vc_row via_flex valign_top type_default stacking_default\" style=\"--additional-gap:5px;\"><div class=\"vc_col-sm-12 wpb_column vc_column_container\"><div class=\"vc_column-inner\"><div class=\"wpb_wrapper\"><\/div><\/div><\/div><\/div><\/div><\/section><section class=\"l-section wpb_row height_huge\" id=\"1\"><div class=\"l-section-h i-cf\"><div class=\"g-cols vc_row via_flex valign_top type_default stacking_default\"><div class=\"vc_col-sm-12 wpb_column vc_column_container\"><div class=\"vc_column-inner\"><div class=\"wpb_wrapper\"><div class=\"w-separator size_medium\"><\/div><div class=\"wpb_text_column\"><div class=\"wpb_wrapper\"><p><span style=\"font-weight: 400;\">La <strong>MISSI\u00d3<\/strong> del Centre Terap\u00e8utic GenA \u00e9s promoure i desenvolupar la salut mental i el benestar social de les persones, especialment d\u2019aquelles que corren risc d\u2019exclusi\u00f3 o una situaci\u00f3 particular de vulnerabilitat, i en particular en els \u00e0mbits espec\u00edfics de Depend\u00e8ncia a les drogues i adiccions de caire comportamental.<\/span><\/p>\n<p><span style=\"font-weight: 400;\">La nostra <strong>VISI\u00d3<\/strong> \u00e9s ser un centre de refer\u00e8ncia en la societat, espec\u00edficament en el camp de la salut mental i les adiccions, que es distingeix per la renovaci\u00f3 i innovaci\u00f3 d\u2019un model de tractament altament efica\u00e7 per\u00f2 amb difer\u00e8ncies a l\u2019hora d\u2019incorporar la perspectiva de g\u00e8nere. \u00c9s per aquesta ra\u00f3 que complementem la nostra visi\u00f3 de tractament, metodolog\u00edes i objectius espec\u00edficament orientats a treballar en els aspectes diferencials del g\u00e8nere i en els processos d\u2019adicci\u00f3 i aix\u00ed assolir els objectius d\u2019inclusi\u00f3 i atenci\u00f3 a la diversitat. <\/span><\/p>\n<p><span style=\"font-weight: 400;\">Els <strong>VALORS<\/strong> que guien el cumpliment de la nostra Missi\u00f3 s\u00f3n:\u00a0<\/span><\/p>\n<ul>\n<li style=\"font-weight: 400;\"><span style=\"font-weight: 400;\"><strong>INTEGRITAT<\/strong>: \u00e9s una m\u00e0xima en la nostra entitat, que representa el nostra actiu m\u00e9s valu\u00f3s posat que aquest objectiu \u00e9s la confian\u00e7a que dipositen en nosaltres els nostres destinataris. Aix\u00f2 ens porta a mantenir un comportament honest, transparent i absolutament ver\u00eddic sobre qui som i qu\u00e8 oferim.<br \/>\n<\/span><\/li>\n<li style=\"font-weight: 400;\"><b>\u00a0RESPECTE CAP AL \u00c8SSER HUM\u00c0:<\/b><span style=\"font-weight: 400;\"> el nostre dia a dia est\u00e0 marcat per el reconeixement de la persona com a una entitat \u00fanica, de la qual hem de saber valor quines s\u00f3n les seves necessitats i interessos concrets. Aix\u00f2 ens porta a ser un equip professional altament comprom\u00e8s amb l\u2019acceptaci\u00f3 incondicional dels nostres destinataris i els seus processos de recuperaci\u00f3.<br \/>\n<\/span><\/li>\n<li><b>PROFESIONALITAT, COMPET\u00c8NCIA I TREBALL EN EQUIP<\/b><span style=\"font-weight: 400;\">: els\/les membres de l\u2019equip mantenen alts nivells de comp\u00e8tencia en el seu \u00e0mbit laboral. Amb una actitut professional reconeixen quins s\u00f3n els l\u00edmits de les seves compet\u00e8ncies particulars i la especialitzaci\u00f3, per tant, oferim aquells serveis i utilitzem aquell seguit de t\u00e8cniques per les que estem qualificats, ja sigui a nivell de formaci\u00f3 com d\u2019experi\u00e8ncia. Aix\u00ed doncs i com a marca identificativa dels nostres professionals, la formaci\u00f3 continuada i la actulitzaci\u00f3 constants en el que \u00e9s el nostre \u00e0mbit d\u2019intervenci\u00f3. <\/span><\/li>\n<\/ul>\n<\/div><\/div><div class=\"w-separator size_medium\"><\/div><\/div><\/div><\/div><\/div><\/div><\/section><section class=\"l-section wpb_row height_auto color_primary\"><div class=\"l-section-h i-cf\"><div class=\"g-cols vc_row via_flex valign_top type_default stacking_default\" style=\"--additional-gap:5px;\"><div class=\"vc_col-sm-12 wpb_column vc_column_container\"><div class=\"vc_column-inner\"><div class=\"wpb_wrapper\"><\/div><\/div><\/div><\/div><\/div><\/section><section class=\"l-section wpb_row height_medium color_primary with_img\"><div class=\"l-section-img\" role=\"img\" aria-label=\"Terapia de adicciones Barcelona\" data-img-width=\"1000\" data-img-height=\"580\" style=\"background-image: url(https:\/\/www.gen-a.es\/wp-content\/uploads\/2019\/08\/AdobeStock_192130697.jpeg);\"><\/div><div class=\"l-section-overlay\" style=\"background:rgba(10,10,10,0.45)\"><\/div><div class=\"l-section-h i-cf\"><div class=\"g-cols vc_row via_flex valign_top type_default stacking_default\"><div class=\"vc_col-sm-12 wpb_column vc_column_container us_animate_fade\" style=\"animation-delay:0.2s\"><div class=\"vc_column-inner\"><div class=\"wpb_wrapper\"><div class=\"w-separator size_custom\" style=\"height:\" id=\"o9c4\"><style>@media(max-width:1024px){ #o9c4{height:80px!important}}@media(max-width:600px){ #o9c4{height:80px!important}}<\/style><\/div><div class=\"wpb_text_column\"><div class=\"wpb_wrapper\"><div class=\"wpb_text_column \">\n<div class=\"wpb_wrapper\">\n<h5 style=\"text-align: center;\"><strong><b>Fes el primer pas<\/b>:<\/strong><\/h5>\n<p style=\"text-align: center;\">Si penses que tot el que est\u00e0s legint t\u2019identifica a tu, o a alg\u00fa del teu voltant, busca un lloc especialitzat en el tractament de les adiccions. Si vols una primera visita de valoraci\u00f3, no dubtis en posar-te en contacte amb nosaltres, la primera vissita \u00e9s totalment gratu\u00efta, t\u2019assessorarem de totes les opcions terap\u00e8utiques que existeixen avui en dia pel seu trastorn.<\/p>\n<hr \/>\n<p style=\"text-align: center;\">Cal tenir molt de valor per poder recon\u00e8ixer que tens un problema d\u2019adicci\u00f3 i que necessites ajuda. El fet de que ara mateix estiguis llegint aix\u00f2 significa que tu tens aquest valor. El nostre equip de professionals, en el que s\u2019hi torben membres amb experi\u00e8ncies en la mateixa patolog\u00eda, estaran encantats de respondre a qualsevol pregunta que et pugui surgir. Estem desitjant poder ajudar-te.<\/p>\n<\/div>\n<\/div>\n<\/div><\/div><div class=\"w-separator size_custom\" style=\"height:30px\" id=\"bd20\"><style><\/style><\/div><div class=\"w-btn-wrapper align_center\"><a class=\"w-btn us-btn-style_1\" title=\"Contacte\" href=\"https:\/\/www.gen-a.es\/ca\/contacte\/\"><span class=\"w-btn-label\">Contacte<\/span><\/a><\/div><div class=\"w-separator size_custom\" style=\"height:\" id=\"cf9d\"><style>@media(max-width:1024px){ #cf9d{height:80px!important}}@media(max-width:600px){ #cf9d{height:80px!important}}<\/style><\/div><\/div><\/div><\/div><\/div><\/div><\/section>\n","protected":false},"excerpt":{"rendered":"QUI SOM? [vc_raw_html]JTNDdmlkZW8lMjBzcmMlM0QlMjJodHRwcyUzQSUyRiUyRnd3dy5nZW4tYS5lcyUyRndwLWNvbnRlbnQlMkZ1cGxvYWRzJTJGMjAyMSUyRjAyJTJGR2VuQS1OYWNpbWllbnRvLUdlbkEubXA0JTIyJTIwYXV0b3BsYXklMjBjb250cm9scyUzRSUzQyUyRnZpZGVvJTNFJTBB[\/vc_raw_html]La MISSI\u00d3 del Centre Terap\u00e8utic GenA \u00e9s promoure i desenvolupar la salut mental i el benestar social de les persones, especialment d\u2019aquelles que corren risc d\u2019exclusi\u00f3 o una situaci\u00f3 particular de vulnerabilitat, i en particular en els \u00e0mbits espec\u00edfics de Depend\u00e8ncia a les drogues i adiccions de caire comportamental. La nostra VISI\u00d3 \u00e9s...","protected":false},"author":1,"featured_media":0,"parent":0,"menu_order":0,"comment_status":"closed","ping_status":"closed","template":"","meta":{"_joinchat":[],"footnotes":""},"class_list":["post-340","page","type-page","status-publish","hentry"],"yoast_head":"<!-- This site is optimized with the Yoast SEO plugin v27.2 - https:\/\/yoast.com\/product\/yoast-seo-wordpress\/ -->\n<title>\u00bfQui som? Us expliquem la nostra missi\u00f3 a Gen A<\/title>\n<meta name=\"description\" content=\"La MISSI\u00d3 de el Centre GenA \u00e9s promoure i desenvolupar la salut mental i el benestar de les persones amb depend\u00e8ncia de drogues i addiccions.\" \/>\n<meta name=\"robots\" content=\"index, follow, max-snippet:-1, max-image-preview:large, max-video-preview:-1\" \/>\n<link rel=\"canonical\" href=\"https:\/\/www.gen-a.es\/ca\/qui-som\/\" \/>\n<meta property=\"og:locale\" content=\"ca_ES\" \/>\n<meta property=\"og:type\" content=\"article\" \/>\n<meta property=\"og:title\" content=\"\u00bfQui som? Us expliquem la nostra missi\u00f3 a Gen A\" \/>\n<meta property=\"og:description\" content=\"La MISSI\u00d3 de el Centre GenA \u00e9s promoure i desenvolupar la salut mental i el benestar de les persones amb depend\u00e8ncia de drogues i addiccions.\" \/>\n<meta property=\"og:url\" content=\"https:\/\/www.gen-a.es\/ca\/qui-som\/\" \/>\n<meta property=\"og:site_name\" content=\"Gen A\" \/>\n<meta property=\"article:modified_time\" content=\"2021-02-18T11:38:08+00:00\" \/>\n<meta name=\"twitter:card\" content=\"summary_large_image\" \/>\n<meta name=\"twitter:label1\" content=\"Temps estimat de lectura\" \/>\n\t<meta name=\"twitter:data1\" content=\"3 minuts\" \/>\n<script type=\"application\/ld+json\" class=\"yoast-schema-graph\">{\"@context\":\"https:\/\/schema.org\",\"@graph\":[{\"@type\":\"WebPage\",\"@id\":\"https:\/\/www.gen-a.es\/ca\/qui-som\/\",\"url\":\"https:\/\/www.gen-a.es\/ca\/qui-som\/\",\"name\":\"\u00bfQui som? Us expliquem la nostra missi\u00f3 a Gen A\",\"isPartOf\":{\"@id\":\"https:\/\/www.gen-a.es\/ca\/#website\"},\"datePublished\":\"2019-10-18T07:49:03+00:00\",\"dateModified\":\"2021-02-18T11:38:08+00:00\",\"description\":\"La MISSI\u00d3 de el Centre GenA \u00e9s promoure i desenvolupar la salut mental i el benestar de les persones amb depend\u00e8ncia de drogues i addiccions.\",\"breadcrumb\":{\"@id\":\"https:\/\/www.gen-a.es\/ca\/qui-som\/#breadcrumb\"},\"inLanguage\":\"ca\",\"potentialAction\":[{\"@type\":\"ReadAction\",\"target\":[\"https:\/\/www.gen-a.es\/ca\/qui-som\/\"]}]},{\"@type\":\"BreadcrumbList\",\"@id\":\"https:\/\/www.gen-a.es\/ca\/qui-som\/#breadcrumb\",\"itemListElement\":[{\"@type\":\"ListItem\",\"position\":1,\"name\":\"Portada\",\"item\":\"https:\/\/www.gen-a.es\/ca\/inicio\/\"},{\"@type\":\"ListItem\",\"position\":2,\"name\":\"QUI SOM?\"}]},{\"@type\":\"WebSite\",\"@id\":\"https:\/\/www.gen-a.es\/ca\/#website\",\"url\":\"https:\/\/www.gen-a.es\/ca\/\",\"name\":\"Gen A\",\"description\":\"Centro de Adicciones Barcelona\",\"publisher\":{\"@id\":\"https:\/\/www.gen-a.es\/ca\/#organization\"},\"potentialAction\":[{\"@type\":\"SearchAction\",\"target\":{\"@type\":\"EntryPoint\",\"urlTemplate\":\"https:\/\/www.gen-a.es\/ca\/?s={search_term_string}\"},\"query-input\":{\"@type\":\"PropertyValueSpecification\",\"valueRequired\":true,\"valueName\":\"search_term_string\"}}],\"inLanguage\":\"ca\"},{\"@type\":\"Organization\",\"@id\":\"https:\/\/www.gen-a.es\/ca\/#organization\",\"name\":\"Gen A\",\"url\":\"https:\/\/www.gen-a.es\/ca\/\",\"logo\":{\"@type\":\"ImageObject\",\"inLanguage\":\"ca\",\"@id\":\"https:\/\/www.gen-a.es\/ca\/#\/schema\/logo\/image\/\",\"url\":\"https:\/\/www.gen-a.es\/wp-content\/uploads\/2019\/09\/Isotipo-Gen-A-Color.png\",\"contentUrl\":\"https:\/\/www.gen-a.es\/wp-content\/uploads\/2019\/09\/Isotipo-Gen-A-Color.png\",\"width\":1000,\"height\":714,\"caption\":\"Gen A\"},\"image\":{\"@id\":\"https:\/\/www.gen-a.es\/ca\/#\/schema\/logo\/image\/\"}}]}<\/script>\n<!-- \/ Yoast SEO plugin. -->","yoast_head_json":{"title":"\u00bfQui som? Us expliquem la nostra missi\u00f3 a Gen A","description":"La MISSI\u00d3 de el Centre GenA \u00e9s promoure i desenvolupar la salut mental i el benestar de les persones amb depend\u00e8ncia de drogues i addiccions.","robots":{"index":"index","follow":"follow","max-snippet":"max-snippet:-1","max-image-preview":"max-image-preview:large","max-video-preview":"max-video-preview:-1"},"canonical":"https:\/\/www.gen-a.es\/ca\/qui-som\/","og_locale":"ca_ES","og_type":"article","og_title":"\u00bfQui som? Us expliquem la nostra missi\u00f3 a Gen A","og_description":"La MISSI\u00d3 de el Centre GenA \u00e9s promoure i desenvolupar la salut mental i el benestar de les persones amb depend\u00e8ncia de drogues i addiccions.","og_url":"https:\/\/www.gen-a.es\/ca\/qui-som\/","og_site_name":"Gen A","article_modified_time":"2021-02-18T11:38:08+00:00","twitter_card":"summary_large_image","twitter_misc":{"Temps estimat de lectura":"3 minuts"},"schema":{"@context":"https:\/\/schema.org","@graph":[{"@type":"WebPage","@id":"https:\/\/www.gen-a.es\/ca\/qui-som\/","url":"https:\/\/www.gen-a.es\/ca\/qui-som\/","name":"\u00bfQui som? Us expliquem la nostra missi\u00f3 a Gen A","isPartOf":{"@id":"https:\/\/www.gen-a.es\/ca\/#website"},"datePublished":"2019-10-18T07:49:03+00:00","dateModified":"2021-02-18T11:38:08+00:00","description":"La MISSI\u00d3 de el Centre GenA \u00e9s promoure i desenvolupar la salut mental i el benestar de les persones amb depend\u00e8ncia de drogues i addiccions.","breadcrumb":{"@id":"https:\/\/www.gen-a.es\/ca\/qui-som\/#breadcrumb"},"inLanguage":"ca","potentialAction":[{"@type":"ReadAction","target":["https:\/\/www.gen-a.es\/ca\/qui-som\/"]}]},{"@type":"BreadcrumbList","@id":"https:\/\/www.gen-a.es\/ca\/qui-som\/#breadcrumb","itemListElement":[{"@type":"ListItem","position":1,"name":"Portada","item":"https:\/\/www.gen-a.es\/ca\/inicio\/"},{"@type":"ListItem","position":2,"name":"QUI SOM?"}]},{"@type":"WebSite","@id":"https:\/\/www.gen-a.es\/ca\/#website","url":"https:\/\/www.gen-a.es\/ca\/","name":"Gen A","description":"Centro de Adicciones Barcelona","publisher":{"@id":"https:\/\/www.gen-a.es\/ca\/#organization"},"potentialAction":[{"@type":"SearchAction","target":{"@type":"EntryPoint","urlTemplate":"https:\/\/www.gen-a.es\/ca\/?s={search_term_string}"},"query-input":{"@type":"PropertyValueSpecification","valueRequired":true,"valueName":"search_term_string"}}],"inLanguage":"ca"},{"@type":"Organization","@id":"https:\/\/www.gen-a.es\/ca\/#organization","name":"Gen A","url":"https:\/\/www.gen-a.es\/ca\/","logo":{"@type":"ImageObject","inLanguage":"ca","@id":"https:\/\/www.gen-a.es\/ca\/#\/schema\/logo\/image\/","url":"https:\/\/www.gen-a.es\/wp-content\/uploads\/2019\/09\/Isotipo-Gen-A-Color.png","contentUrl":"https:\/\/www.gen-a.es\/wp-content\/uploads\/2019\/09\/Isotipo-Gen-A-Color.png","width":1000,"height":714,"caption":"Gen A"},"image":{"@id":"https:\/\/www.gen-a.es\/ca\/#\/schema\/logo\/image\/"}}]}},"_links":{"self":[{"href":"https:\/\/www.gen-a.es\/ca\/wp-json\/wp\/v2\/pages\/340","targetHints":{"allow":["GET"]}}],"collection":[{"href":"https:\/\/www.gen-a.es\/ca\/wp-json\/wp\/v2\/pages"}],"about":[{"href":"https:\/\/www.gen-a.es\/ca\/wp-json\/wp\/v2\/types\/page"}],"author":[{"embeddable":true,"href":"https:\/\/www.gen-a.es\/ca\/wp-json\/wp\/v2\/users\/1"}],"replies":[{"embeddable":true,"href":"https:\/\/www.gen-a.es\/ca\/wp-json\/wp\/v2\/comments?post=340"}],"version-history":[{"count":0,"href":"https:\/\/www.gen-a.es\/ca\/wp-json\/wp\/v2\/pages\/340\/revisions"}],"wp:attachment":[{"href":"https:\/\/www.gen-a.es\/ca\/wp-json\/wp\/v2\/media?parent=340"}],"curies":[{"name":"wp","href":"https:\/\/api.w.org\/{rel}","templated":true}]}}