{"id":355,"date":"2019-10-18T10:13:58","date_gmt":"2019-10-18T10:13:58","guid":{"rendered":"https:\/\/www.gen-a.es\/?page_id=355"},"modified":"2021-08-27T09:22:47","modified_gmt":"2021-08-27T09:22:47","slug":"intervencio-inter-personal","status":"publish","type":"page","link":"https:\/\/www.gen-a.es\/ca\/intervencio-inter-personal\/","title":{"rendered":"ALTRES INTERVENCIONS"},"content":{"rendered":"<section class=\"l-section wpb_row height_huge color_primary with_img\"><div class=\"l-section-img\" role=\"img\" aria-label=\"Tratamiento alcoholismo Barcelona\" data-img-width=\"1000\" data-img-height=\"667\" style=\"background-image: url(https:\/\/www.gen-a.es\/wp-content\/uploads\/2019\/08\/Best-Online-Masters-in-Educational-Technology.jpg);\"><\/div><div class=\"l-section-overlay\" style=\"background:rgba(10,10,10,0.5)\"><\/div><div class=\"l-section-h i-cf\"><div class=\"g-cols vc_row via_flex valign_top type_default stacking_default\"><div class=\"vc_col-sm-12 wpb_column vc_column_container us_animate_fade\" style=\"animation-delay:0.4s\"><div class=\"vc_column-inner\"><div class=\"wpb_wrapper\"><div class=\"w-separator size_custom\" style=\"height:100px\" id=\"n4c1\"><style><\/style><\/div><div class=\"wpb_text_column\"><div class=\"wpb_wrapper\"><h1 style=\"text-align: center;\"><strong>ALTRES INTERVENCIONS<\/strong><\/h1>\n<\/div><\/div><div class=\"w-separator size_custom\" style=\"height:100px\" id=\"ybb4\"><style><\/style><\/div><\/div><\/div><\/div><\/div><\/div><\/section><section class=\"l-section wpb_row height_auto color_primary\"><div class=\"l-section-h i-cf\"><div class=\"g-cols vc_row via_flex valign_top type_default stacking_default\" style=\"--additional-gap:5px;\"><div class=\"vc_col-sm-12 wpb_column vc_column_container\"><div class=\"vc_column-inner\"><div class=\"wpb_wrapper\"><\/div><\/div><\/div><\/div><\/div><\/section><section class=\"l-section wpb_row height_huge\" id=\"1\"><div class=\"l-section-h i-cf\"><div class=\"g-cols vc_row via_flex valign_top type_default stacking_default\"><div class=\"vc_col-sm-12 wpb_column vc_column_container\"><div class=\"vc_column-inner\"><div class=\"wpb_wrapper\"><div class=\"w-separator size_custom\" style=\"height:\" id=\"yeab\"><style>@media(max-width:1024px){ #yeab{height:40px!important}}@media(max-width:600px){ #yeab{height:40px!important}}<\/style><\/div><div class=\"g-cols wpb_row via_flex valign_top type_default stacking_default\"><div class=\"vc_col-sm-4 wpb_column vc_column_container has_text_color has_bg_color\"><div class=\"vc_column-inner us_custom_c1e4bc52\"><div class=\"wpb_wrapper\"><div class=\"wpb_text_column us_custom_58ccbf00\"><div class=\"wpb_wrapper\"><h4 style=\"text-align: center;\"><strong>SEGUIMENT AMB M\u00c8DIC PSIQUIATRE<\/strong><\/h4>\n<p style=\"text-align: center;\">visita i seguiment amb el m\u00e8dic psiquiatre del recurs per a poder fer acompanyament medicament\u00f3s, s\u00ed precisa, per a ajudar a tractar la simptomatologia de l&#8217;addicci\u00f3 i\/o una altra patologia mental.<\/p>\n<p style=\"text-align: center;\"><strong>Primera valoraci\u00f3 obligat\u00f2ria en iniciar el tractament.<\/strong><\/p>\n<\/div><\/div><\/div><\/div><\/div><div class=\"vc_col-sm-4 wpb_column vc_column_container has_text_color has_bg_color\"><div class=\"vc_column-inner us_custom_d32abec9\"><div class=\"wpb_wrapper\"><div class=\"wpb_text_column us_custom_58ccbf00\"><div class=\"wpb_wrapper\"><h4 style=\"text-align: center;\"><strong>AJUDA A l&#8217;ENTORN<\/strong><\/h4>\n<p style=\"text-align: center;\">Si alg\u00fa del teu entorn no vol demanar ajuda per\u00f2 tu necessites orientaci\u00f3 o acompanyament psicoterap\u00e8utic, aquest espai \u00e9s per a tu. Especialistes en el camp de les addiccions podran orientar-te i donar-te aquesta cobertura per a poder gestionar d&#8217;una forma m\u00e9s eficient aquesta situaci\u00f3 tan angoixant per a tu. Despr\u00e9s de la primera valoraci\u00f3 s&#8217;orientaria a poder iniciar un proc\u00e9s d&#8217;intervencions necessari per a optimitzar la gesti\u00f3 emocional i dotar d&#8217;eines per a fer front a aquesta situaci\u00f3.<\/p>\n<\/div><\/div><\/div><\/div><\/div><div class=\"vc_col-sm-4 wpb_column vc_column_container has_text_color has_bg_color\"><div class=\"vc_column-inner us_custom_c1e4bc52\"><div class=\"wpb_wrapper\"><div class=\"wpb_text_column us_custom_58ccbf00\"><div class=\"wpb_wrapper\"><h4 style=\"text-align: center;\"><strong>INTERVENCI\u00d3 EN ABUSOS\/VIOL\u00c8NCIES<\/strong><\/h4>\n<p style=\"text-align: center;\">Moltes vegades les addiccions sorgeixen com a mecanisme a episodis traum\u00e0tics com a episodis de viol\u00e8ncies o abusos sexuals en la traject\u00f2ria vital de qui les pateixen. Aquests espais, tant individuals com grupals, et donen la possibilitat de poder tractar aquests episodis des d&#8217;una mirada conciliadora i dotar-te d&#8217;eines per a poder gestionar aquesta part de la teva hist\u00f2ria i poder comprendre millor quin impacte han tingut en la teva vida.<\/p>\n<\/div><\/div><\/div><\/div><\/div><\/div><div class=\"g-cols wpb_row via_flex valign_top type_default stacking_default\"><div class=\"vc_col-sm-4 wpb_column vc_column_container has_text_color has_bg_color\"><div class=\"vc_column-inner us_custom_d32abec9\"><div class=\"wpb_wrapper\"><div class=\"wpb_text_column us_custom_58ccbf00\"><div class=\"wpb_wrapper\"><h4 style=\"text-align: center;\"><strong>GRUPS ESPEC\u00cdFICS<\/strong><\/h4>\n<p style=\"text-align: center;\">Els problemes d&#8217;addicci\u00f3 abordats de manera generalista s\u00f3n un ventall sovint massa ampli per a poder veure&#8217;s reflectit en ell. Mitjan\u00e7ant el format de grup redu\u00eft i espec\u00edfic s&#8217;ajuda a treballar problem\u00e0tiques concretes de forma m\u00e9s eficient i focalitzada.<\/p>\n<p style=\"text-align: center;\">Alguns exemples de els\u00a0 posats en marxa en l&#8217;actualitat s\u00f3n: <strong>grups LGTBIQ+<\/strong>\/\/<strong>Drogues<\/strong>, <strong>Ludopatia<\/strong> , <strong>Abusos Sexuals en la Inf\u00e0ncia<\/strong> \u2026 Durant aquestes sessions grupals, es tindr\u00e0 l&#8217;oportunitat de con\u00e8ixer a altres persones que han passat o estan passant el mateix que tu. \u00c9s b\u00e0sic en el nostre tractament el format grup ja que est\u00e0 comprovat que les experi\u00e8ncies i el suport d&#8217;altres persones constitueixen un aspecte fonamental en la comprensi\u00f3 i l&#8217;acceptaci\u00f3 d&#8217;un mateix.<\/p>\n<p style=\"text-align: center;\">Mitjan\u00e7ant el format de grup redu\u00eft i espec\u00edfic s&#8217;ajuda a treballar problem\u00e0tiques concretes de forma m\u00e9s eficient i focalitzada.<\/p>\n<\/div><\/div><\/div><\/div><\/div><div class=\"vc_col-sm-4 wpb_column vc_column_container has_text_color has_bg_color\"><div class=\"vc_column-inner us_custom_c1e4bc52\"><div class=\"wpb_wrapper\"><div class=\"wpb_text_column us_custom_58ccbf00\"><div class=\"wpb_wrapper\"><h4 style=\"text-align: center;\"><strong>GRUP A PARELLES<\/strong><\/h4>\n<p style=\"text-align: center;\">Sovint en els centres de tractament per a les addiccions, s&#8217;aborda les ter\u00e0pies de parella (ja sigui en grupal o en individual) des de posar la mirada en la persona addicta i fer costat a la parella nom\u00e9s perqu\u00e8 sostingui i comprengui la malaltia i el proc\u00e9s.<\/p>\n<p style=\"text-align: center;\">La nostra difer\u00e8ncia metodol\u00f2gica radica en el plantejament del marc d&#8217;intervenci\u00f3 en aquests grups, on la mirada es posa sobre la parella i les problem\u00e0tiques espec\u00edfiques que visquin. En aquest grup troben l&#8217;acompanyament necessari per a poder explorar obertament les seves opcions<\/p>\n<\/div><\/div><\/div><\/div><\/div><div class=\"vc_col-sm-4 wpb_column vc_column_container has_text_color has_bg_color\"><div class=\"vc_column-inner us_custom_d32abec9\"><div class=\"wpb_wrapper\"><div class=\"wpb_text_column us_custom_58ccbf00\"><div class=\"wpb_wrapper\"><h4 style=\"text-align: center;\"><strong>SEGUIMENT PSICOTERAP\u00c8UTIC<\/strong><\/h4>\n<p style=\"text-align: center;\">Per a fases m\u00e9s avan\u00e7ades en el tractament, un acompanyament psicol\u00f2gic i emocional individualitzat per al propi pacient com per al seu entorn, contemplant que les seves demandes en aquest moment s\u00f3n diferents a les que els va portar feia aquest cam\u00ed.<\/p>\n<\/div><\/div><\/div><\/div><\/div><\/div><div class=\"w-separator size_custom\" style=\"height:\" id=\"pc0d\"><style>@media(max-width:1024px){ #pc0d{height:40px!important}}@media(max-width:600px){ #pc0d{height:40px!important}}<\/style><\/div><\/div><\/div><\/div><\/div><\/div><\/section><section class=\"l-section wpb_row height_auto color_primary\"><div class=\"l-section-h i-cf\"><div class=\"g-cols vc_row via_flex valign_top type_default stacking_default\" style=\"--additional-gap:5px;\"><div class=\"vc_col-sm-12 wpb_column vc_column_container\"><div class=\"vc_column-inner\"><div class=\"wpb_wrapper\"><\/div><\/div><\/div><\/div><\/div><\/section><section class=\"l-section wpb_row height_medium color_primary with_img\"><div class=\"l-section-img\" role=\"img\" aria-label=\"Terapia de adicciones Barcelona\" data-img-width=\"1000\" data-img-height=\"580\" style=\"background-image: url(https:\/\/www.gen-a.es\/wp-content\/uploads\/2019\/08\/AdobeStock_192130697.jpeg);\"><\/div><div class=\"l-section-overlay\" style=\"background:rgba(10,10,10,0.45)\"><\/div><div class=\"l-section-h i-cf\"><div class=\"g-cols vc_row via_flex valign_top type_default stacking_default\"><div class=\"vc_col-sm-12 wpb_column vc_column_container us_animate_fade\" style=\"animation-delay:0.2s\"><div class=\"vc_column-inner\"><div class=\"wpb_wrapper\"><div class=\"w-separator size_custom\" style=\"height:\" id=\"o041\"><style>@media(max-width:1024px){ #o041{height:80px!important}}@media(max-width:600px){ #o041{height:80px!important}}<\/style><\/div><div class=\"w-btn-wrapper align_center\"><a class=\"w-btn us-btn-style_1\" title=\"Contacte\" href=\"https:\/\/www.gen-a.es\/ca\/contacte\/\"><span class=\"w-btn-label\">Contacte<\/span><\/a><\/div><div class=\"w-separator size_custom\" style=\"height:\" id=\"p44b\"><style>@media(max-width:1024px){ #p44b{height:80px!important}}@media(max-width:600px){ #p44b{height:80px!important}}<\/style><\/div><\/div><\/div><\/div><\/div><\/div><\/section>\n","protected":false},"excerpt":{"rendered":"ALTRES INTERVENCIONS SEGUIMENT AMB M\u00c8DIC PSIQUIATRE visita i seguiment amb el m\u00e8dic psiquiatre del recurs per a poder fer acompanyament medicament\u00f3s, s\u00ed precisa, per a ajudar a tractar la simptomatologia de l&#8217;addicci\u00f3 i\/o una altra patologia mental. Primera valoraci\u00f3 obligat\u00f2ria en iniciar el tractament. AJUDA A l&#8217;ENTORN Si alg\u00fa del teu entorn no vol demanar...","protected":false},"author":1,"featured_media":0,"parent":0,"menu_order":0,"comment_status":"closed","ping_status":"closed","template":"","meta":{"_joinchat":[],"footnotes":""},"class_list":["post-355","page","type-page","status-publish","hentry"],"yoast_head":"<!-- This site is optimized with the Yoast SEO plugin v27.2 - https:\/\/yoast.com\/product\/yoast-seo-wordpress\/ -->\n<title>Intervenci\u00f3 interpersonal en el nostre centre terap\u00e8utic Gen A<\/title>\n<meta name=\"description\" content=\"Entenem que el pacient no arriba sol a iniciar aquest proc\u00e9s, \u00e9s per aix\u00f2 que tenim en compte a tots aquells que estan al seu voltant.\" \/>\n<meta name=\"robots\" content=\"index, follow, max-snippet:-1, max-image-preview:large, max-video-preview:-1\" \/>\n<link rel=\"canonical\" href=\"https:\/\/www.gen-a.es\/ca\/intervencio-inter-personal\/\" \/>\n<meta property=\"og:locale\" content=\"ca_ES\" \/>\n<meta property=\"og:type\" content=\"article\" \/>\n<meta property=\"og:title\" content=\"Intervenci\u00f3 interpersonal en el nostre centre terap\u00e8utic Gen A\" \/>\n<meta property=\"og:description\" content=\"Entenem que el pacient no arriba sol a iniciar aquest proc\u00e9s, \u00e9s per aix\u00f2 que tenim en compte a tots aquells que estan al seu voltant.\" \/>\n<meta property=\"og:url\" content=\"https:\/\/www.gen-a.es\/ca\/intervencio-inter-personal\/\" \/>\n<meta property=\"og:site_name\" content=\"Gen A\" \/>\n<meta property=\"article:modified_time\" content=\"2021-08-27T09:22:47+00:00\" \/>\n<meta name=\"twitter:card\" content=\"summary_large_image\" \/>\n<meta name=\"twitter:label1\" content=\"Temps estimat de lectura\" \/>\n\t<meta name=\"twitter:data1\" content=\"3 minuts\" \/>\n<script type=\"application\/ld+json\" class=\"yoast-schema-graph\">{\"@context\":\"https:\/\/schema.org\",\"@graph\":[{\"@type\":\"WebPage\",\"@id\":\"https:\/\/www.gen-a.es\/ca\/intervencio-inter-personal\/\",\"url\":\"https:\/\/www.gen-a.es\/ca\/intervencio-inter-personal\/\",\"name\":\"Intervenci\u00f3 interpersonal en el nostre centre terap\u00e8utic Gen A\",\"isPartOf\":{\"@id\":\"https:\/\/www.gen-a.es\/ca\/#website\"},\"datePublished\":\"2019-10-18T10:13:58+00:00\",\"dateModified\":\"2021-08-27T09:22:47+00:00\",\"description\":\"Entenem que el pacient no arriba sol a iniciar aquest proc\u00e9s, \u00e9s per aix\u00f2 que tenim en compte a tots aquells que estan al seu voltant.\",\"breadcrumb\":{\"@id\":\"https:\/\/www.gen-a.es\/ca\/intervencio-inter-personal\/#breadcrumb\"},\"inLanguage\":\"ca\",\"potentialAction\":[{\"@type\":\"ReadAction\",\"target\":[\"https:\/\/www.gen-a.es\/ca\/intervencio-inter-personal\/\"]}]},{\"@type\":\"BreadcrumbList\",\"@id\":\"https:\/\/www.gen-a.es\/ca\/intervencio-inter-personal\/#breadcrumb\",\"itemListElement\":[{\"@type\":\"ListItem\",\"position\":1,\"name\":\"Portada\",\"item\":\"https:\/\/www.gen-a.es\/ca\/inicio\/\"},{\"@type\":\"ListItem\",\"position\":2,\"name\":\"ALTRES INTERVENCIONS\"}]},{\"@type\":\"WebSite\",\"@id\":\"https:\/\/www.gen-a.es\/ca\/#website\",\"url\":\"https:\/\/www.gen-a.es\/ca\/\",\"name\":\"Gen A\",\"description\":\"Centro de Adicciones Barcelona\",\"publisher\":{\"@id\":\"https:\/\/www.gen-a.es\/ca\/#organization\"},\"potentialAction\":[{\"@type\":\"SearchAction\",\"target\":{\"@type\":\"EntryPoint\",\"urlTemplate\":\"https:\/\/www.gen-a.es\/ca\/?s={search_term_string}\"},\"query-input\":{\"@type\":\"PropertyValueSpecification\",\"valueRequired\":true,\"valueName\":\"search_term_string\"}}],\"inLanguage\":\"ca\"},{\"@type\":\"Organization\",\"@id\":\"https:\/\/www.gen-a.es\/ca\/#organization\",\"name\":\"Gen A\",\"url\":\"https:\/\/www.gen-a.es\/ca\/\",\"logo\":{\"@type\":\"ImageObject\",\"inLanguage\":\"ca\",\"@id\":\"https:\/\/www.gen-a.es\/ca\/#\/schema\/logo\/image\/\",\"url\":\"https:\/\/www.gen-a.es\/wp-content\/uploads\/2019\/09\/Isotipo-Gen-A-Color.png\",\"contentUrl\":\"https:\/\/www.gen-a.es\/wp-content\/uploads\/2019\/09\/Isotipo-Gen-A-Color.png\",\"width\":1000,\"height\":714,\"caption\":\"Gen A\"},\"image\":{\"@id\":\"https:\/\/www.gen-a.es\/ca\/#\/schema\/logo\/image\/\"}}]}<\/script>\n<!-- \/ Yoast SEO plugin. -->","yoast_head_json":{"title":"Intervenci\u00f3 interpersonal en el nostre centre terap\u00e8utic Gen A","description":"Entenem que el pacient no arriba sol a iniciar aquest proc\u00e9s, \u00e9s per aix\u00f2 que tenim en compte a tots aquells que estan al seu voltant.","robots":{"index":"index","follow":"follow","max-snippet":"max-snippet:-1","max-image-preview":"max-image-preview:large","max-video-preview":"max-video-preview:-1"},"canonical":"https:\/\/www.gen-a.es\/ca\/intervencio-inter-personal\/","og_locale":"ca_ES","og_type":"article","og_title":"Intervenci\u00f3 interpersonal en el nostre centre terap\u00e8utic Gen A","og_description":"Entenem que el pacient no arriba sol a iniciar aquest proc\u00e9s, \u00e9s per aix\u00f2 que tenim en compte a tots aquells que estan al seu voltant.","og_url":"https:\/\/www.gen-a.es\/ca\/intervencio-inter-personal\/","og_site_name":"Gen A","article_modified_time":"2021-08-27T09:22:47+00:00","twitter_card":"summary_large_image","twitter_misc":{"Temps estimat de lectura":"3 minuts"},"schema":{"@context":"https:\/\/schema.org","@graph":[{"@type":"WebPage","@id":"https:\/\/www.gen-a.es\/ca\/intervencio-inter-personal\/","url":"https:\/\/www.gen-a.es\/ca\/intervencio-inter-personal\/","name":"Intervenci\u00f3 interpersonal en el nostre centre terap\u00e8utic Gen A","isPartOf":{"@id":"https:\/\/www.gen-a.es\/ca\/#website"},"datePublished":"2019-10-18T10:13:58+00:00","dateModified":"2021-08-27T09:22:47+00:00","description":"Entenem que el pacient no arriba sol a iniciar aquest proc\u00e9s, \u00e9s per aix\u00f2 que tenim en compte a tots aquells que estan al seu voltant.","breadcrumb":{"@id":"https:\/\/www.gen-a.es\/ca\/intervencio-inter-personal\/#breadcrumb"},"inLanguage":"ca","potentialAction":[{"@type":"ReadAction","target":["https:\/\/www.gen-a.es\/ca\/intervencio-inter-personal\/"]}]},{"@type":"BreadcrumbList","@id":"https:\/\/www.gen-a.es\/ca\/intervencio-inter-personal\/#breadcrumb","itemListElement":[{"@type":"ListItem","position":1,"name":"Portada","item":"https:\/\/www.gen-a.es\/ca\/inicio\/"},{"@type":"ListItem","position":2,"name":"ALTRES INTERVENCIONS"}]},{"@type":"WebSite","@id":"https:\/\/www.gen-a.es\/ca\/#website","url":"https:\/\/www.gen-a.es\/ca\/","name":"Gen A","description":"Centro de Adicciones Barcelona","publisher":{"@id":"https:\/\/www.gen-a.es\/ca\/#organization"},"potentialAction":[{"@type":"SearchAction","target":{"@type":"EntryPoint","urlTemplate":"https:\/\/www.gen-a.es\/ca\/?s={search_term_string}"},"query-input":{"@type":"PropertyValueSpecification","valueRequired":true,"valueName":"search_term_string"}}],"inLanguage":"ca"},{"@type":"Organization","@id":"https:\/\/www.gen-a.es\/ca\/#organization","name":"Gen A","url":"https:\/\/www.gen-a.es\/ca\/","logo":{"@type":"ImageObject","inLanguage":"ca","@id":"https:\/\/www.gen-a.es\/ca\/#\/schema\/logo\/image\/","url":"https:\/\/www.gen-a.es\/wp-content\/uploads\/2019\/09\/Isotipo-Gen-A-Color.png","contentUrl":"https:\/\/www.gen-a.es\/wp-content\/uploads\/2019\/09\/Isotipo-Gen-A-Color.png","width":1000,"height":714,"caption":"Gen A"},"image":{"@id":"https:\/\/www.gen-a.es\/ca\/#\/schema\/logo\/image\/"}}]}},"_links":{"self":[{"href":"https:\/\/www.gen-a.es\/ca\/wp-json\/wp\/v2\/pages\/355","targetHints":{"allow":["GET"]}}],"collection":[{"href":"https:\/\/www.gen-a.es\/ca\/wp-json\/wp\/v2\/pages"}],"about":[{"href":"https:\/\/www.gen-a.es\/ca\/wp-json\/wp\/v2\/types\/page"}],"author":[{"embeddable":true,"href":"https:\/\/www.gen-a.es\/ca\/wp-json\/wp\/v2\/users\/1"}],"replies":[{"embeddable":true,"href":"https:\/\/www.gen-a.es\/ca\/wp-json\/wp\/v2\/comments?post=355"}],"version-history":[{"count":0,"href":"https:\/\/www.gen-a.es\/ca\/wp-json\/wp\/v2\/pages\/355\/revisions"}],"wp:attachment":[{"href":"https:\/\/www.gen-a.es\/ca\/wp-json\/wp\/v2\/media?parent=355"}],"curies":[{"name":"wp","href":"https:\/\/api.w.org\/{rel}","templated":true}]}}