{"id":359,"date":"2019-10-18T10:17:49","date_gmt":"2019-10-18T10:17:49","guid":{"rendered":"https:\/\/www.gen-a.es\/?page_id=359"},"modified":"2025-07-13T10:08:15","modified_gmt":"2025-07-13T10:08:15","slug":"atencio-a-les-families","status":"publish","type":"page","link":"https:\/\/www.gen-a.es\/ca\/atencio-a-les-families\/","title":{"rendered":"ATENCI\u00d3 A LES FAM\u00cdLIES"},"content":{"rendered":"<section class=\"l-section wpb_row height_huge color_primary with_img\"><div class=\"l-section-img\" role=\"img\" aria-label=\"Tratamiento alcoholismo Barcelona\" data-img-width=\"1000\" data-img-height=\"667\" style=\"background-image: url(https:\/\/www.gen-a.es\/wp-content\/uploads\/2019\/08\/Best-Online-Masters-in-Educational-Technology.jpg);\"><\/div><div class=\"l-section-overlay\" style=\"background:rgba(10,10,10,0.5)\"><\/div><div class=\"l-section-h i-cf\"><div class=\"g-cols vc_row via_flex valign_top type_default stacking_default\"><div class=\"vc_col-sm-12 wpb_column vc_column_container us_animate_fade\" style=\"animation-delay:0.4s\"><div class=\"vc_column-inner\"><div class=\"wpb_wrapper\"><div class=\"wpb_text_column\"><div class=\"wpb_wrapper\"><h1 style=\"text-align: center;\"><strong>ATENCI\u00d3 A LES FAM\u00cdLIES  <\/strong><\/h1>\n<\/div><\/div><div class=\"w-separator size_custom\" style=\"height:40px\" id=\"z14b\"><style><\/style><\/div>[vc_raw_html css=&#8221;%7B%22default%22%3A%7B%22text-align%22%3A%22center%22%7D%7D&#8221;]PHZpZGVvIHdpZHRoPSI4MDAiIGhlaWdodD0iNzAwIiBzcmM9Imh0dHBzOi8vd3d3Lmdlbi1hLmVzL3dwLWNvbnRlbnQvdXBsb2Fkcy8yMDIzLzA0LzMtRmFtaWxpYXMtZW4tR2VuQS0ubW92IiBhdXRvcGxheT0iIiBjb250cm9scz0iIj48L3ZpZGVvPg==[\/vc_raw_html]<\/div><\/div><\/div><\/div><\/div><\/section><section class=\"l-section wpb_row height_auto color_primary\"><div class=\"l-section-h i-cf\"><div class=\"g-cols vc_row via_flex valign_top type_default stacking_default\" style=\"--additional-gap:5px;\"><div class=\"vc_col-sm-12 wpb_column vc_column_container\"><div class=\"vc_column-inner\"><div class=\"wpb_wrapper\"><\/div><\/div><\/div><\/div><\/div><\/section><section class=\"l-section wpb_row height_huge\" id=\"1\"><div class=\"l-section-h i-cf\"><div class=\"g-cols vc_row via_flex valign_top type_default stacking_default\"><div class=\"vc_col-sm-12 wpb_column vc_column_container\"><div class=\"vc_column-inner\"><div class=\"wpb_wrapper\"><div class=\"w-separator size_custom\" style=\"height:\" id=\"ce77\"><style>@media(max-width:1024px){ #ce77{height:80px!important}}@media(max-width:600px){ #ce77{height:80px!important}}<\/style><\/div><div class=\"wpb_text_column\"><div class=\"wpb_wrapper\"><p><span style=\"font-weight: 400;\">Totes les situacions provocades per un addicte al seu entorn solen afectar els membres del seu sistema familiar, alterant-ne aix\u00ed el funcionament i alterant-ne la conviv\u00e8ncia. Comunament ocasiona moltes discussions, alterant la comunicaci\u00f3 i incrementant les tensions entre els membres.<\/span><\/p>\n<p><span style=\"font-weight: 400;\">L&#8217;abordatge que oferim a la fam\u00edlia i al pacient es duu a terme mitjan\u00e7ant un proc\u00e9s terap\u00e8utic on es busca el canvi de paradigma del pacient, no \u00fanicament un canvi en la seva conducta. Mitjan\u00e7ant ter\u00e0pies familiars de grup, intentem que les fam\u00edlies es vegin reflectides en altres que han passat pel mateix i trobin aix\u00ed aquesta comprensi\u00f3 que els ha costat trobar amb anterioritat, mentre que amb les ter\u00e0pies de fam\u00edlia individuals, es busca evidenciar la problem\u00e0tica que hi ha hagut i es busca la redefinici\u00f3 del sistema familiar perqu\u00e8 torni a ser funcional i torni a ser funcional.<\/span><\/p>\n<p><span style=\"font-weight: 400;\">Busquem que el pacient pugui fer un canvi perqu\u00e8 pugui assumir la responsabilitat p\u00e8rdua sobre la seva vida, emfatitzant a la seva autonomia i trencant la necessitat de dependre d&#8217;alguna cosa externa per al seu benestar.  <\/span><\/p>\n<\/div><\/div><div class=\"w-separator size_custom\" style=\"height:\" id=\"j2a1\"><style>@media(max-width:1024px){ #j2a1{height:80px!important}}@media(max-width:600px){ #j2a1{height:80px!important}}<\/style><\/div><\/div><\/div><\/div><\/div><\/div><\/section><section class=\"l-section wpb_row height_auto color_primary\"><div class=\"l-section-h i-cf\"><div class=\"g-cols vc_row via_flex valign_top type_default stacking_default\" style=\"--additional-gap:5px;\"><div class=\"vc_col-sm-12 wpb_column vc_column_container\"><div class=\"vc_column-inner\"><div class=\"wpb_wrapper\"><\/div><\/div><\/div><\/div><\/div><\/section><section class=\"l-section wpb_row height_medium color_primary with_img\"><div class=\"l-section-img\" role=\"img\" aria-label=\"Terapia de adicciones Barcelona\" data-img-width=\"1000\" data-img-height=\"580\" style=\"background-image: url(https:\/\/www.gen-a.es\/wp-content\/uploads\/2019\/08\/AdobeStock_192130697.jpeg);\"><\/div><div class=\"l-section-overlay\" style=\"background:rgba(10,10,10,0.45)\"><\/div><div class=\"l-section-h i-cf\"><div class=\"g-cols vc_row via_flex valign_top type_default stacking_default\"><div class=\"vc_col-sm-12 wpb_column vc_column_container us_animate_fade\" style=\"animation-delay:0.2s\"><div class=\"vc_column-inner\"><div class=\"wpb_wrapper\"><div class=\"w-separator size_custom\" style=\"height:\" id=\"n4d8\"><style>@media(max-width:1024px){ #n4d8{height:80px!important}}@media(max-width:600px){ #n4d8{height:80px!important}}<\/style><\/div><div class=\"w-btn-wrapper align_center\"><a class=\"w-btn us-btn-style_1\" title=\"Contacte\" href=\"https:\/\/www.gen-a.es\/ca\/contacte\/\"><span class=\"w-btn-label\">Contacte<\/span><\/a><\/div><div class=\"w-separator size_custom\" style=\"height:\" id=\"s835\"><style>@media(max-width:1024px){ #s835{height:80px!important}}@media(max-width:600px){ #s835{height:80px!important}}<\/style><\/div><\/div><\/div><\/div><\/div><\/div><\/section>\n","protected":false},"excerpt":{"rendered":"ATENCI\u00d3 A LES FAM\u00cdLIES [vc_raw_html css=\"%7B%22default%22%3A%7B%22text-align%22%3A%22center%22%7D%7D\"]PHZpZGVvIHdpZHRoPSI4MDAiIGhlaWdodD0iNzAwIiBzcmM9Imh0dHBzOi8vd3d3Lmdlbi1hLmVzL3dwLWNvbnRlbnQvdXBsb2Fkcy8yMDIzLzA0LzMtRmFtaWxpYXMtZW4tR2VuQS0ubW92IiBhdXRvcGxheT0iIiBjb250cm9scz0iIj48L3ZpZGVvPg==[\/vc_raw_html]Totes les situacions provocades per un addicte al seu entorn solen afectar els membres del seu sistema familiar, alterant-ne aix\u00ed el funcionament i alterant-ne la conviv\u00e8ncia. Comunament ocasiona moltes discussions, alterant la comunicaci\u00f3 i incrementant les tensions entre els membres. L&#8217;abordatge que oferim a la fam\u00edlia i al pacient es...","protected":false},"author":1,"featured_media":0,"parent":0,"menu_order":0,"comment_status":"closed","ping_status":"closed","template":"","meta":{"_joinchat":[],"footnotes":""},"class_list":["post-359","page","type-page","status-publish","hentry"],"yoast_head":"<!-- This site is optimized with the Yoast SEO plugin v27.2 - https:\/\/yoast.com\/product\/yoast-seo-wordpress\/ -->\n<title>Oferim serveis d\u00b4atenci\u00f3 a les fam\u00edlies afectades per la situaci\u00f3<\/title>\n<meta name=\"description\" content=\"Totes les situacions provocades per un addicte al seu entorn solen afectar els membres del sistema familiar, alterant-ne la conviv\u00e8ncia.\" \/>\n<meta name=\"robots\" content=\"index, follow, max-snippet:-1, max-image-preview:large, max-video-preview:-1\" \/>\n<link rel=\"canonical\" href=\"https:\/\/www.gen-a.es\/ca\/atencio-a-les-families\/\" \/>\n<meta property=\"og:locale\" content=\"ca_ES\" \/>\n<meta property=\"og:type\" content=\"article\" \/>\n<meta property=\"og:title\" content=\"Oferim serveis d\u00b4atenci\u00f3 a les fam\u00edlies afectades per la situaci\u00f3\" \/>\n<meta property=\"og:description\" content=\"Totes les situacions provocades per un addicte al seu entorn solen afectar els membres del sistema familiar, alterant-ne la conviv\u00e8ncia.\" \/>\n<meta property=\"og:url\" content=\"https:\/\/www.gen-a.es\/ca\/atencio-a-les-families\/\" \/>\n<meta property=\"og:site_name\" content=\"Gen A\" \/>\n<meta property=\"article:modified_time\" content=\"2025-07-13T10:08:15+00:00\" \/>\n<meta name=\"twitter:card\" content=\"summary_large_image\" \/>\n<meta name=\"twitter:label1\" content=\"Temps estimat de lectura\" \/>\n\t<meta name=\"twitter:data1\" content=\"2 minuts\" \/>\n<script type=\"application\/ld+json\" class=\"yoast-schema-graph\">{\"@context\":\"https:\/\/schema.org\",\"@graph\":[{\"@type\":\"WebPage\",\"@id\":\"https:\/\/www.gen-a.es\/ca\/atencio-a-les-families\/\",\"url\":\"https:\/\/www.gen-a.es\/ca\/atencio-a-les-families\/\",\"name\":\"Oferim serveis d\u00b4atenci\u00f3 a les fam\u00edlies afectades per la situaci\u00f3\",\"isPartOf\":{\"@id\":\"https:\/\/www.gen-a.es\/ca\/#website\"},\"datePublished\":\"2019-10-18T10:17:49+00:00\",\"dateModified\":\"2025-07-13T10:08:15+00:00\",\"description\":\"Totes les situacions provocades per un addicte al seu entorn solen afectar els membres del sistema familiar, alterant-ne la conviv\u00e8ncia.\",\"breadcrumb\":{\"@id\":\"https:\/\/www.gen-a.es\/ca\/atencio-a-les-families\/#breadcrumb\"},\"inLanguage\":\"ca\",\"potentialAction\":[{\"@type\":\"ReadAction\",\"target\":[\"https:\/\/www.gen-a.es\/ca\/atencio-a-les-families\/\"]}]},{\"@type\":\"BreadcrumbList\",\"@id\":\"https:\/\/www.gen-a.es\/ca\/atencio-a-les-families\/#breadcrumb\",\"itemListElement\":[{\"@type\":\"ListItem\",\"position\":1,\"name\":\"Portada\",\"item\":\"https:\/\/www.gen-a.es\/ca\/inicio\/\"},{\"@type\":\"ListItem\",\"position\":2,\"name\":\"ATENCI\u00d3 A LES FAM\u00cdLIES\"}]},{\"@type\":\"WebSite\",\"@id\":\"https:\/\/www.gen-a.es\/ca\/#website\",\"url\":\"https:\/\/www.gen-a.es\/ca\/\",\"name\":\"Gen A\",\"description\":\"Centro de Adicciones Barcelona\",\"publisher\":{\"@id\":\"https:\/\/www.gen-a.es\/ca\/#organization\"},\"potentialAction\":[{\"@type\":\"SearchAction\",\"target\":{\"@type\":\"EntryPoint\",\"urlTemplate\":\"https:\/\/www.gen-a.es\/ca\/?s={search_term_string}\"},\"query-input\":{\"@type\":\"PropertyValueSpecification\",\"valueRequired\":true,\"valueName\":\"search_term_string\"}}],\"inLanguage\":\"ca\"},{\"@type\":\"Organization\",\"@id\":\"https:\/\/www.gen-a.es\/ca\/#organization\",\"name\":\"Gen A\",\"url\":\"https:\/\/www.gen-a.es\/ca\/\",\"logo\":{\"@type\":\"ImageObject\",\"inLanguage\":\"ca\",\"@id\":\"https:\/\/www.gen-a.es\/ca\/#\/schema\/logo\/image\/\",\"url\":\"https:\/\/www.gen-a.es\/wp-content\/uploads\/2019\/09\/Isotipo-Gen-A-Color.png\",\"contentUrl\":\"https:\/\/www.gen-a.es\/wp-content\/uploads\/2019\/09\/Isotipo-Gen-A-Color.png\",\"width\":1000,\"height\":714,\"caption\":\"Gen A\"},\"image\":{\"@id\":\"https:\/\/www.gen-a.es\/ca\/#\/schema\/logo\/image\/\"}}]}<\/script>\n<!-- \/ Yoast SEO plugin. -->","yoast_head_json":{"title":"Oferim serveis d\u00b4atenci\u00f3 a les fam\u00edlies afectades per la situaci\u00f3","description":"Totes les situacions provocades per un addicte al seu entorn solen afectar els membres del sistema familiar, alterant-ne la conviv\u00e8ncia.","robots":{"index":"index","follow":"follow","max-snippet":"max-snippet:-1","max-image-preview":"max-image-preview:large","max-video-preview":"max-video-preview:-1"},"canonical":"https:\/\/www.gen-a.es\/ca\/atencio-a-les-families\/","og_locale":"ca_ES","og_type":"article","og_title":"Oferim serveis d\u00b4atenci\u00f3 a les fam\u00edlies afectades per la situaci\u00f3","og_description":"Totes les situacions provocades per un addicte al seu entorn solen afectar els membres del sistema familiar, alterant-ne la conviv\u00e8ncia.","og_url":"https:\/\/www.gen-a.es\/ca\/atencio-a-les-families\/","og_site_name":"Gen A","article_modified_time":"2025-07-13T10:08:15+00:00","twitter_card":"summary_large_image","twitter_misc":{"Temps estimat de lectura":"2 minuts"},"schema":{"@context":"https:\/\/schema.org","@graph":[{"@type":"WebPage","@id":"https:\/\/www.gen-a.es\/ca\/atencio-a-les-families\/","url":"https:\/\/www.gen-a.es\/ca\/atencio-a-les-families\/","name":"Oferim serveis d\u00b4atenci\u00f3 a les fam\u00edlies afectades per la situaci\u00f3","isPartOf":{"@id":"https:\/\/www.gen-a.es\/ca\/#website"},"datePublished":"2019-10-18T10:17:49+00:00","dateModified":"2025-07-13T10:08:15+00:00","description":"Totes les situacions provocades per un addicte al seu entorn solen afectar els membres del sistema familiar, alterant-ne la conviv\u00e8ncia.","breadcrumb":{"@id":"https:\/\/www.gen-a.es\/ca\/atencio-a-les-families\/#breadcrumb"},"inLanguage":"ca","potentialAction":[{"@type":"ReadAction","target":["https:\/\/www.gen-a.es\/ca\/atencio-a-les-families\/"]}]},{"@type":"BreadcrumbList","@id":"https:\/\/www.gen-a.es\/ca\/atencio-a-les-families\/#breadcrumb","itemListElement":[{"@type":"ListItem","position":1,"name":"Portada","item":"https:\/\/www.gen-a.es\/ca\/inicio\/"},{"@type":"ListItem","position":2,"name":"ATENCI\u00d3 A LES FAM\u00cdLIES"}]},{"@type":"WebSite","@id":"https:\/\/www.gen-a.es\/ca\/#website","url":"https:\/\/www.gen-a.es\/ca\/","name":"Gen A","description":"Centro de Adicciones Barcelona","publisher":{"@id":"https:\/\/www.gen-a.es\/ca\/#organization"},"potentialAction":[{"@type":"SearchAction","target":{"@type":"EntryPoint","urlTemplate":"https:\/\/www.gen-a.es\/ca\/?s={search_term_string}"},"query-input":{"@type":"PropertyValueSpecification","valueRequired":true,"valueName":"search_term_string"}}],"inLanguage":"ca"},{"@type":"Organization","@id":"https:\/\/www.gen-a.es\/ca\/#organization","name":"Gen A","url":"https:\/\/www.gen-a.es\/ca\/","logo":{"@type":"ImageObject","inLanguage":"ca","@id":"https:\/\/www.gen-a.es\/ca\/#\/schema\/logo\/image\/","url":"https:\/\/www.gen-a.es\/wp-content\/uploads\/2019\/09\/Isotipo-Gen-A-Color.png","contentUrl":"https:\/\/www.gen-a.es\/wp-content\/uploads\/2019\/09\/Isotipo-Gen-A-Color.png","width":1000,"height":714,"caption":"Gen A"},"image":{"@id":"https:\/\/www.gen-a.es\/ca\/#\/schema\/logo\/image\/"}}]}},"_links":{"self":[{"href":"https:\/\/www.gen-a.es\/ca\/wp-json\/wp\/v2\/pages\/359","targetHints":{"allow":["GET"]}}],"collection":[{"href":"https:\/\/www.gen-a.es\/ca\/wp-json\/wp\/v2\/pages"}],"about":[{"href":"https:\/\/www.gen-a.es\/ca\/wp-json\/wp\/v2\/types\/page"}],"author":[{"embeddable":true,"href":"https:\/\/www.gen-a.es\/ca\/wp-json\/wp\/v2\/users\/1"}],"replies":[{"embeddable":true,"href":"https:\/\/www.gen-a.es\/ca\/wp-json\/wp\/v2\/comments?post=359"}],"version-history":[{"count":0,"href":"https:\/\/www.gen-a.es\/ca\/wp-json\/wp\/v2\/pages\/359\/revisions"}],"wp:attachment":[{"href":"https:\/\/www.gen-a.es\/ca\/wp-json\/wp\/v2\/media?parent=359"}],"curies":[{"name":"wp","href":"https:\/\/api.w.org\/{rel}","templated":true}]}}