{"id":364,"date":"2019-10-18T10:23:23","date_gmt":"2019-10-18T10:23:23","guid":{"rendered":"https:\/\/www.gen-a.es\/?page_id=364"},"modified":"2025-07-13T10:08:30","modified_gmt":"2025-07-13T10:08:30","slug":"atencio-a-les-parelles","status":"publish","type":"page","link":"https:\/\/www.gen-a.es\/ca\/atencio-a-les-parelles\/","title":{"rendered":"ATENCI\u00d3 A LES PARELLES"},"content":{"rendered":"<section class=\"l-section wpb_row height_huge color_primary with_img\"><div class=\"l-section-img\" role=\"img\" aria-label=\"Tratamiento alcoholismo Barcelona\" data-img-width=\"1000\" data-img-height=\"667\" style=\"background-image: url(https:\/\/www.gen-a.es\/wp-content\/uploads\/2019\/08\/Best-Online-Masters-in-Educational-Technology.jpg);\"><\/div><div class=\"l-section-overlay\" style=\"background:rgba(0,0,0,0.5)\"><\/div><div class=\"l-section-h i-cf\"><div class=\"g-cols vc_row via_flex valign_top type_default stacking_default\"><div class=\"vc_col-sm-12 wpb_column vc_column_container us_animate_fade\" style=\"animation-delay:0.4s\"><div class=\"vc_column-inner\"><div class=\"wpb_wrapper\"><div class=\"wpb_text_column\"><div class=\"wpb_wrapper\"><h1 style=\"text-align: center;\"><strong>ATENCI\u00d3 A LES PARELLES<\/strong><\/h1>\n<\/div><\/div><div class=\"w-separator size_custom\" style=\"height:40px\" id=\"n422\"><style><\/style><\/div>[vc_raw_html css=&#8221;%7B%22default%22%3A%7B%22text-align%22%3A%22center%22%7D%7D&#8221;]PHZpZGVvIHdpZHRoPSI4MDAiIGhlaWdodD0iNzAwIiBzcmM9Imh0dHBzOi8vd3d3Lmdlbi1hLmVzL3dwLWNvbnRlbnQvdXBsb2Fkcy8yMDIzLzA0LzQtUGFyZWphcy1lbi1HZW5BLS5tb3YiIGF1dG9wbGF5PSIiIGNvbnRyb2xzPSIiPjwvdmlkZW8+[\/vc_raw_html]<\/div><\/div><\/div><\/div><\/div><\/section><section class=\"l-section wpb_row height_auto color_primary\"><div class=\"l-section-h i-cf\"><div class=\"g-cols vc_row via_flex valign_top type_default stacking_default\" style=\"--additional-gap:5px;\"><div class=\"vc_col-sm-12 wpb_column vc_column_container\"><div class=\"vc_column-inner\"><div class=\"wpb_wrapper\"><\/div><\/div><\/div><\/div><\/div><\/section><section class=\"l-section wpb_row height_huge\" id=\"1\"><div class=\"l-section-h i-cf\"><div class=\"g-cols vc_row via_flex valign_top type_default stacking_default\"><div class=\"vc_col-sm-12 wpb_column vc_column_container\"><div class=\"vc_column-inner\"><div class=\"wpb_wrapper\"><div class=\"w-separator size_custom\" style=\"height:\" id=\"ve9b\"><style>@media(max-width:1024px){ #ve9b{height:80px!important}}@media(max-width:600px){ #ve9b{height:80px!important}}<\/style><\/div><div class=\"wpb_text_column\"><div class=\"wpb_wrapper\"><p><span style=\"font-weight: 400;\">A GenA oferim un espai per a aquells pacients que vinguin acompanyats per les parelles.<\/span><\/p>\n<p><span style=\"font-weight: 400;\">Els problemes de parella s\u00f3n una part normal dins la malaltia de l&#8217;addicci\u00f3. Quan els problemes i les dificultats es fan cada vegada m\u00e9s grans perqu\u00e8 es van arrossegant durant el temps cal buscar ajuda professional. En aquests casos la parella no sap com manejar la seva situaci\u00f3 o com gestionar els seus problemes seria necessari el treball d&#8217;un psic\u00f2leg especialitzat, sent aquest el\/la professional expert\/a en gesti\u00f3 i modificaci\u00f3 d&#8217;emocions, pensaments i conductes, en un context tan especial i \u00fanic com \u00e9s la parella.<\/span><\/p>\n<p><span style=\"font-weight: 400;\">A trav\u00e9s de ter\u00e0pies, de parella individual es planteja, a m\u00e9s de recolzar i acompanyar el pacient, que les parelles puguin guarir i donar sortida a tot aquest dolor, patiment i frustraci\u00f3 que fins i tot durant anys els ha suposat intentar ajudar-los sense \u00e8xit, buscant redefinir l&#8217;estructura de parella perqu\u00e8 torni a ser funcional i \u00f2ptima per a tots dos integrants de la parella.<\/span><\/p>\n<p><span style=\"font-weight: 400;\">A trav\u00e9s de ter\u00e0pies de parella de grup, intentem que les parelles es vegin reflectides en altres que han passat pel mateix i trobin aix\u00ed aquesta comprensi\u00f3 que els ha costat trobar amb anterioritat.<\/span><\/p>\n<\/div><\/div><div class=\"w-separator size_custom\" style=\"height:\" id=\"q1e3\"><style>@media(max-width:1024px){ #q1e3{height:80px!important}}@media(max-width:600px){ #q1e3{height:80px!important}}<\/style><\/div><\/div><\/div><\/div><\/div><\/div><\/section><section class=\"l-section wpb_row height_auto color_primary\"><div class=\"l-section-h i-cf\"><div class=\"g-cols vc_row via_flex valign_top type_default stacking_default\" style=\"--additional-gap:5px;\"><div class=\"vc_col-sm-12 wpb_column vc_column_container\"><div class=\"vc_column-inner\"><div class=\"wpb_wrapper\"><\/div><\/div><\/div><\/div><\/div><\/section><section class=\"l-section wpb_row height_medium color_primary with_img\"><div class=\"l-section-img\" role=\"img\" aria-label=\"Terapia de adicciones Barcelona\" data-img-width=\"1000\" data-img-height=\"580\" style=\"background-image: url(https:\/\/www.gen-a.es\/wp-content\/uploads\/2019\/08\/AdobeStock_192130697.jpeg);\"><\/div><div class=\"l-section-overlay\" style=\"background:rgba(10,10,10,0.45)\"><\/div><div class=\"l-section-h i-cf\"><div class=\"g-cols vc_row via_flex valign_top type_default stacking_default\"><div class=\"vc_col-sm-12 wpb_column vc_column_container us_animate_fade\" style=\"animation-delay:0.2s\"><div class=\"vc_column-inner\"><div class=\"wpb_wrapper\"><div class=\"w-separator size_custom\" style=\"height:\" id=\"pf6b\"><style>@media(max-width:1024px){ #pf6b{height:80px!important}}@media(max-width:600px){ #pf6b{height:80px!important}}<\/style><\/div><div class=\"w-btn-wrapper align_center\"><a class=\"w-btn us-btn-style_1\" title=\"Contacte\" href=\"https:\/\/www.gen-a.es\/ca\/contacte\/\"><span class=\"w-btn-label\">Contacte<\/span><\/a><\/div><div class=\"w-separator size_custom\" style=\"height:\" id=\"j266\"><style>@media(max-width:1024px){ #j266{height:80px!important}}@media(max-width:600px){ #j266{height:80px!important}}<\/style><\/div><\/div><\/div><\/div><\/div><\/div><\/section>\n","protected":false},"excerpt":{"rendered":"ATENCI\u00d3 A LES PARELLES [vc_raw_html css=\"%7B%22default%22%3A%7B%22text-align%22%3A%22center%22%7D%7D\"]PHZpZGVvIHdpZHRoPSI4MDAiIGhlaWdodD0iNzAwIiBzcmM9Imh0dHBzOi8vd3d3Lmdlbi1hLmVzL3dwLWNvbnRlbnQvdXBsb2Fkcy8yMDIzLzA0LzQtUGFyZWphcy1lbi1HZW5BLS5tb3YiIGF1dG9wbGF5PSIiIGNvbnRyb2xzPSIiPjwvdmlkZW8+[\/vc_raw_html]A GenA oferim un espai per a aquells pacients que vinguin acompanyats per les parelles. Els problemes de parella s\u00f3n una part normal dins la malaltia de l&#8217;addicci\u00f3. Quan els problemes i les dificultats es fan cada vegada m\u00e9s grans perqu\u00e8 es van arrossegant durant el temps cal buscar ajuda...","protected":false},"author":1,"featured_media":0,"parent":0,"menu_order":0,"comment_status":"closed","ping_status":"closed","template":"","meta":{"_joinchat":[],"footnotes":""},"class_list":["post-364","page","type-page","status-publish","hentry"],"yoast_head":"<!-- This site is optimized with the Yoast SEO plugin v27.2 - https:\/\/yoast.com\/product\/yoast-seo-wordpress\/ -->\n<title>Oferim un espai per als pacients que vinguin amb la parella<\/title>\n<meta name=\"description\" content=\"Oferim un espai per a aquells pacients que vinguin acompanyats de les parelles. Els problemes de parella s\u00f3n una part normal dins de l&#039;addicci\u00f3.\" \/>\n<meta name=\"robots\" content=\"index, follow, max-snippet:-1, max-image-preview:large, max-video-preview:-1\" \/>\n<link rel=\"canonical\" href=\"https:\/\/www.gen-a.es\/ca\/atencio-a-les-parelles\/\" \/>\n<meta property=\"og:locale\" content=\"ca_ES\" \/>\n<meta property=\"og:type\" content=\"article\" \/>\n<meta property=\"og:title\" content=\"Oferim un espai per als pacients que vinguin amb la parella\" \/>\n<meta property=\"og:description\" content=\"Oferim un espai per a aquells pacients que vinguin acompanyats de les parelles. Els problemes de parella s\u00f3n una part normal dins de l&#039;addicci\u00f3.\" \/>\n<meta property=\"og:url\" content=\"https:\/\/www.gen-a.es\/ca\/atencio-a-les-parelles\/\" \/>\n<meta property=\"og:site_name\" content=\"Gen A\" \/>\n<meta property=\"article:modified_time\" content=\"2025-07-13T10:08:30+00:00\" \/>\n<meta name=\"twitter:card\" content=\"summary_large_image\" \/>\n<meta name=\"twitter:label1\" content=\"Temps estimat de lectura\" \/>\n\t<meta name=\"twitter:data1\" content=\"2 minuts\" \/>\n<script type=\"application\/ld+json\" class=\"yoast-schema-graph\">{\"@context\":\"https:\/\/schema.org\",\"@graph\":[{\"@type\":\"WebPage\",\"@id\":\"https:\/\/www.gen-a.es\/ca\/atencio-a-les-parelles\/\",\"url\":\"https:\/\/www.gen-a.es\/ca\/atencio-a-les-parelles\/\",\"name\":\"Oferim un espai per als pacients que vinguin amb la parella\",\"isPartOf\":{\"@id\":\"https:\/\/www.gen-a.es\/ca\/#website\"},\"datePublished\":\"2019-10-18T10:23:23+00:00\",\"dateModified\":\"2025-07-13T10:08:30+00:00\",\"description\":\"Oferim un espai per a aquells pacients que vinguin acompanyats de les parelles. Els problemes de parella s\u00f3n una part normal dins de l'addicci\u00f3.\",\"breadcrumb\":{\"@id\":\"https:\/\/www.gen-a.es\/ca\/atencio-a-les-parelles\/#breadcrumb\"},\"inLanguage\":\"ca\",\"potentialAction\":[{\"@type\":\"ReadAction\",\"target\":[\"https:\/\/www.gen-a.es\/ca\/atencio-a-les-parelles\/\"]}]},{\"@type\":\"BreadcrumbList\",\"@id\":\"https:\/\/www.gen-a.es\/ca\/atencio-a-les-parelles\/#breadcrumb\",\"itemListElement\":[{\"@type\":\"ListItem\",\"position\":1,\"name\":\"Portada\",\"item\":\"https:\/\/www.gen-a.es\/ca\/inicio\/\"},{\"@type\":\"ListItem\",\"position\":2,\"name\":\"ATENCI\u00d3 A LES PARELLES\"}]},{\"@type\":\"WebSite\",\"@id\":\"https:\/\/www.gen-a.es\/ca\/#website\",\"url\":\"https:\/\/www.gen-a.es\/ca\/\",\"name\":\"Gen A\",\"description\":\"Centro de Adicciones Barcelona\",\"publisher\":{\"@id\":\"https:\/\/www.gen-a.es\/ca\/#organization\"},\"potentialAction\":[{\"@type\":\"SearchAction\",\"target\":{\"@type\":\"EntryPoint\",\"urlTemplate\":\"https:\/\/www.gen-a.es\/ca\/?s={search_term_string}\"},\"query-input\":{\"@type\":\"PropertyValueSpecification\",\"valueRequired\":true,\"valueName\":\"search_term_string\"}}],\"inLanguage\":\"ca\"},{\"@type\":\"Organization\",\"@id\":\"https:\/\/www.gen-a.es\/ca\/#organization\",\"name\":\"Gen A\",\"url\":\"https:\/\/www.gen-a.es\/ca\/\",\"logo\":{\"@type\":\"ImageObject\",\"inLanguage\":\"ca\",\"@id\":\"https:\/\/www.gen-a.es\/ca\/#\/schema\/logo\/image\/\",\"url\":\"https:\/\/www.gen-a.es\/wp-content\/uploads\/2019\/09\/Isotipo-Gen-A-Color.png\",\"contentUrl\":\"https:\/\/www.gen-a.es\/wp-content\/uploads\/2019\/09\/Isotipo-Gen-A-Color.png\",\"width\":1000,\"height\":714,\"caption\":\"Gen A\"},\"image\":{\"@id\":\"https:\/\/www.gen-a.es\/ca\/#\/schema\/logo\/image\/\"}}]}<\/script>\n<!-- \/ Yoast SEO plugin. -->","yoast_head_json":{"title":"Oferim un espai per als pacients que vinguin amb la parella","description":"Oferim un espai per a aquells pacients que vinguin acompanyats de les parelles. Els problemes de parella s\u00f3n una part normal dins de l'addicci\u00f3.","robots":{"index":"index","follow":"follow","max-snippet":"max-snippet:-1","max-image-preview":"max-image-preview:large","max-video-preview":"max-video-preview:-1"},"canonical":"https:\/\/www.gen-a.es\/ca\/atencio-a-les-parelles\/","og_locale":"ca_ES","og_type":"article","og_title":"Oferim un espai per als pacients que vinguin amb la parella","og_description":"Oferim un espai per a aquells pacients que vinguin acompanyats de les parelles. Els problemes de parella s\u00f3n una part normal dins de l'addicci\u00f3.","og_url":"https:\/\/www.gen-a.es\/ca\/atencio-a-les-parelles\/","og_site_name":"Gen A","article_modified_time":"2025-07-13T10:08:30+00:00","twitter_card":"summary_large_image","twitter_misc":{"Temps estimat de lectura":"2 minuts"},"schema":{"@context":"https:\/\/schema.org","@graph":[{"@type":"WebPage","@id":"https:\/\/www.gen-a.es\/ca\/atencio-a-les-parelles\/","url":"https:\/\/www.gen-a.es\/ca\/atencio-a-les-parelles\/","name":"Oferim un espai per als pacients que vinguin amb la parella","isPartOf":{"@id":"https:\/\/www.gen-a.es\/ca\/#website"},"datePublished":"2019-10-18T10:23:23+00:00","dateModified":"2025-07-13T10:08:30+00:00","description":"Oferim un espai per a aquells pacients que vinguin acompanyats de les parelles. Els problemes de parella s\u00f3n una part normal dins de l'addicci\u00f3.","breadcrumb":{"@id":"https:\/\/www.gen-a.es\/ca\/atencio-a-les-parelles\/#breadcrumb"},"inLanguage":"ca","potentialAction":[{"@type":"ReadAction","target":["https:\/\/www.gen-a.es\/ca\/atencio-a-les-parelles\/"]}]},{"@type":"BreadcrumbList","@id":"https:\/\/www.gen-a.es\/ca\/atencio-a-les-parelles\/#breadcrumb","itemListElement":[{"@type":"ListItem","position":1,"name":"Portada","item":"https:\/\/www.gen-a.es\/ca\/inicio\/"},{"@type":"ListItem","position":2,"name":"ATENCI\u00d3 A LES PARELLES"}]},{"@type":"WebSite","@id":"https:\/\/www.gen-a.es\/ca\/#website","url":"https:\/\/www.gen-a.es\/ca\/","name":"Gen A","description":"Centro de Adicciones Barcelona","publisher":{"@id":"https:\/\/www.gen-a.es\/ca\/#organization"},"potentialAction":[{"@type":"SearchAction","target":{"@type":"EntryPoint","urlTemplate":"https:\/\/www.gen-a.es\/ca\/?s={search_term_string}"},"query-input":{"@type":"PropertyValueSpecification","valueRequired":true,"valueName":"search_term_string"}}],"inLanguage":"ca"},{"@type":"Organization","@id":"https:\/\/www.gen-a.es\/ca\/#organization","name":"Gen A","url":"https:\/\/www.gen-a.es\/ca\/","logo":{"@type":"ImageObject","inLanguage":"ca","@id":"https:\/\/www.gen-a.es\/ca\/#\/schema\/logo\/image\/","url":"https:\/\/www.gen-a.es\/wp-content\/uploads\/2019\/09\/Isotipo-Gen-A-Color.png","contentUrl":"https:\/\/www.gen-a.es\/wp-content\/uploads\/2019\/09\/Isotipo-Gen-A-Color.png","width":1000,"height":714,"caption":"Gen A"},"image":{"@id":"https:\/\/www.gen-a.es\/ca\/#\/schema\/logo\/image\/"}}]}},"_links":{"self":[{"href":"https:\/\/www.gen-a.es\/ca\/wp-json\/wp\/v2\/pages\/364","targetHints":{"allow":["GET"]}}],"collection":[{"href":"https:\/\/www.gen-a.es\/ca\/wp-json\/wp\/v2\/pages"}],"about":[{"href":"https:\/\/www.gen-a.es\/ca\/wp-json\/wp\/v2\/types\/page"}],"author":[{"embeddable":true,"href":"https:\/\/www.gen-a.es\/ca\/wp-json\/wp\/v2\/users\/1"}],"replies":[{"embeddable":true,"href":"https:\/\/www.gen-a.es\/ca\/wp-json\/wp\/v2\/comments?post=364"}],"version-history":[{"count":0,"href":"https:\/\/www.gen-a.es\/ca\/wp-json\/wp\/v2\/pages\/364\/revisions"}],"wp:attachment":[{"href":"https:\/\/www.gen-a.es\/ca\/wp-json\/wp\/v2\/media?parent=364"}],"curies":[{"name":"wp","href":"https:\/\/api.w.org\/{rel}","templated":true}]}}