{"id":850,"date":"2020-09-03T09:06:37","date_gmt":"2020-09-03T09:06:37","guid":{"rendered":"https:\/\/www.gen-a.es\/?page_id=850"},"modified":"2020-09-03T13:11:49","modified_gmt":"2020-09-03T13:11:49","slug":"centre-de-rehabilitacio-dalcoholisme-per-a-dones","status":"publish","type":"page","link":"https:\/\/www.gen-a.es\/ca\/centre-de-rehabilitacio-dalcoholisme-per-a-dones\/","title":{"rendered":"Centre de rehabilitaci\u00f3 d&#8217;alcoholisme per a dones"},"content":{"rendered":"<section class=\"l-section wpb_row height_huge color_primary with_img\"><div class=\"l-section-img\" role=\"img\" aria-label=\"Centro de rehabilitaci\u00f3n de alcoholismo para mujeres\" data-img-width=\"640\" data-img-height=\"426\" style=\"background-image: url(https:\/\/www.gen-a.es\/wp-content\/uploads\/2020\/08\/Centro-de-rehabilitacion-de-alcoholismo-para-mujeres-.jpg);\"><\/div><div class=\"l-section-overlay\" style=\"background:rgba(10,10,10,0.5)\"><\/div><div class=\"l-section-h i-cf\"><div class=\"g-cols vc_row via_flex valign_top type_default stacking_default\"><div class=\"vc_col-sm-12 wpb_column vc_column_container us_animate_fade\" style=\"animation-delay:0.4s\"><div class=\"vc_column-inner\"><div class=\"wpb_wrapper\"><div class=\"w-separator size_custom\" style=\"height:100px\" id=\"a31a\"><style><\/style><\/div><div class=\"wpb_text_column\"><div class=\"wpb_wrapper\"><h1 style=\"text-align: center;\"><strong>Centre de rehabilitaci\u00f3 d&#8217;alcoholisme per a dones<br \/>\n<\/strong><\/h1>\n<\/div><\/div><div class=\"w-separator size_custom\" style=\"height:100px\" id=\"v9d4\"><style><\/style><\/div><\/div><\/div><\/div><\/div><\/div><\/section><section class=\"l-section wpb_row height_auto color_primary\"><div class=\"l-section-h i-cf\"><div class=\"g-cols vc_row via_flex valign_top type_default stacking_default\" style=\"--additional-gap:5px;\"><div class=\"vc_col-sm-12 wpb_column vc_column_container\"><div class=\"vc_column-inner\"><div class=\"wpb_wrapper\"><\/div><\/div><\/div><\/div><\/div><\/section><section class=\"l-section wpb_row height_huge\" id=\"1\"><div class=\"l-section-h i-cf\"><div class=\"g-cols vc_row via_flex valign_top type_default stacking_default\"><div class=\"vc_col-sm-12 wpb_column vc_column_container\"><div class=\"vc_column-inner\"><div class=\"wpb_wrapper\"><div class=\"w-separator size_custom\" style=\"height:\" id=\"fb3b\"><style>@media(max-width:1024px){ #fb3b{height:80px!important}}@media(max-width:600px){ #fb3b{height:80px!important}}<\/style><\/div><div class=\"wpb_text_column\"><div class=\"wpb_wrapper\"><p>El problema de l&#8217;alcoholisme el sofreixen moltes dones en silenci. Si \u00e9s la teva situaci\u00f3 o la d&#8217;una persona que t&#8217;importa, \u00e9s important acudir a un <strong>centre de rehabilitaci\u00f3 d&#8217;alcoholisme per a dones<\/strong> al m\u00e9s aviat possible, per a tractar-ho. En <a href=\"https:\/\/www.gen-a.es\/ca\/\">Gen-A<\/a>, som el teu centre terap\u00e8utic de confian\u00e7a.<\/p>\n<h2><strong>Gen-A: centre de rehabilitaci\u00f3 d&#8217;alcoholisme per a dones<\/strong><\/h2>\n<p>Si est\u00e0s llegint aix\u00f2, \u00e9s perqu\u00e8 tu o alg\u00fa pr\u00f2xim a tu t\u00e9 un problema amb l&#8217;alcohol. En qualsevol cas, has de saber que \u00e9s una <strong>droga legal<\/strong> que encara que es consumeix de manera habitual i social, pot implicar greus problemes.<\/p>\n<p>Aquesta droga pot causar sensacions d&#8217;euf\u00f2ria, de sociabilitat, d&#8217;excitaci\u00f3, d&#8217;optimisme\u2026 No obstant aix\u00f2, si no es t\u00e9 un control i s&#8217;excedeix la dosi, les <strong>conseq\u00fc\u00e8ncies poden ser fatals<\/strong>. M\u00e9s encara si cau en una addicci\u00f3.<\/p>\n<p>Si es consumi en exc\u00e9s, pot perjudicar greument el funcionament de l&#8217;organisme, provocant diferents danys en el fetge, aparell digestiu, cardiovascular, sistema nervi\u00f3s\u2026<\/p>\n<p>Clar que, aquesta droga no afecta \u00fanicament a l&#8217;organisme, tamb\u00e9 a les relacions amb les persones que ens envolten, la fam\u00edlia, els amics o el treball. Pot causar importants problemes en el nostre entorn si porta el control de la nostra vida.<\/p>\n<h3><strong>Com identificar a una persona alcoh\u00f2lica?<\/strong><\/h3>\n<p>En el moment en el qual es travessa la l\u00ednia reiterades ocasions, es pot acabar sofrint un problema d&#8217;alcoholisme.<\/p>\n<p>Si una persona \u00e9s conscient que l&#8217;alcohol li est\u00e0 asseient mal i que <strong>est\u00e0 perdent el control sobre la seva vida<\/strong> i encara aix\u00ed continua bevent, \u00e9s un greu problema d&#8217;alcoholisme. Perqu\u00e8 a l&#8217;exc\u00e9s d&#8217;alcohol, a la llarga, afecta negativament en el nostre entorn, en el treball, en la vida familiar, en la imatge social\u2026<\/p>\n<h3><strong>Com comen\u00e7ar un proc\u00e9s de rehabilitaci\u00f3?<\/strong><\/h3>\n<p>En primer lloc, el pacient ha de <strong>recon\u00e8ixer que t\u00e9 un problema amb l&#8217;alcohol<\/strong>. \u00c9s fonamental que posi de la seva part, perqu\u00e8 necessita tenir iniciativa pr\u00f2pia per a tirar endavant i deixar que la seva obsessi\u00f3 amb l&#8217;alcohol no l&#8217;afecti m\u00e9s.<\/p>\n<p>Tamb\u00e9 \u00e9s fonamental apreciar les conseq\u00fc\u00e8ncies que produeix, ser conscient que s&#8217;estan patint i, despr\u00e9s, iniciar la <strong>desintoxicaci\u00f3 i deshabituaci\u00f3<\/strong>.<\/p>\n<h3><strong>Quines etapes t\u00e9 el tractament?<\/strong><\/h3>\n<p>En general, el tractament d&#8217;addiccions com l&#8217;alcohol es divideix en 3:<\/p>\n<ul>\n<li style=\"font-weight: 400;\"><strong>Desintoxicaci\u00f3<\/strong>: el primer, recon\u00e8ixer l&#8217;addicci\u00f3 i ingressar al centre. En aquesta fase es busca eliminar l&#8217;alcohol de l&#8217;organisme i aconseguir una estabilitat. Sempre envoltat de professionals, perqu\u00e8 la desintoxicaci\u00f3 tingui lloc de manera segura i no se sofreixi d&#8217;abstin\u00e8ncia f\u00edsica.<\/li>\n<li style=\"font-weight: 400;\"><strong>Deshabituaci\u00f3<\/strong>: despr\u00e9s de superar la primera fase, que \u00e9s la m\u00e9s complexa, comen\u00e7a la deshabituaci\u00f3. Comen\u00e7a amb els pacients que han aconseguit desintoxicarse de l&#8217;alcohol, que ja no prenen i no tenen els durs efectes de l&#8217;abstin\u00e8ncia que deixa aquesta droga.<\/li>\n<li style=\"font-weight: 400;\"><strong>Reintegraci\u00f3<\/strong>: la tercera i \u00faltima fase del tractament \u00e9s aquesta etapa, en la qual es fa un canvi de veritat i es comen\u00e7a a viure des de zero, deixant tot el dolent que l&#8217;alcohol va portar a la teva vida enrere. Molts ho defineixen com reviure, perqu\u00e8 tornes a tenir el control sobre la teva vida.\u00bfQu\u00e9 tipos de tratamientos se pueden realizar?<\/li>\n<\/ul>\n<p>Amb l&#8217;objectiu de tractar el problema d&#8217;alcoholisme en una dona, existeixen diferents tractaments que es poden aplicar segons el cas.<\/p>\n<p>D&#8217;una banda, estan els <strong>tractaments conductuals<\/strong>. Com indica el seu nom, persegueixen modificar els comportaments del consum d&#8217;alcohol mitjan\u00e7ant assessorament. Poden ser realment beneficiosos, sobretot en casos lleus.<\/p>\n<p>Est\u00e0 tamb\u00e9 <strong>l&#8217;\u00fas de medicaments<\/strong>. Hi ha alguns aprovats que contribueixen a ajudar les persones a reduir el consum d&#8217;alcohol i tamb\u00e9 a prevenir una recaiguda. Els prescriu el propi metge.<\/p>\n<p>Tamb\u00e9 funcionen molt b\u00e9 els <strong>grups de suport mutu<\/strong>, que poden ser entre dones o mixtos. \u00c9s una manera de compartir experi\u00e8ncies, viv\u00e8ncies\u2026 de poder tirar endavant en compartir testimoniatges amb persones que van passar pel mateix i que \u00e9s possible que t&#8217;entenguin millor que cap altra persona.<\/p>\n<p>Aquests tractaments \u00e9s millor realitzar-los en una cl\u00ednica especialitzada i amb un seguiment total i complet, com en el cas d&#8217;un <strong>centre de rehabilitaci\u00f3 d&#8217;alcoholisme per a dones<\/strong>. D&#8217;aquesta manera, podr\u00e0s compartir l&#8217;experi\u00e8ncia amb persones que estan passant pel mateix que tu i et ser\u00e0 molt m\u00e9s f\u00e0cil.<\/p>\n<h3><strong>&gt; Millor en un centre terap\u00e8utic per a dones<\/strong><\/h3>\n<p>Les dones tamb\u00e9 poden tenir problemes amb l&#8217;alcohol i acabar sofrint una addicci\u00f3, deixant la seva vida en mans d&#8217;aquesta perillosa droga.<\/p>\n<p>\u00c9s per aix\u00f2, que en <strong>Gen-A<\/strong> et brindem l&#8217;ajuda que necessites en el nostre <strong>centre de rehabilitaci\u00f3 d&#8217;alcoholisme per a dones<\/strong>. Un <strong>centre terap\u00e8utic<\/strong> perqu\u00e8 estiguis amb altres dones que estan passant pel mateix que tu i que han pogut superar-lo.<\/p>\n<p>Si sofreixes de problemes amb l&#8217;alcohol o un ser estimat teu es troba en aquesta situaci\u00f3, recorda que, de tot se surt. El primer pas, \u00e9s estar llegint aix\u00f2\u2026 T&#8217;esperem.<\/p>\n<\/div><\/div><div class=\"w-separator size_custom\" style=\"height:\" id=\"z498\"><style>@media(max-width:1024px){ #z498{height:80px!important}}@media(max-width:600px){ #z498{height:80px!important}}<\/style><\/div><\/div><\/div><\/div><\/div><\/div><\/section><section class=\"l-section wpb_row height_auto color_primary\"><div class=\"l-section-h i-cf\"><div class=\"g-cols vc_row via_flex valign_top type_default stacking_default\" style=\"--additional-gap:5px;\"><div class=\"vc_col-sm-12 wpb_column vc_column_container\"><div class=\"vc_column-inner\"><div class=\"wpb_wrapper\"><\/div><\/div><\/div><\/div><\/div><\/section><section class=\"l-section wpb_row height_medium color_primary with_img\"><div class=\"l-section-img\" role=\"img\" aria-label=\"Terapia de adicciones Barcelona\" data-img-width=\"1000\" data-img-height=\"580\" style=\"background-image: url(https:\/\/www.gen-a.es\/wp-content\/uploads\/2019\/08\/AdobeStock_192130697.jpeg);\"><\/div><div class=\"l-section-overlay\" style=\"background:rgba(10,10,10,0.45)\"><\/div><div class=\"l-section-h i-cf\"><div class=\"g-cols vc_row via_flex valign_top type_default stacking_default\"><div class=\"vc_col-sm-12 wpb_column vc_column_container us_animate_fade\" style=\"animation-delay:0.2s\"><div class=\"vc_column-inner\"><div class=\"wpb_wrapper\"><div class=\"w-separator size_custom\" style=\"height:\" id=\"d2ee\"><style>@media(max-width:1024px){ #d2ee{height:80px!important}}@media(max-width:600px){ #d2ee{height:80px!important}}<\/style><\/div><div class=\"wpb_text_column\"><div class=\"wpb_wrapper\"><div class=\"wpb_text_column \">\n<div class=\"wpb_wrapper\">\n<h5 style=\"text-align: center;\"><strong><b>Fes el primer pas<\/b>:<\/strong><\/h5>\n<p style=\"text-align: center;\">Si penses que tot el que est\u00e0s legint t\u2019identifica a tu, o a alg\u00fa del teu voltant, busca un lloc especialitzat en el tractament de les adiccions. Si vols una primera visita de valoraci\u00f3, no dubtis en posar-te en contacte amb nosaltres, la primera vissita \u00e9s totalment gratu\u00efta, t\u2019assessorarem de totes les opcions terap\u00e8utiques que existeixen avui en dia pel seu trastorn.<\/p>\n<hr \/>\n<p style=\"text-align: center;\">Cal tenir molt de valor per poder recon\u00e8ixer que tens un problema d\u2019adicci\u00f3 i que necessites ajuda. El fet de que ara mateix estiguis llegint aix\u00f2 significa que tu tens aquest valor. El nostre equip de professionals, en el que s\u2019hi torben membres amb experi\u00e8ncies en la mateixa patolog\u00eda, estaran encantats de respondre a qualsevol pregunta que et pugui surgir. Estem desitjant poder ajudar-te.<\/p>\n<\/div>\n<\/div>\n<\/div><\/div><div class=\"w-separator size_custom\" style=\"height:30px\" id=\"z681\"><style><\/style><\/div><div class=\"w-btn-wrapper align_center\"><a class=\"w-btn us-btn-style_1\" title=\"Contacte\" href=\"https:\/\/www.gen-a.es\/ca\/contacte\/\"><span class=\"w-btn-label\">Contacte<\/span><\/a><\/div><div class=\"w-separator size_custom\" style=\"height:\" id=\"m909\"><style>@media(max-width:1024px){ #m909{height:80px!important}}@media(max-width:600px){ #m909{height:80px!important}}<\/style><\/div><\/div><\/div><\/div><\/div><\/div><\/section>\n","protected":false},"excerpt":{"rendered":"Centre de rehabilitaci\u00f3 d&#8217;alcoholisme per a dones El problema de l&#8217;alcoholisme el sofreixen moltes dones en silenci. Si \u00e9s la teva situaci\u00f3 o la d&#8217;una persona que t&#8217;importa, \u00e9s important acudir a un centre de rehabilitaci\u00f3 d&#8217;alcoholisme per a dones al m\u00e9s aviat possible, per a tractar-ho. En Gen-A, som el teu centre terap\u00e8utic de...","protected":false},"author":2,"featured_media":844,"parent":0,"menu_order":0,"comment_status":"closed","ping_status":"closed","template":"","meta":{"_joinchat":[],"footnotes":""},"class_list":["post-850","page","type-page","status-publish","has-post-thumbnail","hentry"],"yoast_head":"<!-- This site is optimized with the Yoast SEO plugin v27.2 - https:\/\/yoast.com\/product\/yoast-seo-wordpress\/ -->\n<title>Centre de rehabilitaci\u00f3 d&#039;alcoholisme per a dones, Gen A.<\/title>\n<meta name=\"description\" content=\"En Gen-A et brindem l&#039;ajuda que necessites en el nostre centre de rehabilitaci\u00f3 d&#039;alcoholisme per a dones. Podem ajudar-te.\" \/>\n<meta name=\"robots\" content=\"index, follow, max-snippet:-1, max-image-preview:large, max-video-preview:-1\" \/>\n<link rel=\"canonical\" href=\"https:\/\/www.gen-a.es\/ca\/centre-de-rehabilitacio-dalcoholisme-per-a-dones\/\" \/>\n<meta property=\"og:locale\" content=\"ca_ES\" \/>\n<meta property=\"og:type\" content=\"article\" \/>\n<meta property=\"og:title\" content=\"Centre de rehabilitaci\u00f3 d&#039;alcoholisme per a dones, Gen A.\" \/>\n<meta property=\"og:description\" content=\"En Gen-A et brindem l&#039;ajuda que necessites en el nostre centre de rehabilitaci\u00f3 d&#039;alcoholisme per a dones. Podem ajudar-te.\" \/>\n<meta property=\"og:url\" content=\"https:\/\/www.gen-a.es\/ca\/centre-de-rehabilitacio-dalcoholisme-per-a-dones\/\" \/>\n<meta property=\"og:site_name\" content=\"Gen A\" \/>\n<meta property=\"article:modified_time\" content=\"2020-09-03T13:11:49+00:00\" \/>\n<meta property=\"og:image\" content=\"https:\/\/www.gen-a.es\/wp-content\/uploads\/2020\/08\/Centro-de-rehabilitacion-de-alcoholismo-para-mujeres-.jpg\" \/>\n\t<meta property=\"og:image:width\" content=\"640\" \/>\n\t<meta property=\"og:image:height\" content=\"426\" \/>\n\t<meta property=\"og:image:type\" content=\"image\/jpeg\" \/>\n<meta name=\"twitter:card\" content=\"summary_large_image\" \/>\n<meta name=\"twitter:label1\" content=\"Temps estimat de lectura\" \/>\n\t<meta name=\"twitter:data1\" content=\"6 minuts\" \/>\n<script type=\"application\/ld+json\" class=\"yoast-schema-graph\">{\"@context\":\"https:\/\/schema.org\",\"@graph\":[{\"@type\":\"WebPage\",\"@id\":\"https:\/\/www.gen-a.es\/ca\/centre-de-rehabilitacio-dalcoholisme-per-a-dones\/\",\"url\":\"https:\/\/www.gen-a.es\/ca\/centre-de-rehabilitacio-dalcoholisme-per-a-dones\/\",\"name\":\"Centre de rehabilitaci\u00f3 d'alcoholisme per a dones, Gen A.\",\"isPartOf\":{\"@id\":\"https:\/\/www.gen-a.es\/ca\/#website\"},\"primaryImageOfPage\":{\"@id\":\"https:\/\/www.gen-a.es\/ca\/centre-de-rehabilitacio-dalcoholisme-per-a-dones\/#primaryimage\"},\"image\":{\"@id\":\"https:\/\/www.gen-a.es\/ca\/centre-de-rehabilitacio-dalcoholisme-per-a-dones\/#primaryimage\"},\"thumbnailUrl\":\"https:\/\/www.gen-a.es\/wp-content\/uploads\/2020\/08\/Centro-de-rehabilitacion-de-alcoholismo-para-mujeres-.jpg\",\"datePublished\":\"2020-09-03T09:06:37+00:00\",\"dateModified\":\"2020-09-03T13:11:49+00:00\",\"description\":\"En Gen-A et brindem l'ajuda que necessites en el nostre centre de rehabilitaci\u00f3 d'alcoholisme per a dones. Podem ajudar-te.\",\"breadcrumb\":{\"@id\":\"https:\/\/www.gen-a.es\/ca\/centre-de-rehabilitacio-dalcoholisme-per-a-dones\/#breadcrumb\"},\"inLanguage\":\"ca\",\"potentialAction\":[{\"@type\":\"ReadAction\",\"target\":[\"https:\/\/www.gen-a.es\/ca\/centre-de-rehabilitacio-dalcoholisme-per-a-dones\/\"]}]},{\"@type\":\"ImageObject\",\"inLanguage\":\"ca\",\"@id\":\"https:\/\/www.gen-a.es\/ca\/centre-de-rehabilitacio-dalcoholisme-per-a-dones\/#primaryimage\",\"url\":\"https:\/\/www.gen-a.es\/wp-content\/uploads\/2020\/08\/Centro-de-rehabilitacion-de-alcoholismo-para-mujeres-.jpg\",\"contentUrl\":\"https:\/\/www.gen-a.es\/wp-content\/uploads\/2020\/08\/Centro-de-rehabilitacion-de-alcoholismo-para-mujeres-.jpg\",\"width\":640,\"height\":426,\"caption\":\"Centro de rehabilitaci\u00f3n de alcoholismo para mujeres\"},{\"@type\":\"BreadcrumbList\",\"@id\":\"https:\/\/www.gen-a.es\/ca\/centre-de-rehabilitacio-dalcoholisme-per-a-dones\/#breadcrumb\",\"itemListElement\":[{\"@type\":\"ListItem\",\"position\":1,\"name\":\"Portada\",\"item\":\"https:\/\/www.gen-a.es\/ca\/inicio\/\"},{\"@type\":\"ListItem\",\"position\":2,\"name\":\"Centre de rehabilitaci\u00f3 d&#8217;alcoholisme per a dones\"}]},{\"@type\":\"WebSite\",\"@id\":\"https:\/\/www.gen-a.es\/ca\/#website\",\"url\":\"https:\/\/www.gen-a.es\/ca\/\",\"name\":\"Gen A\",\"description\":\"Centro de Adicciones Barcelona\",\"publisher\":{\"@id\":\"https:\/\/www.gen-a.es\/ca\/#organization\"},\"potentialAction\":[{\"@type\":\"SearchAction\",\"target\":{\"@type\":\"EntryPoint\",\"urlTemplate\":\"https:\/\/www.gen-a.es\/ca\/?s={search_term_string}\"},\"query-input\":{\"@type\":\"PropertyValueSpecification\",\"valueRequired\":true,\"valueName\":\"search_term_string\"}}],\"inLanguage\":\"ca\"},{\"@type\":\"Organization\",\"@id\":\"https:\/\/www.gen-a.es\/ca\/#organization\",\"name\":\"Gen A\",\"url\":\"https:\/\/www.gen-a.es\/ca\/\",\"logo\":{\"@type\":\"ImageObject\",\"inLanguage\":\"ca\",\"@id\":\"https:\/\/www.gen-a.es\/ca\/#\/schema\/logo\/image\/\",\"url\":\"https:\/\/www.gen-a.es\/wp-content\/uploads\/2019\/09\/Isotipo-Gen-A-Color.png\",\"contentUrl\":\"https:\/\/www.gen-a.es\/wp-content\/uploads\/2019\/09\/Isotipo-Gen-A-Color.png\",\"width\":1000,\"height\":714,\"caption\":\"Gen A\"},\"image\":{\"@id\":\"https:\/\/www.gen-a.es\/ca\/#\/schema\/logo\/image\/\"}}]}<\/script>\n<!-- \/ Yoast SEO plugin. -->","yoast_head_json":{"title":"Centre de rehabilitaci\u00f3 d'alcoholisme per a dones, Gen A.","description":"En Gen-A et brindem l'ajuda que necessites en el nostre centre de rehabilitaci\u00f3 d'alcoholisme per a dones. Podem ajudar-te.","robots":{"index":"index","follow":"follow","max-snippet":"max-snippet:-1","max-image-preview":"max-image-preview:large","max-video-preview":"max-video-preview:-1"},"canonical":"https:\/\/www.gen-a.es\/ca\/centre-de-rehabilitacio-dalcoholisme-per-a-dones\/","og_locale":"ca_ES","og_type":"article","og_title":"Centre de rehabilitaci\u00f3 d'alcoholisme per a dones, Gen A.","og_description":"En Gen-A et brindem l'ajuda que necessites en el nostre centre de rehabilitaci\u00f3 d'alcoholisme per a dones. Podem ajudar-te.","og_url":"https:\/\/www.gen-a.es\/ca\/centre-de-rehabilitacio-dalcoholisme-per-a-dones\/","og_site_name":"Gen A","article_modified_time":"2020-09-03T13:11:49+00:00","og_image":[{"width":640,"height":426,"url":"https:\/\/www.gen-a.es\/wp-content\/uploads\/2020\/08\/Centro-de-rehabilitacion-de-alcoholismo-para-mujeres-.jpg","type":"image\/jpeg"}],"twitter_card":"summary_large_image","twitter_misc":{"Temps estimat de lectura":"6 minuts"},"schema":{"@context":"https:\/\/schema.org","@graph":[{"@type":"WebPage","@id":"https:\/\/www.gen-a.es\/ca\/centre-de-rehabilitacio-dalcoholisme-per-a-dones\/","url":"https:\/\/www.gen-a.es\/ca\/centre-de-rehabilitacio-dalcoholisme-per-a-dones\/","name":"Centre de rehabilitaci\u00f3 d'alcoholisme per a dones, Gen A.","isPartOf":{"@id":"https:\/\/www.gen-a.es\/ca\/#website"},"primaryImageOfPage":{"@id":"https:\/\/www.gen-a.es\/ca\/centre-de-rehabilitacio-dalcoholisme-per-a-dones\/#primaryimage"},"image":{"@id":"https:\/\/www.gen-a.es\/ca\/centre-de-rehabilitacio-dalcoholisme-per-a-dones\/#primaryimage"},"thumbnailUrl":"https:\/\/www.gen-a.es\/wp-content\/uploads\/2020\/08\/Centro-de-rehabilitacion-de-alcoholismo-para-mujeres-.jpg","datePublished":"2020-09-03T09:06:37+00:00","dateModified":"2020-09-03T13:11:49+00:00","description":"En Gen-A et brindem l'ajuda que necessites en el nostre centre de rehabilitaci\u00f3 d'alcoholisme per a dones. Podem ajudar-te.","breadcrumb":{"@id":"https:\/\/www.gen-a.es\/ca\/centre-de-rehabilitacio-dalcoholisme-per-a-dones\/#breadcrumb"},"inLanguage":"ca","potentialAction":[{"@type":"ReadAction","target":["https:\/\/www.gen-a.es\/ca\/centre-de-rehabilitacio-dalcoholisme-per-a-dones\/"]}]},{"@type":"ImageObject","inLanguage":"ca","@id":"https:\/\/www.gen-a.es\/ca\/centre-de-rehabilitacio-dalcoholisme-per-a-dones\/#primaryimage","url":"https:\/\/www.gen-a.es\/wp-content\/uploads\/2020\/08\/Centro-de-rehabilitacion-de-alcoholismo-para-mujeres-.jpg","contentUrl":"https:\/\/www.gen-a.es\/wp-content\/uploads\/2020\/08\/Centro-de-rehabilitacion-de-alcoholismo-para-mujeres-.jpg","width":640,"height":426,"caption":"Centro de rehabilitaci\u00f3n de alcoholismo para mujeres"},{"@type":"BreadcrumbList","@id":"https:\/\/www.gen-a.es\/ca\/centre-de-rehabilitacio-dalcoholisme-per-a-dones\/#breadcrumb","itemListElement":[{"@type":"ListItem","position":1,"name":"Portada","item":"https:\/\/www.gen-a.es\/ca\/inicio\/"},{"@type":"ListItem","position":2,"name":"Centre de rehabilitaci\u00f3 d&#8217;alcoholisme per a dones"}]},{"@type":"WebSite","@id":"https:\/\/www.gen-a.es\/ca\/#website","url":"https:\/\/www.gen-a.es\/ca\/","name":"Gen A","description":"Centro de Adicciones Barcelona","publisher":{"@id":"https:\/\/www.gen-a.es\/ca\/#organization"},"potentialAction":[{"@type":"SearchAction","target":{"@type":"EntryPoint","urlTemplate":"https:\/\/www.gen-a.es\/ca\/?s={search_term_string}"},"query-input":{"@type":"PropertyValueSpecification","valueRequired":true,"valueName":"search_term_string"}}],"inLanguage":"ca"},{"@type":"Organization","@id":"https:\/\/www.gen-a.es\/ca\/#organization","name":"Gen A","url":"https:\/\/www.gen-a.es\/ca\/","logo":{"@type":"ImageObject","inLanguage":"ca","@id":"https:\/\/www.gen-a.es\/ca\/#\/schema\/logo\/image\/","url":"https:\/\/www.gen-a.es\/wp-content\/uploads\/2019\/09\/Isotipo-Gen-A-Color.png","contentUrl":"https:\/\/www.gen-a.es\/wp-content\/uploads\/2019\/09\/Isotipo-Gen-A-Color.png","width":1000,"height":714,"caption":"Gen A"},"image":{"@id":"https:\/\/www.gen-a.es\/ca\/#\/schema\/logo\/image\/"}}]}},"_links":{"self":[{"href":"https:\/\/www.gen-a.es\/ca\/wp-json\/wp\/v2\/pages\/850","targetHints":{"allow":["GET"]}}],"collection":[{"href":"https:\/\/www.gen-a.es\/ca\/wp-json\/wp\/v2\/pages"}],"about":[{"href":"https:\/\/www.gen-a.es\/ca\/wp-json\/wp\/v2\/types\/page"}],"author":[{"embeddable":true,"href":"https:\/\/www.gen-a.es\/ca\/wp-json\/wp\/v2\/users\/2"}],"replies":[{"embeddable":true,"href":"https:\/\/www.gen-a.es\/ca\/wp-json\/wp\/v2\/comments?post=850"}],"version-history":[{"count":0,"href":"https:\/\/www.gen-a.es\/ca\/wp-json\/wp\/v2\/pages\/850\/revisions"}],"wp:featuredmedia":[{"embeddable":true,"href":"https:\/\/www.gen-a.es\/ca\/wp-json\/wp\/v2\/media\/844"}],"wp:attachment":[{"href":"https:\/\/www.gen-a.es\/ca\/wp-json\/wp\/v2\/media?parent=850"}],"curies":[{"name":"wp","href":"https:\/\/api.w.org\/{rel}","templated":true}]}}