{"id":857,"date":"2020-09-04T07:19:19","date_gmt":"2020-09-04T07:19:19","guid":{"rendered":"https:\/\/www.gen-a.es\/?page_id=857"},"modified":"2020-09-04T07:56:14","modified_gmt":"2020-09-04T07:56:14","slug":"centres-de-drogodependencia-a-barcelona","status":"publish","type":"page","link":"https:\/\/www.gen-a.es\/ca\/centres-de-drogodependencia-a-barcelona\/","title":{"rendered":"Centres de drogodepend\u00e8ncia a Barcelona"},"content":{"rendered":"<section class=\"l-section wpb_row height_huge color_primary with_img\"><div class=\"l-section-img\" role=\"img\" aria-label=\"Terapia de adicciones Barcelona\" data-img-width=\"1000\" data-img-height=\"580\" style=\"background-image: url(https:\/\/www.gen-a.es\/wp-content\/uploads\/2019\/08\/AdobeStock_192130697.jpeg);\"><\/div><div class=\"l-section-overlay\" style=\"background:rgba(51,51,51,0.66)\"><\/div><div class=\"l-section-h i-cf\"><div class=\"g-cols vc_row via_flex valign_top type_default stacking_default\"><div class=\"vc_col-sm-12 wpb_column vc_column_container us_animate_fade\" style=\"animation-delay:0.4s\"><div class=\"vc_column-inner\"><div class=\"wpb_wrapper\"><div class=\"w-separator size_custom\" style=\"height:100px\" id=\"ue16\"><style><\/style><\/div><div class=\"wpb_text_column\"><div class=\"wpb_wrapper\"><h1 style=\"text-align: center;\"><strong>Centres de drogodepend\u00e8ncia a Barcelona<\/strong><\/h1>\n<\/div><\/div><div class=\"w-separator size_custom\" style=\"height:100px\" id=\"p4af\"><style><\/style><\/div><\/div><\/div><\/div><\/div><\/div><\/section><section class=\"l-section wpb_row height_auto color_primary\"><div class=\"l-section-h i-cf\"><div class=\"g-cols vc_row via_flex valign_top type_default stacking_default\" style=\"--additional-gap:5px;\"><div class=\"vc_col-sm-12 wpb_column vc_column_container\"><div class=\"vc_column-inner\"><div class=\"wpb_wrapper\"><\/div><\/div><\/div><\/div><\/div><\/section><section class=\"l-section wpb_row height_huge\" id=\"1\"><div class=\"l-section-h i-cf\"><div class=\"g-cols vc_row via_flex valign_top type_default stacking_default\"><div class=\"vc_col-sm-12 wpb_column vc_column_container\"><div class=\"vc_column-inner\"><div class=\"wpb_wrapper\"><div class=\"w-separator size_custom\" style=\"height:\" id=\"c625\"><style>@media(max-width:1024px){ #c625{height:80px!important}}@media(max-width:600px){ #c625{height:80px!important}}<\/style><\/div><div class=\"wpb_text_column\"><div class=\"wpb_wrapper\"><p><a href=\"https:\/\/www.gen-a.es\/ca\/\"><strong>Gen A<\/strong><\/a> \u00e9s un dels millors <strong>centres de drogodepend\u00e8ncia a Barcelona<\/strong>, prestant especial atenci\u00f3 a les persones que sofreixen de drogodepend\u00e8ncia, un dels serveis vitals dins de la intervenci\u00f3 m\u00e8dica i psicol\u00f2gica.<\/p>\n<p>Som conscients que quan es manifesta una addicci\u00f3 \u00e9s important fer un pas cap endavant i posar-li fre. Per aix\u00f2, rec\u00f3rrer a <strong>centres de drogodepend\u00e8ncia a Barcelona<\/strong> \u00e9s el millor que pots fer en aquests casos. No n&#8217;hi ha prou amb tenir for\u00e7a de voluntat i dir que ho far\u00e0s, has de comen\u00e7ar ja.<\/p>\n<h2><strong>Gen A | Centre drogodepend\u00e8ncia Barcelona<\/strong><\/h2>\n<p>El primer pas per a superar una addicci\u00f3 i deixar-la enrere, \u00e9s <strong>recon\u00e8ixer-lo<\/strong>. Una persona \u00e9s addicta a les drogues quan no pot viure sense elles. I no solament aix\u00f2, sin\u00f3 tamb\u00e9 quan aquestes subst\u00e0ncies li impedeixen fer la seva vida amb normalitat.<\/p>\n<p>Per\u00f2, qu\u00e8 \u00e9s exactament la drogodepend\u00e8ncia? Aquest terme com a tal es refereix a l&#8217;h\u00e0bit de consumir drogues, del qual no es pot prescindir o que resulta molt dif\u00edcil de fer-ho a causa de raons de depend\u00e8ncia psicol\u00f2gica o fisiol\u00f2gica.<\/p>\n<p>En el moment en el qual notes que les drogues s\u00f3n les que decideixen com \u00e9s la teva vida i que no tens poder de decisi\u00f3 per sobre d&#8217;elles, has de saber que est\u00e0s sofrint una <strong>addicci\u00f3<\/strong> i, per tant, necessites posar-li fi com m\u00e9s aviat millor.<\/p>\n<h3><strong>En qu\u00e8 em pot ajudar un centre de drogodepend\u00e8ncia?<\/strong><\/h3>\n<p>Hi ha persones que reconeixen ser addictes per\u00f2 es neguen a acudir a un <strong>centre drogodepend\u00e8ncia Barcelona<\/strong>. \u00c9s una manera de mostrar el seu rebuig, de no voler fer-ho \u201cp\u00fablic\u201d o b\u00e9 retardar aquesta addicci\u00f3 el m\u00e0xim temps possible, per a continuar tenint acc\u00e9s a les drogues.<\/p>\n<p>No obstant aix\u00f2, quan es presenta una addicci\u00f3 i t&#8217;impossibilita portar una vida normal com la que portaves abans que tinguessin el control sobre la teva vida, necessites posar-te <strong>en mans de professionals<\/strong>.<\/p>\n<p>Els professionals que treballen en centres de drogodepend\u00e8ncia Barcelona s\u00f3n les persones que m\u00e9s et poden ajudar, at\u00e8s que compten amb els mitjans materials perqu\u00e8 puguis deixar aquesta addicci\u00f3 enrere.<\/p>\n<p>L&#8217;objectiu, \u00e9s que puguis mantenir-te lluny de les drogues durant tot el temps que sigui necessari, perqu\u00e8 puguis <strong>eliminar-les per complet dels teus h\u00e0bits<\/strong>. L&#8217;addicci\u00f3 estar\u00e0 superada quan no les recordis o fins i tot encara recordant el seu efecte, s\u00e0pigues que no les necessites i que et resulten per primera vegada indiferents.<\/p>\n<p>El que t\u00e9 de bo deixar-te ajudar per un equip de professionals, \u00e9s que estaran al teu costat en tot el moment perqu\u00e8 el proc\u00e9s sigui m\u00e9s senzill. Perqu\u00e8 encara que creguis que pots deixar-ho pel teu propi peu, \u00e9s important que s\u00e0pigues que, si tens aquesta addicci\u00f3, hi ha un <strong>equip hum\u00e0<\/strong> disposat a ajudar-te de veritat.<\/p>\n<h3><strong>Quins s\u00f3n els millors?<\/strong><\/h3>\n<p>Per a poder recuperar-te i tornar a tenir el control de la teva vida, necessites fer un pas cap endavant i afrontar el teu problema de <strong>drogodepend\u00e8ncia Barcelona<\/strong>. Si est\u00e0s decidit a provar-ho, \u00e9s possible que una de les primeres preguntes que et facis \u00e9s: quins centres de drogodepend\u00e8ncia a Barcelona s\u00f3n els millors?<\/p>\n<p>En el nostre cas, volem parlar de <strong>Gen A<\/strong>. Qui som i com podem ajudar-te? Som un centre de desintoxicaci\u00f3 de Barcelona. Comptem amb un equip de professionals i podem ajudar-te a superar qualsevol addicci\u00f3 a una subst\u00e0ncia, perqu\u00e8 puguis <strong>guanyar en autonomia i en qualitat de vida<\/strong>.<\/p>\n<p>En Gen A som una organitzaci\u00f3 que posem a la disposici\u00f3 dels nostres pacients entorns en els quals passar d&#8217;uns h\u00e0bits lligats al consum de les drogues, com \u00e9s el cas de la <strong>drogodepend\u00e8ncia Barcelona<\/strong>, a uns altres en els quals no existeixen ni t&#8217;afecten en la presa de decisions de la teva vida.<\/p>\n<p>Per qu\u00e8 confiar en el Centre Terap\u00e8utic *GenA? Perqu\u00e8 lluitem per a aconseguir la <strong>salut mental i el benestar social<\/strong> de les persones, tant en casos de depend\u00e8ncia de drogues com addiccions comportamentals.<\/p>\n<p>Aix\u00ed mateix, seguim <strong>tractaments efica\u00e7os<\/strong> tenint en compte els aspectes diferencials de cada persona sobre la base del seu g\u00e8nere. Sempre pensant en la renovaci\u00f3 i innovaci\u00f3 d&#8217;aquests, perqu\u00e8 funcioni.<\/p>\n<p>Pel que, si busques <strong>centres de drogodepend\u00e8ncia a Barcelona<\/strong> i acabes de trobar-nos, et convidem que facis el pas i al fet que ens coneguis. A m\u00e9s, per a posar-t&#8217;ho m\u00e9s f\u00e0cil, la primera consulta de valoraci\u00f3 \u00e9s gratu\u00efta.<\/p>\n<p>Si busques ajuda amb el problema de drogodepend\u00e8ncia Barcelona, podem ajudar-te<\/p>\n<p>Si busques ajuda per a tu o per a alg\u00fa del teu entorn, no dubtis a posar-te en contacte amb nosaltres. T&#8217;oferim una <strong>primera visita gratu\u00efta<\/strong>, una visita de valoraci\u00f3 on t&#8217;assessorarem de les ter\u00e0pies que existeixen per a la teva mena de trastorn; com en el cas de la drogodepend\u00e8ncia.<\/p>\n<p>Sabem que fa falta molt valor per a recon\u00e8ixer un problema d&#8217;addicci\u00f3. Si et sents perdut i necessites ajuda, som un equip professional, en el qual fins i tot hi ha membres amb experi\u00e8ncies en diferents tipus d&#8217;addiccions.<\/p>\n<p>T&#8217;esperem en el nostre <strong>centre drogodepend\u00e8ncia Barcelona<\/strong>. Estem a la teva sencera disposici\u00f3 per a tot el que necessitis.<\/p>\n<\/div><\/div><div class=\"w-separator size_custom\" style=\"height:\" id=\"f15c\"><style>@media(max-width:1024px){ #f15c{height:80px!important}}@media(max-width:600px){ #f15c{height:80px!important}}<\/style><\/div><\/div><\/div><\/div><\/div><\/div><\/section><section class=\"l-section wpb_row height_auto color_primary\"><div class=\"l-section-h i-cf\"><div class=\"g-cols vc_row via_flex valign_top type_default stacking_default\" style=\"--additional-gap:5px;\"><div class=\"vc_col-sm-12 wpb_column vc_column_container\"><div class=\"vc_column-inner\"><div class=\"wpb_wrapper\"><\/div><\/div><\/div><\/div><\/div><\/section><section class=\"l-section wpb_row height_medium color_primary with_img\"><div class=\"l-section-img\" role=\"img\" aria-label=\"Terapia de adicciones Barcelona\" data-img-width=\"1000\" data-img-height=\"580\" style=\"background-image: url(https:\/\/www.gen-a.es\/wp-content\/uploads\/2019\/08\/AdobeStock_192130697.jpeg);\"><\/div><div class=\"l-section-overlay\" style=\"background:rgba(10,10,10,0.45)\"><\/div><div class=\"l-section-h i-cf\"><div class=\"g-cols vc_row via_flex valign_top type_default stacking_default\"><div class=\"vc_col-sm-12 wpb_column vc_column_container us_animate_fade\" style=\"animation-delay:0.2s\"><div class=\"vc_column-inner\"><div class=\"wpb_wrapper\"><div class=\"w-separator size_custom\" style=\"height:\" id=\"u36e\"><style>@media(max-width:1024px){ #u36e{height:80px!important}}@media(max-width:600px){ #u36e{height:80px!important}}<\/style><\/div><div class=\"wpb_text_column\"><div class=\"wpb_wrapper\"><div class=\"wpb_text_column \">\n<div class=\"wpb_wrapper\">\n<h5 style=\"text-align: center;\"><strong><b>Fes el primer pas<\/b>:<\/strong><\/h5>\n<p style=\"text-align: center;\">Si penses que tot el que est\u00e0s legint t\u2019identifica a tu, o a alg\u00fa del teu voltant, busca un lloc especialitzat en el tractament de les adiccions. Si vols una primera visita de valoraci\u00f3, no dubtis en posar-te en contacte amb nosaltres, la primera vissita \u00e9s totalment gratu\u00efta, t\u2019assessorarem de totes les opcions terap\u00e8utiques que existeixen avui en dia pel seu trastorn.<\/p>\n<hr \/>\n<p style=\"text-align: center;\">Cal tenir molt de valor per poder recon\u00e8ixer que tens un problema d\u2019adicci\u00f3 i que necessites ajuda. El fet de que ara mateix estiguis llegint aix\u00f2 significa que tu tens aquest valor. El nostre equip de professionals, en el que s\u2019hi torben membres amb experi\u00e8ncies en la mateixa patolog\u00eda, estaran encantats de respondre a qualsevol pregunta que et pugui surgir. Estem desitjant poder ajudar-te.<\/p>\n<\/div>\n<\/div>\n<\/div><\/div><div class=\"w-separator size_custom\" style=\"height:30px\" id=\"m8ca\"><style><\/style><\/div><div class=\"w-btn-wrapper align_center\"><a class=\"w-btn us-btn-style_1\" title=\"Contacte\" href=\"https:\/\/www.gen-a.es\/ca\/contacte\/\"><span class=\"w-btn-label\">Contacte<\/span><\/a><\/div><div class=\"w-separator size_custom\" style=\"height:\" id=\"bc98\"><style>@media(max-width:1024px){ #bc98{height:80px!important}}@media(max-width:600px){ #bc98{height:80px!important}}<\/style><\/div><\/div><\/div><\/div><\/div><\/div><\/section>\n","protected":false},"excerpt":{"rendered":"Centres de drogodepend\u00e8ncia a Barcelona Gen A \u00e9s un dels millors centres de drogodepend\u00e8ncia a Barcelona, prestant especial atenci\u00f3 a les persones que sofreixen de drogodepend\u00e8ncia, un dels serveis vitals dins de la intervenci\u00f3 m\u00e8dica i psicol\u00f2gica. Som conscients que quan es manifesta una addicci\u00f3 \u00e9s important fer un pas cap endavant i posar-li fre....","protected":false},"author":2,"featured_media":323,"parent":0,"menu_order":0,"comment_status":"closed","ping_status":"closed","template":"","meta":{"_joinchat":[],"footnotes":""},"class_list":["post-857","page","type-page","status-publish","has-post-thumbnail","hentry"],"yoast_head":"<!-- This site is optimized with the Yoast SEO plugin v27.2 - https:\/\/yoast.com\/product\/yoast-seo-wordpress\/ -->\n<title>Centres de drogodepend\u00e8ncia a Barcelona, benvingut a GEN A.<\/title>\n<meta name=\"description\" content=\"Gen A \u00e9s un dels millors centres de drogodepend\u00e8ncia a Barcelona, prestant especial atenci\u00f3 a les persones que sofreixen aquesta addicci\u00f3.\" \/>\n<meta name=\"robots\" content=\"index, follow, max-snippet:-1, max-image-preview:large, max-video-preview:-1\" \/>\n<link rel=\"canonical\" href=\"https:\/\/www.gen-a.es\/ca\/centres-de-drogodependencia-a-barcelona\/\" \/>\n<meta property=\"og:locale\" content=\"ca_ES\" \/>\n<meta property=\"og:type\" content=\"article\" \/>\n<meta property=\"og:title\" content=\"Centres de drogodepend\u00e8ncia a Barcelona, benvingut a GEN A.\" \/>\n<meta property=\"og:description\" content=\"Gen A \u00e9s un dels millors centres de drogodepend\u00e8ncia a Barcelona, prestant especial atenci\u00f3 a les persones que sofreixen aquesta addicci\u00f3.\" \/>\n<meta property=\"og:url\" content=\"https:\/\/www.gen-a.es\/ca\/centres-de-drogodependencia-a-barcelona\/\" \/>\n<meta property=\"og:site_name\" content=\"Gen A\" \/>\n<meta property=\"article:modified_time\" content=\"2020-09-04T07:56:14+00:00\" \/>\n<meta property=\"og:image\" content=\"https:\/\/www.gen-a.es\/wp-content\/uploads\/2019\/08\/Fotolia_125898822_XL.jpg\" \/>\n\t<meta property=\"og:image:width\" content=\"1000\" \/>\n\t<meta property=\"og:image:height\" content=\"598\" \/>\n\t<meta property=\"og:image:type\" content=\"image\/jpeg\" \/>\n<meta name=\"twitter:card\" content=\"summary_large_image\" \/>\n<meta name=\"twitter:label1\" content=\"Temps estimat de lectura\" \/>\n\t<meta name=\"twitter:data1\" content=\"6 minuts\" \/>\n<script type=\"application\/ld+json\" class=\"yoast-schema-graph\">{\"@context\":\"https:\/\/schema.org\",\"@graph\":[{\"@type\":\"WebPage\",\"@id\":\"https:\/\/www.gen-a.es\/ca\/centres-de-drogodependencia-a-barcelona\/\",\"url\":\"https:\/\/www.gen-a.es\/ca\/centres-de-drogodependencia-a-barcelona\/\",\"name\":\"Centres de drogodepend\u00e8ncia a Barcelona, benvingut a GEN A.\",\"isPartOf\":{\"@id\":\"https:\/\/www.gen-a.es\/ca\/#website\"},\"primaryImageOfPage\":{\"@id\":\"https:\/\/www.gen-a.es\/ca\/centres-de-drogodependencia-a-barcelona\/#primaryimage\"},\"image\":{\"@id\":\"https:\/\/www.gen-a.es\/ca\/centres-de-drogodependencia-a-barcelona\/#primaryimage\"},\"thumbnailUrl\":\"https:\/\/www.gen-a.es\/wp-content\/uploads\/2019\/08\/Fotolia_125898822_XL.jpg\",\"datePublished\":\"2020-09-04T07:19:19+00:00\",\"dateModified\":\"2020-09-04T07:56:14+00:00\",\"description\":\"Gen A \u00e9s un dels millors centres de drogodepend\u00e8ncia a Barcelona, prestant especial atenci\u00f3 a les persones que sofreixen aquesta addicci\u00f3.\",\"breadcrumb\":{\"@id\":\"https:\/\/www.gen-a.es\/ca\/centres-de-drogodependencia-a-barcelona\/#breadcrumb\"},\"inLanguage\":\"ca\",\"potentialAction\":[{\"@type\":\"ReadAction\",\"target\":[\"https:\/\/www.gen-a.es\/ca\/centres-de-drogodependencia-a-barcelona\/\"]}]},{\"@type\":\"ImageObject\",\"inLanguage\":\"ca\",\"@id\":\"https:\/\/www.gen-a.es\/ca\/centres-de-drogodependencia-a-barcelona\/#primaryimage\",\"url\":\"https:\/\/www.gen-a.es\/wp-content\/uploads\/2019\/08\/Fotolia_125898822_XL.jpg\",\"contentUrl\":\"https:\/\/www.gen-a.es\/wp-content\/uploads\/2019\/08\/Fotolia_125898822_XL.jpg\",\"width\":1000,\"height\":598,\"caption\":\"Centres de drogodepend\u00e8ncia a Barcelona\"},{\"@type\":\"BreadcrumbList\",\"@id\":\"https:\/\/www.gen-a.es\/ca\/centres-de-drogodependencia-a-barcelona\/#breadcrumb\",\"itemListElement\":[{\"@type\":\"ListItem\",\"position\":1,\"name\":\"Portada\",\"item\":\"https:\/\/www.gen-a.es\/ca\/inicio\/\"},{\"@type\":\"ListItem\",\"position\":2,\"name\":\"Centres de drogodepend\u00e8ncia a Barcelona\"}]},{\"@type\":\"WebSite\",\"@id\":\"https:\/\/www.gen-a.es\/ca\/#website\",\"url\":\"https:\/\/www.gen-a.es\/ca\/\",\"name\":\"Gen A\",\"description\":\"Centro de Adicciones Barcelona\",\"publisher\":{\"@id\":\"https:\/\/www.gen-a.es\/ca\/#organization\"},\"potentialAction\":[{\"@type\":\"SearchAction\",\"target\":{\"@type\":\"EntryPoint\",\"urlTemplate\":\"https:\/\/www.gen-a.es\/ca\/?s={search_term_string}\"},\"query-input\":{\"@type\":\"PropertyValueSpecification\",\"valueRequired\":true,\"valueName\":\"search_term_string\"}}],\"inLanguage\":\"ca\"},{\"@type\":\"Organization\",\"@id\":\"https:\/\/www.gen-a.es\/ca\/#organization\",\"name\":\"Gen A\",\"url\":\"https:\/\/www.gen-a.es\/ca\/\",\"logo\":{\"@type\":\"ImageObject\",\"inLanguage\":\"ca\",\"@id\":\"https:\/\/www.gen-a.es\/ca\/#\/schema\/logo\/image\/\",\"url\":\"https:\/\/www.gen-a.es\/wp-content\/uploads\/2019\/09\/Isotipo-Gen-A-Color.png\",\"contentUrl\":\"https:\/\/www.gen-a.es\/wp-content\/uploads\/2019\/09\/Isotipo-Gen-A-Color.png\",\"width\":1000,\"height\":714,\"caption\":\"Gen A\"},\"image\":{\"@id\":\"https:\/\/www.gen-a.es\/ca\/#\/schema\/logo\/image\/\"}}]}<\/script>\n<!-- \/ Yoast SEO plugin. -->","yoast_head_json":{"title":"Centres de drogodepend\u00e8ncia a Barcelona, benvingut a GEN A.","description":"Gen A \u00e9s un dels millors centres de drogodepend\u00e8ncia a Barcelona, prestant especial atenci\u00f3 a les persones que sofreixen aquesta addicci\u00f3.","robots":{"index":"index","follow":"follow","max-snippet":"max-snippet:-1","max-image-preview":"max-image-preview:large","max-video-preview":"max-video-preview:-1"},"canonical":"https:\/\/www.gen-a.es\/ca\/centres-de-drogodependencia-a-barcelona\/","og_locale":"ca_ES","og_type":"article","og_title":"Centres de drogodepend\u00e8ncia a Barcelona, benvingut a GEN A.","og_description":"Gen A \u00e9s un dels millors centres de drogodepend\u00e8ncia a Barcelona, prestant especial atenci\u00f3 a les persones que sofreixen aquesta addicci\u00f3.","og_url":"https:\/\/www.gen-a.es\/ca\/centres-de-drogodependencia-a-barcelona\/","og_site_name":"Gen A","article_modified_time":"2020-09-04T07:56:14+00:00","og_image":[{"width":1000,"height":598,"url":"https:\/\/www.gen-a.es\/wp-content\/uploads\/2019\/08\/Fotolia_125898822_XL.jpg","type":"image\/jpeg"}],"twitter_card":"summary_large_image","twitter_misc":{"Temps estimat de lectura":"6 minuts"},"schema":{"@context":"https:\/\/schema.org","@graph":[{"@type":"WebPage","@id":"https:\/\/www.gen-a.es\/ca\/centres-de-drogodependencia-a-barcelona\/","url":"https:\/\/www.gen-a.es\/ca\/centres-de-drogodependencia-a-barcelona\/","name":"Centres de drogodepend\u00e8ncia a Barcelona, benvingut a GEN A.","isPartOf":{"@id":"https:\/\/www.gen-a.es\/ca\/#website"},"primaryImageOfPage":{"@id":"https:\/\/www.gen-a.es\/ca\/centres-de-drogodependencia-a-barcelona\/#primaryimage"},"image":{"@id":"https:\/\/www.gen-a.es\/ca\/centres-de-drogodependencia-a-barcelona\/#primaryimage"},"thumbnailUrl":"https:\/\/www.gen-a.es\/wp-content\/uploads\/2019\/08\/Fotolia_125898822_XL.jpg","datePublished":"2020-09-04T07:19:19+00:00","dateModified":"2020-09-04T07:56:14+00:00","description":"Gen A \u00e9s un dels millors centres de drogodepend\u00e8ncia a Barcelona, prestant especial atenci\u00f3 a les persones que sofreixen aquesta addicci\u00f3.","breadcrumb":{"@id":"https:\/\/www.gen-a.es\/ca\/centres-de-drogodependencia-a-barcelona\/#breadcrumb"},"inLanguage":"ca","potentialAction":[{"@type":"ReadAction","target":["https:\/\/www.gen-a.es\/ca\/centres-de-drogodependencia-a-barcelona\/"]}]},{"@type":"ImageObject","inLanguage":"ca","@id":"https:\/\/www.gen-a.es\/ca\/centres-de-drogodependencia-a-barcelona\/#primaryimage","url":"https:\/\/www.gen-a.es\/wp-content\/uploads\/2019\/08\/Fotolia_125898822_XL.jpg","contentUrl":"https:\/\/www.gen-a.es\/wp-content\/uploads\/2019\/08\/Fotolia_125898822_XL.jpg","width":1000,"height":598,"caption":"Centres de drogodepend\u00e8ncia a Barcelona"},{"@type":"BreadcrumbList","@id":"https:\/\/www.gen-a.es\/ca\/centres-de-drogodependencia-a-barcelona\/#breadcrumb","itemListElement":[{"@type":"ListItem","position":1,"name":"Portada","item":"https:\/\/www.gen-a.es\/ca\/inicio\/"},{"@type":"ListItem","position":2,"name":"Centres de drogodepend\u00e8ncia a Barcelona"}]},{"@type":"WebSite","@id":"https:\/\/www.gen-a.es\/ca\/#website","url":"https:\/\/www.gen-a.es\/ca\/","name":"Gen A","description":"Centro de Adicciones Barcelona","publisher":{"@id":"https:\/\/www.gen-a.es\/ca\/#organization"},"potentialAction":[{"@type":"SearchAction","target":{"@type":"EntryPoint","urlTemplate":"https:\/\/www.gen-a.es\/ca\/?s={search_term_string}"},"query-input":{"@type":"PropertyValueSpecification","valueRequired":true,"valueName":"search_term_string"}}],"inLanguage":"ca"},{"@type":"Organization","@id":"https:\/\/www.gen-a.es\/ca\/#organization","name":"Gen A","url":"https:\/\/www.gen-a.es\/ca\/","logo":{"@type":"ImageObject","inLanguage":"ca","@id":"https:\/\/www.gen-a.es\/ca\/#\/schema\/logo\/image\/","url":"https:\/\/www.gen-a.es\/wp-content\/uploads\/2019\/09\/Isotipo-Gen-A-Color.png","contentUrl":"https:\/\/www.gen-a.es\/wp-content\/uploads\/2019\/09\/Isotipo-Gen-A-Color.png","width":1000,"height":714,"caption":"Gen A"},"image":{"@id":"https:\/\/www.gen-a.es\/ca\/#\/schema\/logo\/image\/"}}]}},"_links":{"self":[{"href":"https:\/\/www.gen-a.es\/ca\/wp-json\/wp\/v2\/pages\/857","targetHints":{"allow":["GET"]}}],"collection":[{"href":"https:\/\/www.gen-a.es\/ca\/wp-json\/wp\/v2\/pages"}],"about":[{"href":"https:\/\/www.gen-a.es\/ca\/wp-json\/wp\/v2\/types\/page"}],"author":[{"embeddable":true,"href":"https:\/\/www.gen-a.es\/ca\/wp-json\/wp\/v2\/users\/2"}],"replies":[{"embeddable":true,"href":"https:\/\/www.gen-a.es\/ca\/wp-json\/wp\/v2\/comments?post=857"}],"version-history":[{"count":0,"href":"https:\/\/www.gen-a.es\/ca\/wp-json\/wp\/v2\/pages\/857\/revisions"}],"wp:featuredmedia":[{"embeddable":true,"href":"https:\/\/www.gen-a.es\/ca\/wp-json\/wp\/v2\/media\/323"}],"wp:attachment":[{"href":"https:\/\/www.gen-a.es\/ca\/wp-json\/wp\/v2\/media?parent=857"}],"curies":[{"name":"wp","href":"https:\/\/api.w.org\/{rel}","templated":true}]}}