{"id":879,"date":"2020-09-04T15:44:03","date_gmt":"2020-09-04T15:44:03","guid":{"rendered":"https:\/\/www.gen-a.es\/?page_id=879"},"modified":"2020-09-04T15:50:23","modified_gmt":"2020-09-04T15:50:23","slug":"ludopatia-tractament-psicologic","status":"publish","type":"page","link":"https:\/\/www.gen-a.es\/ca\/ludopatia-tractament-psicologic\/","title":{"rendered":"Ludopatia tractament psicol\u00f2gic"},"content":{"rendered":"<section class=\"l-section wpb_row height_huge color_primary with_img\"><div class=\"l-section-img\" role=\"img\" aria-label=\"Adicci\u00f3n al m\u00f3vil\" data-img-width=\"1000\" data-img-height=\"667\" style=\"background-image: url(https:\/\/www.gen-a.es\/wp-content\/uploads\/2020\/06\/adiccion-al-movil-scaled.jpg);\"><\/div><div class=\"l-section-overlay\" style=\"background:rgba(10,10,10,0.5)\"><\/div><div class=\"l-section-h i-cf\"><div class=\"g-cols vc_row via_flex valign_top type_default stacking_default\"><div class=\"vc_col-sm-12 wpb_column vc_column_container us_animate_fade\" style=\"animation-delay:0.4s\"><div class=\"vc_column-inner\"><div class=\"wpb_wrapper\"><div class=\"w-separator size_custom\" style=\"height:100px\" id=\"ec97\"><style><\/style><\/div><div class=\"wpb_text_column\"><div class=\"wpb_wrapper\"><h1 style=\"text-align: center;\"><strong>Ludopatia tractament psicol\u00f2gic i ter\u00e0pia<\/strong><\/h1>\n<\/div><\/div><div class=\"w-separator size_custom\" style=\"height:100px\" id=\"d134\"><style><\/style><\/div><\/div><\/div><\/div><\/div><\/div><\/section><section class=\"l-section wpb_row height_auto color_primary\"><div class=\"l-section-h i-cf\"><div class=\"g-cols vc_row via_flex valign_top type_default stacking_default\" style=\"--additional-gap:5px;\"><div class=\"vc_col-sm-12 wpb_column vc_column_container\"><div class=\"vc_column-inner\"><div class=\"wpb_wrapper\"><\/div><\/div><\/div><\/div><\/div><\/section><section class=\"l-section wpb_row height_huge\" id=\"1\"><div class=\"l-section-h i-cf\"><div class=\"g-cols vc_row via_flex valign_top type_default stacking_default\"><div class=\"vc_col-sm-12 wpb_column vc_column_container\"><div class=\"vc_column-inner\"><div class=\"wpb_wrapper\"><div class=\"w-separator size_custom\" style=\"height:\" id=\"yd44\"><style>@media(max-width:1024px){ #yd44{height:80px!important}}@media(max-width:600px){ #yd44{height:80px!important}}<\/style><\/div><div class=\"wpb_text_column\"><div class=\"wpb_wrapper\"><p>La ludopatia \u00e9s la <strong>inclinaci\u00f3 patol\u00f2gica als jocs d&#8217;atzar<\/strong>. La pateixen els qui senten algun tipus d&#8217;addicci\u00f3 als jocs. Per a aix\u00f2, existeix un tractament psicol\u00f2gic i una ter\u00e0pia. Descobreix en qu\u00e8 consisteixen.<\/p>\n<h2><strong>Ludopatia ter\u00e0pia: en qu\u00e8 consisteix?<\/strong><\/h2>\n<p>Abans de res, has de saber que la ludopatia \u00e9s una patologia que es refereix a <strong>l&#8217;alteraci\u00f3 progressiva del comportament hum\u00e0<\/strong>. Se sent una necessitat de jugar que no es pot controlar i que est\u00e0 per sobre de tot.<\/p>\n<p>Es produeix en els jocs amb capacitat addictiva, en els quals passa poc temps entre les apostes i els premis, com s\u00f3n <strong>els jocs de casino o online<\/strong>.<\/p>\n<p>La pr\u00f2pia Organitzaci\u00f3 Mundial de la Salut i per l&#8217;Associaci\u00f3 Americana de Psiquiatria (APA) l&#8217;ha reconegut com una <strong>malaltia<\/strong>. \u00c9s per aix\u00f2, que actualment ja existeix <strong><a href=\"https:\/\/www.gen-a.es\/ca\/centres-ludopatia-barcelona\/\">ludopatia<\/a> tractament psicol\u00f2gic i ter\u00e0pia<\/strong>, perqu\u00e8 la persona que est\u00e0 passant per aquest sot estigui en les millors mans i el superi.<\/p>\n<p>En el cas de la Federaci\u00f3 espanyola de Jugadors d&#8217;Atzar Rehabilitats (*Fejar), asseguren que aquest tipus de persones addictes pensen, viuen i actuen en funci\u00f3 dels jocs, deixant tota la resta a un costat. Per aix\u00f2, <strong>el comportament d&#8217;un *lud\u00f3pata est\u00e0 molt vinculat amb el d&#8217;un addicte<\/strong>.<\/p>\n<h3><strong>Possibles signes o s\u00edmptomes de ludopatia<\/strong><\/h3>\n<p>Es parla de possible ludopatia quan la persona repeteix una conducta o acci\u00f3 amb alta freq\u00fc\u00e8ncia per a obtenir els efectes desitjats, alhora que es perd el control i apareix la <strong>s\u00edndrome d&#8217;abstin\u00e8ncia<\/strong> si es frena aquest h\u00e0bit.<\/p>\n<p>Quan aix\u00f2 succeeix i les coses no surten com s&#8217;esperen, tamb\u00e9 pot donar lloc a <strong>episodis d&#8217;agressivitat<\/strong>. \u00c9s f\u00e0cil perdre els papers i, d&#8217;alguna manera, posar la vida potes per a dalt, afectant el treball, als estudis i als sers estimats.<\/p>\n<p><strong>Abandonar la vida social i laboral<\/strong> \u00e9s tamb\u00e9 freq\u00fcent, at\u00e8s que el que hauria d&#8217;importar-nos m\u00e9s passa un segon pla. El joc s&#8217;anteposa a tot.<\/p>\n<p>Aquest estil de vida poc saludable pot causar <strong>problemes econ\u00f2mics<\/strong>, perqu\u00e8 es deixa de fer front a despeses de primera necessitat per a pagar les addiccions dels jocs. Fins i tot es pot arribar a demanar diners a la fam\u00edlia o als amics i mentir-los sobre el seu \u00fas.<\/p>\n<p>El sofrir un <strong>trastorn d&#8217;ansietat o de depressi\u00f3<\/strong> tamb\u00e9 \u00e9s conseq\u00fc\u00e8ncia directa de la ludopatia, sobretot si les coses no surten com deuen. Aix\u00ed com canvis en la personalitat, <strong>no ser el mateix d&#8217;abans<\/strong>.<\/p>\n<h3><strong>Causes, per qu\u00e8 ocorre?<\/strong><\/h3>\n<p>Sovint busquem respostes i, per aix\u00f2, \u00e9s habitual preguntar-se per les causes. Per\u00f2 no hi ha una relaci\u00f3 directa amb res en concret, sin\u00f3 que, hi ha factors que poden originar un <strong>trastorn de joc patol\u00f2gic<\/strong>. Per\u00f2 es pot desenvolupar de manera diferent en cada persona.<\/p>\n<p>Fins i tot s&#8217;ha arribat a dir que la pr\u00f2pia <strong>dotaci\u00f3 gen\u00e8tica<\/strong> influeix en la ludopatia com a tal, at\u00e8s que els fills de pares jugadors tenen un major risc de desenvolupar-lo. Per\u00f2 no es transmet com a tal, sin\u00f3 que el fill pot heretar aquesta propensi\u00f3 a sofrir una addicci\u00f3 si el prova.<\/p>\n<h3><strong>Es pot prevenir?<\/strong><\/h3>\n<p>Realment es pot evitar o no hi ha res a fer? Encara que en la societat tendeix a ser un acte acceptat i quotidi\u00e0, \u00e9s important seguir un <strong>joc sa i responsable<\/strong>. \u00c9s a dir, trobar un l\u00edmit i no passar d&#8217;aqu\u00ed, perqu\u00e8 l&#8217;activitat d&#8217;oci divertida no es converteixi en una cosa patol\u00f2gica, perjudicial o malalt\u00eds.<\/p>\n<h3><strong>Tractament i ter\u00e0pies<\/strong><\/h3>\n<p>En l&#8217;actualitat, \u00e9s possible trobar per a la <strong>ludopatia tractament psicol\u00f2gic i ter\u00e0pia<\/strong>. \u00c9s a dir, la persona que pateix aquest problema pot posar-se en mans d&#8217;expert i optar per un tractament amb diferents tipus de ter\u00e0pies.<\/p>\n<p>Una ludopatia ter\u00e0pia, \u00e9s la <strong>farmacol\u00f2gica<\/strong>. \u00c9s molt \u00fatil, at\u00e8s que els medicaments aconsegueixen frenar els impulsos i manejar la conducta.<\/p>\n<p>Per\u00f2 \u00e9s important que, a majors dels f\u00e0rmacs, s&#8217;opti per una <strong>psicoter\u00e0pia individual<\/strong>. D&#8217;aquesta manera, es pot contribuir a recon\u00e8ixer el problema que es pateix i voler resoldre&#8217;l, con\u00e8ixer la situaci\u00f3 actual i voler canviar-la. Pel que, refor\u00e7ar les conductes positives \u00e9s molt benefici\u00f3s.<\/p>\n<p>Hi ha ter\u00e0pies en les quals \u00e9s important que la persona que sofreix de ludopatia es recolzi en el seu entorn, en la seva fam\u00edlia i amics. Perqu\u00e8 \u00e9s necessari que existeixi un <strong>control extern<\/strong>.<\/p>\n<p>Tamb\u00e9 s&#8217;ha de treballar per a refor\u00e7ar uns certs factors, com en el cas de l&#8217;autoestima o les habilitats socials, perqu\u00e8 la persona no busqui en el joc el que li falta en la seva vida.<\/p>\n<p>Pel que, tamb\u00e9 \u00e9s important apostar per la <strong>ludopatia tractament psicol\u00f2gic<\/strong>, at\u00e8s que tot t\u00e9 molt a veure i guarda una important relaci\u00f3.<\/p>\n<p>Tens un problema de ludopatia i vols resoldre&#8217;l per a recuperar el control sobre la teva vida? Ens alegra saber que vols fer aquest pas tan important. Que s\u00e0pigues qu\u00e8 podem ajudar-te.<\/p>\n<\/div><\/div><div class=\"w-separator size_custom\" style=\"height:\" id=\"m452\"><style>@media(max-width:1024px){ #m452{height:80px!important}}@media(max-width:600px){ #m452{height:80px!important}}<\/style><\/div><\/div><\/div><\/div><\/div><\/div><\/section><section class=\"l-section wpb_row height_auto color_primary\"><div class=\"l-section-h i-cf\"><div class=\"g-cols vc_row via_flex valign_top type_default stacking_default\" style=\"--additional-gap:5px;\"><div class=\"vc_col-sm-12 wpb_column vc_column_container\"><div class=\"vc_column-inner\"><div class=\"wpb_wrapper\"><\/div><\/div><\/div><\/div><\/div><\/section><section class=\"l-section wpb_row height_medium color_primary with_img\"><div class=\"l-section-img\" role=\"img\" aria-label=\"Terapia de adicciones Barcelona\" data-img-width=\"1000\" data-img-height=\"580\" style=\"background-image: url(https:\/\/www.gen-a.es\/wp-content\/uploads\/2019\/08\/AdobeStock_192130697.jpeg);\"><\/div><div class=\"l-section-overlay\" style=\"background:rgba(10,10,10,0.45)\"><\/div><div class=\"l-section-h i-cf\"><div class=\"g-cols vc_row via_flex valign_top type_default stacking_default\"><div class=\"vc_col-sm-12 wpb_column vc_column_container us_animate_fade\" style=\"animation-delay:0.2s\"><div class=\"vc_column-inner\"><div class=\"wpb_wrapper\"><div class=\"w-separator size_custom\" style=\"height:\" id=\"e402\"><style>@media(max-width:1024px){ #e402{height:80px!important}}@media(max-width:600px){ #e402{height:80px!important}}<\/style><\/div><div class=\"wpb_text_column\"><div class=\"wpb_wrapper\"><div class=\"wpb_text_column \">\n<div class=\"wpb_wrapper\">\n<h5 style=\"text-align: center;\"><strong><b>Fes el primer pas<\/b>:<\/strong><\/h5>\n<p style=\"text-align: center;\">Si penses que tot el que est\u00e0s legint t\u2019identifica a tu, o a alg\u00fa del teu voltant, busca un lloc especialitzat en el tractament de les adiccions. Si vols una primera visita de valoraci\u00f3, no dubtis en posar-te en contacte amb nosaltres, la primera vissita \u00e9s totalment gratu\u00efta, t\u2019assessorarem de totes les opcions terap\u00e8utiques que existeixen avui en dia pel seu trastorn.<\/p>\n<hr \/>\n<p style=\"text-align: center;\">Cal tenir molt de valor per poder recon\u00e8ixer que tens un problema d\u2019adicci\u00f3 i que necessites ajuda. El fet de que ara mateix estiguis llegint aix\u00f2 significa que tu tens aquest valor. El nostre equip de professionals, en el que s\u2019hi torben membres amb experi\u00e8ncies en la mateixa patolog\u00eda, estaran encantats de respondre a qualsevol pregunta que et pugui surgir. Estem desitjant poder ajudar-te.<\/p>\n<\/div>\n<\/div>\n<\/div><\/div><div class=\"w-separator size_custom\" style=\"height:30px\" id=\"z79e\"><style><\/style><\/div><div class=\"w-btn-wrapper align_center\"><a class=\"w-btn us-btn-style_1\" title=\"Contacte\" href=\"https:\/\/www.gen-a.es\/ca\/contacte\/\"><span class=\"w-btn-label\">Contacte<\/span><\/a><\/div><div class=\"w-separator size_custom\" style=\"height:\" id=\"qa2d\"><style>@media(max-width:1024px){ #qa2d{height:80px!important}}@media(max-width:600px){ #qa2d{height:80px!important}}<\/style><\/div><\/div><\/div><\/div><\/div><\/div><\/section>\n","protected":false},"excerpt":{"rendered":"Ludopatia tractament psicol\u00f2gic i ter\u00e0pia La ludopatia \u00e9s la inclinaci\u00f3 patol\u00f2gica als jocs d&#8217;atzar. La pateixen els qui senten algun tipus d&#8217;addicci\u00f3 als jocs. Per a aix\u00f2, existeix un tractament psicol\u00f2gic i una ter\u00e0pia. Descobreix en qu\u00e8 consisteixen. Ludopatia ter\u00e0pia: en qu\u00e8 consisteix? Abans de res, has de saber que la ludopatia \u00e9s una patologia...","protected":false},"author":2,"featured_media":462,"parent":0,"menu_order":0,"comment_status":"closed","ping_status":"closed","template":"","meta":{"_joinchat":[],"footnotes":""},"class_list":["post-879","page","type-page","status-publish","has-post-thumbnail","hentry"],"yoast_head":"<!-- This site is optimized with the Yoast SEO plugin v27.2 - https:\/\/yoast.com\/product\/yoast-seo-wordpress\/ -->\n<title>Ludopatia tractament psicol\u00f2gic i ter\u00e0pia en el centre terap\u00e8utic GenA<\/title>\n<meta name=\"description\" content=\"Actualment ja existeix per a la ludopatia a tractament psicol\u00f2gic i una ter\u00e0pia, enfocada a les persones que estan passant per aquest moment.\" \/>\n<meta name=\"robots\" content=\"index, follow, max-snippet:-1, max-image-preview:large, max-video-preview:-1\" \/>\n<link rel=\"canonical\" href=\"https:\/\/www.gen-a.es\/ca\/ludopatia-tractament-psicologic\/\" \/>\n<meta property=\"og:locale\" content=\"ca_ES\" \/>\n<meta property=\"og:type\" content=\"article\" \/>\n<meta property=\"og:title\" content=\"Ludopatia tractament psicol\u00f2gic i ter\u00e0pia en el centre terap\u00e8utic GenA\" \/>\n<meta property=\"og:description\" content=\"Actualment ja existeix per a la ludopatia a tractament psicol\u00f2gic i una ter\u00e0pia, enfocada a les persones que estan passant per aquest moment.\" \/>\n<meta property=\"og:url\" content=\"https:\/\/www.gen-a.es\/ca\/ludopatia-tractament-psicologic\/\" \/>\n<meta property=\"og:site_name\" content=\"Gen A\" \/>\n<meta property=\"article:modified_time\" content=\"2020-09-04T15:50:23+00:00\" \/>\n<meta property=\"og:image\" content=\"https:\/\/www.gen-a.es\/wp-content\/uploads\/2020\/01\/Captura-1.png\" \/>\n\t<meta property=\"og:image:width\" content=\"797\" \/>\n\t<meta property=\"og:image:height\" content=\"611\" \/>\n\t<meta property=\"og:image:type\" content=\"image\/png\" \/>\n<meta name=\"twitter:card\" content=\"summary_large_image\" \/>\n<meta name=\"twitter:label1\" content=\"Temps estimat de lectura\" \/>\n\t<meta name=\"twitter:data1\" content=\"6 minuts\" \/>\n<script type=\"application\/ld+json\" class=\"yoast-schema-graph\">{\"@context\":\"https:\/\/schema.org\",\"@graph\":[{\"@type\":\"WebPage\",\"@id\":\"https:\/\/www.gen-a.es\/ca\/ludopatia-tractament-psicologic\/\",\"url\":\"https:\/\/www.gen-a.es\/ca\/ludopatia-tractament-psicologic\/\",\"name\":\"Ludopatia tractament psicol\u00f2gic i ter\u00e0pia en el centre terap\u00e8utic GenA\",\"isPartOf\":{\"@id\":\"https:\/\/www.gen-a.es\/ca\/#website\"},\"primaryImageOfPage\":{\"@id\":\"https:\/\/www.gen-a.es\/ca\/ludopatia-tractament-psicologic\/#primaryimage\"},\"image\":{\"@id\":\"https:\/\/www.gen-a.es\/ca\/ludopatia-tractament-psicologic\/#primaryimage\"},\"thumbnailUrl\":\"https:\/\/www.gen-a.es\/wp-content\/uploads\/2020\/01\/Captura-1.png\",\"datePublished\":\"2020-09-04T15:44:03+00:00\",\"dateModified\":\"2020-09-04T15:50:23+00:00\",\"description\":\"Actualment ja existeix per a la ludopatia a tractament psicol\u00f2gic i una ter\u00e0pia, enfocada a les persones que estan passant per aquest moment.\",\"breadcrumb\":{\"@id\":\"https:\/\/www.gen-a.es\/ca\/ludopatia-tractament-psicologic\/#breadcrumb\"},\"inLanguage\":\"ca\",\"potentialAction\":[{\"@type\":\"ReadAction\",\"target\":[\"https:\/\/www.gen-a.es\/ca\/ludopatia-tractament-psicologic\/\"]}]},{\"@type\":\"ImageObject\",\"inLanguage\":\"ca\",\"@id\":\"https:\/\/www.gen-a.es\/ca\/ludopatia-tractament-psicologic\/#primaryimage\",\"url\":\"https:\/\/www.gen-a.es\/wp-content\/uploads\/2020\/01\/Captura-1.png\",\"contentUrl\":\"https:\/\/www.gen-a.es\/wp-content\/uploads\/2020\/01\/Captura-1.png\",\"width\":797,\"height\":611,\"caption\":\"Ludopatia tractament psicol\u00f2gic\"},{\"@type\":\"BreadcrumbList\",\"@id\":\"https:\/\/www.gen-a.es\/ca\/ludopatia-tractament-psicologic\/#breadcrumb\",\"itemListElement\":[{\"@type\":\"ListItem\",\"position\":1,\"name\":\"Portada\",\"item\":\"https:\/\/www.gen-a.es\/ca\/inicio\/\"},{\"@type\":\"ListItem\",\"position\":2,\"name\":\"Ludopatia tractament psicol\u00f2gic\"}]},{\"@type\":\"WebSite\",\"@id\":\"https:\/\/www.gen-a.es\/ca\/#website\",\"url\":\"https:\/\/www.gen-a.es\/ca\/\",\"name\":\"Gen A\",\"description\":\"Centro de Adicciones Barcelona\",\"publisher\":{\"@id\":\"https:\/\/www.gen-a.es\/ca\/#organization\"},\"potentialAction\":[{\"@type\":\"SearchAction\",\"target\":{\"@type\":\"EntryPoint\",\"urlTemplate\":\"https:\/\/www.gen-a.es\/ca\/?s={search_term_string}\"},\"query-input\":{\"@type\":\"PropertyValueSpecification\",\"valueRequired\":true,\"valueName\":\"search_term_string\"}}],\"inLanguage\":\"ca\"},{\"@type\":\"Organization\",\"@id\":\"https:\/\/www.gen-a.es\/ca\/#organization\",\"name\":\"Gen A\",\"url\":\"https:\/\/www.gen-a.es\/ca\/\",\"logo\":{\"@type\":\"ImageObject\",\"inLanguage\":\"ca\",\"@id\":\"https:\/\/www.gen-a.es\/ca\/#\/schema\/logo\/image\/\",\"url\":\"https:\/\/www.gen-a.es\/wp-content\/uploads\/2019\/09\/Isotipo-Gen-A-Color.png\",\"contentUrl\":\"https:\/\/www.gen-a.es\/wp-content\/uploads\/2019\/09\/Isotipo-Gen-A-Color.png\",\"width\":1000,\"height\":714,\"caption\":\"Gen A\"},\"image\":{\"@id\":\"https:\/\/www.gen-a.es\/ca\/#\/schema\/logo\/image\/\"}}]}<\/script>\n<!-- \/ Yoast SEO plugin. -->","yoast_head_json":{"title":"Ludopatia tractament psicol\u00f2gic i ter\u00e0pia en el centre terap\u00e8utic GenA","description":"Actualment ja existeix per a la ludopatia a tractament psicol\u00f2gic i una ter\u00e0pia, enfocada a les persones que estan passant per aquest moment.","robots":{"index":"index","follow":"follow","max-snippet":"max-snippet:-1","max-image-preview":"max-image-preview:large","max-video-preview":"max-video-preview:-1"},"canonical":"https:\/\/www.gen-a.es\/ca\/ludopatia-tractament-psicologic\/","og_locale":"ca_ES","og_type":"article","og_title":"Ludopatia tractament psicol\u00f2gic i ter\u00e0pia en el centre terap\u00e8utic GenA","og_description":"Actualment ja existeix per a la ludopatia a tractament psicol\u00f2gic i una ter\u00e0pia, enfocada a les persones que estan passant per aquest moment.","og_url":"https:\/\/www.gen-a.es\/ca\/ludopatia-tractament-psicologic\/","og_site_name":"Gen A","article_modified_time":"2020-09-04T15:50:23+00:00","og_image":[{"width":797,"height":611,"url":"https:\/\/www.gen-a.es\/wp-content\/uploads\/2020\/01\/Captura-1.png","type":"image\/png"}],"twitter_card":"summary_large_image","twitter_misc":{"Temps estimat de lectura":"6 minuts"},"schema":{"@context":"https:\/\/schema.org","@graph":[{"@type":"WebPage","@id":"https:\/\/www.gen-a.es\/ca\/ludopatia-tractament-psicologic\/","url":"https:\/\/www.gen-a.es\/ca\/ludopatia-tractament-psicologic\/","name":"Ludopatia tractament psicol\u00f2gic i ter\u00e0pia en el centre terap\u00e8utic GenA","isPartOf":{"@id":"https:\/\/www.gen-a.es\/ca\/#website"},"primaryImageOfPage":{"@id":"https:\/\/www.gen-a.es\/ca\/ludopatia-tractament-psicologic\/#primaryimage"},"image":{"@id":"https:\/\/www.gen-a.es\/ca\/ludopatia-tractament-psicologic\/#primaryimage"},"thumbnailUrl":"https:\/\/www.gen-a.es\/wp-content\/uploads\/2020\/01\/Captura-1.png","datePublished":"2020-09-04T15:44:03+00:00","dateModified":"2020-09-04T15:50:23+00:00","description":"Actualment ja existeix per a la ludopatia a tractament psicol\u00f2gic i una ter\u00e0pia, enfocada a les persones que estan passant per aquest moment.","breadcrumb":{"@id":"https:\/\/www.gen-a.es\/ca\/ludopatia-tractament-psicologic\/#breadcrumb"},"inLanguage":"ca","potentialAction":[{"@type":"ReadAction","target":["https:\/\/www.gen-a.es\/ca\/ludopatia-tractament-psicologic\/"]}]},{"@type":"ImageObject","inLanguage":"ca","@id":"https:\/\/www.gen-a.es\/ca\/ludopatia-tractament-psicologic\/#primaryimage","url":"https:\/\/www.gen-a.es\/wp-content\/uploads\/2020\/01\/Captura-1.png","contentUrl":"https:\/\/www.gen-a.es\/wp-content\/uploads\/2020\/01\/Captura-1.png","width":797,"height":611,"caption":"Ludopatia tractament psicol\u00f2gic"},{"@type":"BreadcrumbList","@id":"https:\/\/www.gen-a.es\/ca\/ludopatia-tractament-psicologic\/#breadcrumb","itemListElement":[{"@type":"ListItem","position":1,"name":"Portada","item":"https:\/\/www.gen-a.es\/ca\/inicio\/"},{"@type":"ListItem","position":2,"name":"Ludopatia tractament psicol\u00f2gic"}]},{"@type":"WebSite","@id":"https:\/\/www.gen-a.es\/ca\/#website","url":"https:\/\/www.gen-a.es\/ca\/","name":"Gen A","description":"Centro de Adicciones Barcelona","publisher":{"@id":"https:\/\/www.gen-a.es\/ca\/#organization"},"potentialAction":[{"@type":"SearchAction","target":{"@type":"EntryPoint","urlTemplate":"https:\/\/www.gen-a.es\/ca\/?s={search_term_string}"},"query-input":{"@type":"PropertyValueSpecification","valueRequired":true,"valueName":"search_term_string"}}],"inLanguage":"ca"},{"@type":"Organization","@id":"https:\/\/www.gen-a.es\/ca\/#organization","name":"Gen A","url":"https:\/\/www.gen-a.es\/ca\/","logo":{"@type":"ImageObject","inLanguage":"ca","@id":"https:\/\/www.gen-a.es\/ca\/#\/schema\/logo\/image\/","url":"https:\/\/www.gen-a.es\/wp-content\/uploads\/2019\/09\/Isotipo-Gen-A-Color.png","contentUrl":"https:\/\/www.gen-a.es\/wp-content\/uploads\/2019\/09\/Isotipo-Gen-A-Color.png","width":1000,"height":714,"caption":"Gen A"},"image":{"@id":"https:\/\/www.gen-a.es\/ca\/#\/schema\/logo\/image\/"}}]}},"_links":{"self":[{"href":"https:\/\/www.gen-a.es\/ca\/wp-json\/wp\/v2\/pages\/879","targetHints":{"allow":["GET"]}}],"collection":[{"href":"https:\/\/www.gen-a.es\/ca\/wp-json\/wp\/v2\/pages"}],"about":[{"href":"https:\/\/www.gen-a.es\/ca\/wp-json\/wp\/v2\/types\/page"}],"author":[{"embeddable":true,"href":"https:\/\/www.gen-a.es\/ca\/wp-json\/wp\/v2\/users\/2"}],"replies":[{"embeddable":true,"href":"https:\/\/www.gen-a.es\/ca\/wp-json\/wp\/v2\/comments?post=879"}],"version-history":[{"count":0,"href":"https:\/\/www.gen-a.es\/ca\/wp-json\/wp\/v2\/pages\/879\/revisions"}],"wp:featuredmedia":[{"embeddable":true,"href":"https:\/\/www.gen-a.es\/ca\/wp-json\/wp\/v2\/media\/462"}],"wp:attachment":[{"href":"https:\/\/www.gen-a.es\/ca\/wp-json\/wp\/v2\/media?parent=879"}],"curies":[{"name":"wp","href":"https:\/\/api.w.org\/{rel}","templated":true}]}}