{"id":884,"date":"2020-09-04T20:38:19","date_gmt":"2020-09-04T20:38:19","guid":{"rendered":"https:\/\/www.gen-a.es\/?page_id=884"},"modified":"2020-09-04T20:43:12","modified_gmt":"2020-09-04T20:43:12","slug":"centre-terapeutic-barcelona","status":"publish","type":"page","link":"https:\/\/www.gen-a.es\/ca\/centre-terapeutic-barcelona\/","title":{"rendered":"Centre terap\u00e8utic Barcelona"},"content":{"rendered":"<section class=\"l-section wpb_row height_huge color_primary with_img\"><div class=\"l-section-img\" role=\"img\" aria-label=\"Adicci\u00f3n al m\u00f3vil\" data-img-width=\"1000\" data-img-height=\"667\" style=\"background-image: url(https:\/\/www.gen-a.es\/wp-content\/uploads\/2020\/06\/adiccion-al-movil-scaled.jpg);\"><\/div><div class=\"l-section-overlay\" style=\"background:rgba(10,10,10,0.5)\"><\/div><div class=\"l-section-h i-cf\"><div class=\"g-cols vc_row via_flex valign_top type_default stacking_default\"><div class=\"vc_col-sm-12 wpb_column vc_column_container us_animate_fade\" style=\"animation-delay:0.4s\"><div class=\"vc_column-inner\"><div class=\"wpb_wrapper\"><div class=\"w-separator size_custom\" style=\"height:100px\" id=\"gaee\"><style><\/style><\/div><div class=\"wpb_text_column\"><div class=\"wpb_wrapper\"><h1 style=\"text-align: center;\"><strong>Centre terap\u00e8utic Barcelona<\/strong><\/h1>\n<\/div><\/div><div class=\"w-separator size_custom\" style=\"height:100px\" id=\"xf4b\"><style><\/style><\/div><\/div><\/div><\/div><\/div><\/div><\/section><section class=\"l-section wpb_row height_auto color_primary\"><div class=\"l-section-h i-cf\"><div class=\"g-cols vc_row via_flex valign_top type_default stacking_default\" style=\"--additional-gap:5px;\"><div class=\"vc_col-sm-12 wpb_column vc_column_container\"><div class=\"vc_column-inner\"><div class=\"wpb_wrapper\"><\/div><\/div><\/div><\/div><\/div><\/section><section class=\"l-section wpb_row height_huge\" id=\"1\"><div class=\"l-section-h i-cf\"><div class=\"g-cols vc_row via_flex valign_top type_default stacking_default\"><div class=\"vc_col-sm-12 wpb_column vc_column_container\"><div class=\"vc_column-inner\"><div class=\"wpb_wrapper\"><div class=\"w-separator size_custom\" style=\"height:\" id=\"td0f\"><style>@media(max-width:1024px){ #td0f{height:80px!important}}@media(max-width:600px){ #td0f{height:80px!important}}<\/style><\/div><div class=\"wpb_text_column\"><div class=\"wpb_wrapper\"><p>Est\u00e0s buscant un <strong>centre terap\u00e8utic Barcelona<\/strong> en el qual poder tractar una addicci\u00f3? Cerques informaci\u00f3 per a tu o per a un ser estimat? En qualsevol cas, et donem la benvinguda a <a href=\"https:\/\/www.gen-a.es\/ca\/\"><strong>Gen-A<\/strong><\/a> i esperem poder ajudar-te.<\/p>\n<h2><strong>Com triar un centre terap\u00e8utic<\/strong><\/h2>\n<p>Triar un <strong>centre terap\u00e8utic<\/strong> per realitzar una ter\u00e0pia i posar fi a una addicci\u00f3, no \u00e9s gens f\u00e0cil. \u00c9s un pas per al qual fa falta molta valentia i for\u00e7a de voluntat, at\u00e8s que moltes persones addictes no s\u00f3n capaces de veure que tenen un problema i que necessiten ajuda per a sortir i recuperar la seva vida d&#8217;abans.<\/p>\n<p>No obstant aix\u00f2, quan s&#8217;\u00e9s conscient que es t\u00e9 un problema, \u00e9s el moment de buscar un <strong>centre terap\u00e8utic i de desintoxicaci\u00f3<\/strong> i, posar-se en mans de professionals que puguin curar-te.<\/p>\n<p>Clar que, en ciutats grans com Barcelona existeixen moltes opcions i pot resultar complex decantar-se per un centre. Pel que, si est\u00e0s buscant un <strong>centre terap\u00e8utic Barcelona<\/strong>, volem ajudar-te a triar.<\/p>\n<h3><strong>Consells per a triar el m\u00e9s adequat<\/strong><\/h3>\n<p>Quines caracter\u00edstiques ha de tenir un bon centre terap\u00e8utic perqu\u00e8 em doni confian\u00e7a i garanties sobre altres opcions? Almenys, les seg\u00fcents:<\/p>\n<ul>\n<li style=\"font-weight: 400;\"><strong>Disponibilitat<\/strong>: una de les caracter\u00edstiques que has d&#8217;avaluar, \u00e9s el nivell d&#8217;accessibilitat. Ha d&#8217;estar disponible quan ho necessitis, perqu\u00e8 si dubtes entre posar o no el tractament, \u00e9s important que en el moment de prendre la decisi\u00f3 i acudir estiguin disponibles parell comen\u00e7ar. Sense volta enrere.<\/li>\n<li style=\"font-weight: 400;\"><strong>Equip altament qualificat<\/strong>: a l&#8217;hora de buscar un centre terap\u00e8utic per a curar una addicci\u00f3, voldr\u00e0s estar en mans de professionals. En l&#8217;etapa de desintoxicaci\u00f3 el seguiment m\u00e8dic \u00e9s indispensable. Per\u00f2 a m\u00e9s, ha d&#8217;haver-hi un nombre suficient de professionals experts en cada \u00e0rea i fins i tot addictes recuperats col\u00b7laborant en l&#8217;equip.<\/li>\n<li style=\"font-weight: 400;\"><strong>Avaluacions personalitzades<\/strong>: les ter\u00e0pies en grup estan molt b\u00e9 i posseeixen els seus beneficis, per\u00f2 \u00e9s important que el <strong>centre terap\u00e8utic Barcelona<\/strong> triat realitzi tamb\u00e9 avaluacions personalitzades. Perqu\u00e8 no hi ha un \u00fanic tractament que vagi a funcionar per a totes les persones.<\/li>\n<li style=\"font-weight: 400;\"><strong>Tipus de tractament<\/strong>: un bon centre actuar\u00e0 amb total transpar\u00e8ncia i t&#8217;informar\u00e0 del nom i evid\u00e8ncia cient\u00edfica de la ter\u00e0pia a realitzar, per a poder comprovar la seva efectivitat i quedar-se m\u00e9s tranquil.<\/li>\n<li style=\"font-weight: 400;\"><strong>Durada<\/strong>: un altre dels aspectes a considerar, \u00e9s la durada de la ter\u00e0pia. En alguns casos ser\u00e0 necessari uns mesos i en altres anys, perqu\u00e8 hi ha unes quatre fases del proc\u00e9s: desintoxicaci\u00f3, deshabituaci\u00f3, rehabilitaci\u00f3\u00a0 i reinserci\u00f3.<\/li>\n<li style=\"font-weight: 400;\"><strong>Preu<\/strong>: evidentment, un dels aspectes que tamb\u00e9 se sol considerar \u00e9s el preu. Per\u00f2 no hauria de ser el m\u00e9s important ni molt menys, at\u00e8s que parlem d&#8217;una cosa seriosa i que volem curar de veritat.<\/li>\n<li style=\"font-weight: 400;\"><strong>Col\u00b7laboraci\u00f3<\/strong> <strong>entre la fam\u00edlia<\/strong>: tamb\u00e9 es valora especialment si el centre ofereix ter\u00e0pies en les quals el pacient col\u00b7labora amb la fam\u00edlia i els terapeutes Aix\u00f2 \u00e9s pel fet que la fam\u00edlia \u00e9s un suport incondicional i \u00e9s clau per a la seva correcta recuperaci\u00f3, perqu\u00e8 es pot motivar i sortir abans.<\/li>\n<\/ul>\n<p>Aquestes caracter\u00edstiques que esmentem pots trobar-les en centres especialitzats i professionals com en el cas de Gen-A, perqu\u00e8 estem sempre a la teva sencera disposici\u00f3 per a ajudar-te.<\/p>\n<h3><strong>Quina difer\u00e8ncia hi ha entre centre d&#8217;ingr\u00e9s i centre ambulatori?<\/strong><\/h3>\n<p>A l&#8217;hora de tractar addiccions, \u00e9s possible que sorgeixin dubtes sobre si \u00e9s millor un centre d&#8217;ingr\u00e9s o un centre ambulatori.<\/p>\n<p>En el cas del <strong>centre d&#8217;ingr\u00e9s<\/strong>, es tracta d&#8217;una cl\u00ednica en r\u00e8gim intern on el pacient est\u00e0 tot el dia, les 24 hores. Per descomptat, \u00e9s monitorat i seguit per un equip terap\u00e8utic. Cont\u00e9 unes instal\u00b7lacions \u00e0mplies i allotjament, activitats, centre de dia, etc. Tot per a garantir el m\u00e0xim confort.<\/p>\n<p>Clar que, tamb\u00e9 est\u00e0 el <strong>centre ambulatori<\/strong>. Es refereix a la cl\u00ednica en la qual el pacient passa unes hores al dia, nom\u00e9s per a rebre el seu tractament o ter\u00e0pia. Clar que, hi ha ambulatoris privats amb cobertura 24 hores i que estan sempre disponible per al pacient, ja sigui f\u00edsicament o per tel\u00e8fon per a atendre-ho.<\/p>\n<p>L&#8217;opci\u00f3 millor o pitjor dependr\u00e0 del pacient, de les seves necessitats i, per descomptat, de l&#8217;opini\u00f3 que tingui la fam\u00edlia si s\u00f3n els seus sers estimats els que prenen la decisi\u00f3 i busquen la millor opci\u00f3 per al pacient.<\/p>\n<h3><strong>El millor centre terap\u00e8utic Barcelona<\/strong><\/h3>\n<p>Segur que amb els consells esmentats tens m\u00e9s clar quin \u00e9s el millor <strong>centre terap\u00e8utic Barcelona<\/strong> o quin \u00e9s el que s&#8217;ajusta m\u00e9s al que cerques, ja sigui per a tractar la teva pr\u00f2pia addicci\u00f3 o la d&#8217;un ser estimat.<\/p>\n<p>En <strong>Gen-A<\/strong> comptem amb un equip de grans professionals i estem a la teva sencera disposici\u00f3 per a atendre&#8217;t, resoldre els teus dubtes i, sobretot, curar-te. Volem que s\u00e0pigues que est\u00e0s en les millors mans i que pots confiar en nosaltres.<\/p>\n<\/div><\/div><div class=\"w-separator size_custom\" style=\"height:\" id=\"k3d4\"><style>@media(max-width:1024px){ #k3d4{height:80px!important}}@media(max-width:600px){ #k3d4{height:80px!important}}<\/style><\/div><\/div><\/div><\/div><\/div><\/div><\/section><section class=\"l-section wpb_row height_auto color_primary\"><div class=\"l-section-h i-cf\"><div class=\"g-cols vc_row via_flex valign_top type_default stacking_default\" style=\"--additional-gap:5px;\"><div class=\"vc_col-sm-12 wpb_column vc_column_container\"><div class=\"vc_column-inner\"><div class=\"wpb_wrapper\"><\/div><\/div><\/div><\/div><\/div><\/section><section class=\"l-section wpb_row height_medium color_primary with_img\"><div class=\"l-section-img\" role=\"img\" aria-label=\"Terapia de adicciones Barcelona\" data-img-width=\"1000\" data-img-height=\"580\" style=\"background-image: url(https:\/\/www.gen-a.es\/wp-content\/uploads\/2019\/08\/AdobeStock_192130697.jpeg);\"><\/div><div class=\"l-section-overlay\" style=\"background:rgba(10,10,10,0.45)\"><\/div><div class=\"l-section-h i-cf\"><div class=\"g-cols vc_row via_flex valign_top type_default stacking_default\"><div class=\"vc_col-sm-12 wpb_column vc_column_container us_animate_fade\" style=\"animation-delay:0.2s\"><div class=\"vc_column-inner\"><div class=\"wpb_wrapper\"><div class=\"w-separator size_custom\" style=\"height:\" id=\"v510\"><style>@media(max-width:1024px){ #v510{height:80px!important}}@media(max-width:600px){ #v510{height:80px!important}}<\/style><\/div><div class=\"wpb_text_column\"><div class=\"wpb_wrapper\"><div class=\"wpb_text_column \">\n<div class=\"wpb_wrapper\">\n<h5 style=\"text-align: center;\"><strong><b>Fes el primer pas<\/b>:<\/strong><\/h5>\n<p style=\"text-align: center;\">Si penses que tot el que est\u00e0s legint t\u2019identifica a tu, o a alg\u00fa del teu voltant, busca un lloc especialitzat en el tractament de les adiccions. Si vols una primera visita de valoraci\u00f3, no dubtis en posar-te en contacte amb nosaltres, la primera vissita \u00e9s totalment gratu\u00efta, t\u2019assessorarem de totes les opcions terap\u00e8utiques que existeixen avui en dia pel seu trastorn.<\/p>\n<hr \/>\n<p style=\"text-align: center;\">Cal tenir molt de valor per poder recon\u00e8ixer que tens un problema d\u2019adicci\u00f3 i que necessites ajuda. El fet de que ara mateix estiguis llegint aix\u00f2 significa que tu tens aquest valor. El nostre equip de professionals, en el que s\u2019hi torben membres amb experi\u00e8ncies en la mateixa patolog\u00eda, estaran encantats de respondre a qualsevol pregunta que et pugui surgir. Estem desitjant poder ajudar-te.<\/p>\n<\/div>\n<\/div>\n<\/div><\/div><div class=\"w-separator size_custom\" style=\"height:30px\" id=\"d8a5\"><style><\/style><\/div><div class=\"w-btn-wrapper align_center\"><a class=\"w-btn us-btn-style_1\" title=\"Contacte\" href=\"https:\/\/www.gen-a.es\/ca\/contacte\/\"><span class=\"w-btn-label\">Contacte<\/span><\/a><\/div><div class=\"w-separator size_custom\" style=\"height:\" id=\"rb2d\"><style>@media(max-width:1024px){ #rb2d{height:80px!important}}@media(max-width:600px){ #rb2d{height:80px!important}}<\/style><\/div><\/div><\/div><\/div><\/div><\/div><\/section>\n","protected":false},"excerpt":{"rendered":"Centre terap\u00e8utic Barcelona Est\u00e0s buscant un centre terap\u00e8utic Barcelona en el qual poder tractar una addicci\u00f3? Cerques informaci\u00f3 per a tu o per a un ser estimat? En qualsevol cas, et donem la benvinguda a Gen-A i esperem poder ajudar-te. Com triar un centre terap\u00e8utic Triar un centre terap\u00e8utic per realitzar una ter\u00e0pia i posar...","protected":false},"author":2,"featured_media":328,"parent":0,"menu_order":0,"comment_status":"closed","ping_status":"closed","template":"","meta":{"_joinchat":[],"footnotes":""},"class_list":["post-884","page","type-page","status-publish","has-post-thumbnail","hentry"],"yoast_head":"<!-- This site is optimized with the Yoast SEO plugin v27.2 - https:\/\/yoast.com\/product\/yoast-seo-wordpress\/ -->\n<title>Centre terap\u00e8utic Barcelona Gen-A, veuen a con\u00e8ixer-nos.<\/title>\n<meta name=\"description\" content=\"Est\u00e0s buscant un centre terap\u00e8utic Barcelona en el qual poder tractar una addicci\u00f3? Et donem la benvinguda a Gen-A, podem ajudar-te.\" \/>\n<meta name=\"robots\" content=\"index, follow, max-snippet:-1, max-image-preview:large, max-video-preview:-1\" \/>\n<link rel=\"canonical\" href=\"https:\/\/www.gen-a.es\/ca\/centre-terapeutic-barcelona\/\" \/>\n<meta property=\"og:locale\" content=\"ca_ES\" \/>\n<meta property=\"og:type\" content=\"article\" \/>\n<meta property=\"og:title\" content=\"Centre terap\u00e8utic Barcelona Gen-A, veuen a con\u00e8ixer-nos.\" \/>\n<meta property=\"og:description\" content=\"Est\u00e0s buscant un centre terap\u00e8utic Barcelona en el qual poder tractar una addicci\u00f3? Et donem la benvinguda a Gen-A, podem ajudar-te.\" \/>\n<meta property=\"og:url\" content=\"https:\/\/www.gen-a.es\/ca\/centre-terapeutic-barcelona\/\" \/>\n<meta property=\"og:site_name\" content=\"Gen A\" \/>\n<meta property=\"article:modified_time\" content=\"2020-09-04T20:43:12+00:00\" \/>\n<meta property=\"og:image\" content=\"https:\/\/www.gen-a.es\/wp-content\/uploads\/2019\/09\/Isotipo-Gen-A-Color.png\" \/>\n\t<meta property=\"og:image:width\" content=\"1000\" \/>\n\t<meta property=\"og:image:height\" content=\"714\" \/>\n\t<meta property=\"og:image:type\" content=\"image\/png\" \/>\n<meta name=\"twitter:card\" content=\"summary_large_image\" \/>\n<meta name=\"twitter:label1\" content=\"Temps estimat de lectura\" \/>\n\t<meta name=\"twitter:data1\" content=\"6 minuts\" \/>\n<script type=\"application\/ld+json\" class=\"yoast-schema-graph\">{\"@context\":\"https:\/\/schema.org\",\"@graph\":[{\"@type\":\"WebPage\",\"@id\":\"https:\/\/www.gen-a.es\/ca\/centre-terapeutic-barcelona\/\",\"url\":\"https:\/\/www.gen-a.es\/ca\/centre-terapeutic-barcelona\/\",\"name\":\"Centre terap\u00e8utic Barcelona Gen-A, veuen a con\u00e8ixer-nos.\",\"isPartOf\":{\"@id\":\"https:\/\/www.gen-a.es\/ca\/#website\"},\"primaryImageOfPage\":{\"@id\":\"https:\/\/www.gen-a.es\/ca\/centre-terapeutic-barcelona\/#primaryimage\"},\"image\":{\"@id\":\"https:\/\/www.gen-a.es\/ca\/centre-terapeutic-barcelona\/#primaryimage\"},\"thumbnailUrl\":\"https:\/\/www.gen-a.es\/wp-content\/uploads\/2019\/09\/Isotipo-Gen-A-Color.png\",\"datePublished\":\"2020-09-04T20:38:19+00:00\",\"dateModified\":\"2020-09-04T20:43:12+00:00\",\"description\":\"Est\u00e0s buscant un centre terap\u00e8utic Barcelona en el qual poder tractar una addicci\u00f3? Et donem la benvinguda a Gen-A, podem ajudar-te.\",\"breadcrumb\":{\"@id\":\"https:\/\/www.gen-a.es\/ca\/centre-terapeutic-barcelona\/#breadcrumb\"},\"inLanguage\":\"ca\",\"potentialAction\":[{\"@type\":\"ReadAction\",\"target\":[\"https:\/\/www.gen-a.es\/ca\/centre-terapeutic-barcelona\/\"]}]},{\"@type\":\"ImageObject\",\"inLanguage\":\"ca\",\"@id\":\"https:\/\/www.gen-a.es\/ca\/centre-terapeutic-barcelona\/#primaryimage\",\"url\":\"https:\/\/www.gen-a.es\/wp-content\/uploads\/2019\/09\/Isotipo-Gen-A-Color.png\",\"contentUrl\":\"https:\/\/www.gen-a.es\/wp-content\/uploads\/2019\/09\/Isotipo-Gen-A-Color.png\",\"width\":1000,\"height\":714,\"caption\":\"Centre terap\u00e8utic Barcelona\"},{\"@type\":\"BreadcrumbList\",\"@id\":\"https:\/\/www.gen-a.es\/ca\/centre-terapeutic-barcelona\/#breadcrumb\",\"itemListElement\":[{\"@type\":\"ListItem\",\"position\":1,\"name\":\"Portada\",\"item\":\"https:\/\/www.gen-a.es\/ca\/inicio\/\"},{\"@type\":\"ListItem\",\"position\":2,\"name\":\"Centre terap\u00e8utic Barcelona\"}]},{\"@type\":\"WebSite\",\"@id\":\"https:\/\/www.gen-a.es\/ca\/#website\",\"url\":\"https:\/\/www.gen-a.es\/ca\/\",\"name\":\"Gen A\",\"description\":\"Centro de Adicciones Barcelona\",\"publisher\":{\"@id\":\"https:\/\/www.gen-a.es\/ca\/#organization\"},\"potentialAction\":[{\"@type\":\"SearchAction\",\"target\":{\"@type\":\"EntryPoint\",\"urlTemplate\":\"https:\/\/www.gen-a.es\/ca\/?s={search_term_string}\"},\"query-input\":{\"@type\":\"PropertyValueSpecification\",\"valueRequired\":true,\"valueName\":\"search_term_string\"}}],\"inLanguage\":\"ca\"},{\"@type\":\"Organization\",\"@id\":\"https:\/\/www.gen-a.es\/ca\/#organization\",\"name\":\"Gen A\",\"url\":\"https:\/\/www.gen-a.es\/ca\/\",\"logo\":{\"@type\":\"ImageObject\",\"inLanguage\":\"ca\",\"@id\":\"https:\/\/www.gen-a.es\/ca\/#\/schema\/logo\/image\/\",\"url\":\"https:\/\/www.gen-a.es\/wp-content\/uploads\/2019\/09\/Isotipo-Gen-A-Color.png\",\"contentUrl\":\"https:\/\/www.gen-a.es\/wp-content\/uploads\/2019\/09\/Isotipo-Gen-A-Color.png\",\"width\":1000,\"height\":714,\"caption\":\"Gen A\"},\"image\":{\"@id\":\"https:\/\/www.gen-a.es\/ca\/#\/schema\/logo\/image\/\"}}]}<\/script>\n<!-- \/ Yoast SEO plugin. -->","yoast_head_json":{"title":"Centre terap\u00e8utic Barcelona Gen-A, veuen a con\u00e8ixer-nos.","description":"Est\u00e0s buscant un centre terap\u00e8utic Barcelona en el qual poder tractar una addicci\u00f3? Et donem la benvinguda a Gen-A, podem ajudar-te.","robots":{"index":"index","follow":"follow","max-snippet":"max-snippet:-1","max-image-preview":"max-image-preview:large","max-video-preview":"max-video-preview:-1"},"canonical":"https:\/\/www.gen-a.es\/ca\/centre-terapeutic-barcelona\/","og_locale":"ca_ES","og_type":"article","og_title":"Centre terap\u00e8utic Barcelona Gen-A, veuen a con\u00e8ixer-nos.","og_description":"Est\u00e0s buscant un centre terap\u00e8utic Barcelona en el qual poder tractar una addicci\u00f3? Et donem la benvinguda a Gen-A, podem ajudar-te.","og_url":"https:\/\/www.gen-a.es\/ca\/centre-terapeutic-barcelona\/","og_site_name":"Gen A","article_modified_time":"2020-09-04T20:43:12+00:00","og_image":[{"width":1000,"height":714,"url":"https:\/\/www.gen-a.es\/wp-content\/uploads\/2019\/09\/Isotipo-Gen-A-Color.png","type":"image\/png"}],"twitter_card":"summary_large_image","twitter_misc":{"Temps estimat de lectura":"6 minuts"},"schema":{"@context":"https:\/\/schema.org","@graph":[{"@type":"WebPage","@id":"https:\/\/www.gen-a.es\/ca\/centre-terapeutic-barcelona\/","url":"https:\/\/www.gen-a.es\/ca\/centre-terapeutic-barcelona\/","name":"Centre terap\u00e8utic Barcelona Gen-A, veuen a con\u00e8ixer-nos.","isPartOf":{"@id":"https:\/\/www.gen-a.es\/ca\/#website"},"primaryImageOfPage":{"@id":"https:\/\/www.gen-a.es\/ca\/centre-terapeutic-barcelona\/#primaryimage"},"image":{"@id":"https:\/\/www.gen-a.es\/ca\/centre-terapeutic-barcelona\/#primaryimage"},"thumbnailUrl":"https:\/\/www.gen-a.es\/wp-content\/uploads\/2019\/09\/Isotipo-Gen-A-Color.png","datePublished":"2020-09-04T20:38:19+00:00","dateModified":"2020-09-04T20:43:12+00:00","description":"Est\u00e0s buscant un centre terap\u00e8utic Barcelona en el qual poder tractar una addicci\u00f3? Et donem la benvinguda a Gen-A, podem ajudar-te.","breadcrumb":{"@id":"https:\/\/www.gen-a.es\/ca\/centre-terapeutic-barcelona\/#breadcrumb"},"inLanguage":"ca","potentialAction":[{"@type":"ReadAction","target":["https:\/\/www.gen-a.es\/ca\/centre-terapeutic-barcelona\/"]}]},{"@type":"ImageObject","inLanguage":"ca","@id":"https:\/\/www.gen-a.es\/ca\/centre-terapeutic-barcelona\/#primaryimage","url":"https:\/\/www.gen-a.es\/wp-content\/uploads\/2019\/09\/Isotipo-Gen-A-Color.png","contentUrl":"https:\/\/www.gen-a.es\/wp-content\/uploads\/2019\/09\/Isotipo-Gen-A-Color.png","width":1000,"height":714,"caption":"Centre terap\u00e8utic Barcelona"},{"@type":"BreadcrumbList","@id":"https:\/\/www.gen-a.es\/ca\/centre-terapeutic-barcelona\/#breadcrumb","itemListElement":[{"@type":"ListItem","position":1,"name":"Portada","item":"https:\/\/www.gen-a.es\/ca\/inicio\/"},{"@type":"ListItem","position":2,"name":"Centre terap\u00e8utic Barcelona"}]},{"@type":"WebSite","@id":"https:\/\/www.gen-a.es\/ca\/#website","url":"https:\/\/www.gen-a.es\/ca\/","name":"Gen A","description":"Centro de Adicciones Barcelona","publisher":{"@id":"https:\/\/www.gen-a.es\/ca\/#organization"},"potentialAction":[{"@type":"SearchAction","target":{"@type":"EntryPoint","urlTemplate":"https:\/\/www.gen-a.es\/ca\/?s={search_term_string}"},"query-input":{"@type":"PropertyValueSpecification","valueRequired":true,"valueName":"search_term_string"}}],"inLanguage":"ca"},{"@type":"Organization","@id":"https:\/\/www.gen-a.es\/ca\/#organization","name":"Gen A","url":"https:\/\/www.gen-a.es\/ca\/","logo":{"@type":"ImageObject","inLanguage":"ca","@id":"https:\/\/www.gen-a.es\/ca\/#\/schema\/logo\/image\/","url":"https:\/\/www.gen-a.es\/wp-content\/uploads\/2019\/09\/Isotipo-Gen-A-Color.png","contentUrl":"https:\/\/www.gen-a.es\/wp-content\/uploads\/2019\/09\/Isotipo-Gen-A-Color.png","width":1000,"height":714,"caption":"Gen A"},"image":{"@id":"https:\/\/www.gen-a.es\/ca\/#\/schema\/logo\/image\/"}}]}},"_links":{"self":[{"href":"https:\/\/www.gen-a.es\/ca\/wp-json\/wp\/v2\/pages\/884","targetHints":{"allow":["GET"]}}],"collection":[{"href":"https:\/\/www.gen-a.es\/ca\/wp-json\/wp\/v2\/pages"}],"about":[{"href":"https:\/\/www.gen-a.es\/ca\/wp-json\/wp\/v2\/types\/page"}],"author":[{"embeddable":true,"href":"https:\/\/www.gen-a.es\/ca\/wp-json\/wp\/v2\/users\/2"}],"replies":[{"embeddable":true,"href":"https:\/\/www.gen-a.es\/ca\/wp-json\/wp\/v2\/comments?post=884"}],"version-history":[{"count":0,"href":"https:\/\/www.gen-a.es\/ca\/wp-json\/wp\/v2\/pages\/884\/revisions"}],"wp:featuredmedia":[{"embeddable":true,"href":"https:\/\/www.gen-a.es\/ca\/wp-json\/wp\/v2\/media\/328"}],"wp:attachment":[{"href":"https:\/\/www.gen-a.es\/ca\/wp-json\/wp\/v2\/media?parent=884"}],"curies":[{"name":"wp","href":"https:\/\/api.w.org\/{rel}","templated":true}]}}